{"id":13,"date":"2014-01-14T17:36:55","date_gmt":"2014-01-14T16:36:55","guid":{"rendered":"http:\/\/le-nomade.com\/nomade\/eng\/?page_id=13"},"modified":"2014-11-16T18:19:10","modified_gmt":"2014-11-16T17:19:10","slug":"filemaker","status":"publish","type":"page","link":"http:\/\/le-nomade.com\/nomade\/eng\/filemaker\/","title":{"rendered":"Filemaker"},"content":{"rendered":"<h3>Since 1998, Le Nomade.Com is specialized with Filemaker database.<\/h3>\n<p> The combination between Filemaker and Php is another expertise for Le Nomade.com.<\/p>\n<p>In 2004, Philippe Waterloos has been the co-founder of the francophone filemaker association FMQC.CA.<br \/>\nIn 2005, a session training has been given to the members of the association regarding the development with Php and Fileamaker.<\/p>\n<p><a href=\"http:\/\/le-nomade.com\/nomade\/eng\/wp-content\/uploads\/sites\/2\/2014\/11\/Capture-d\u2019\u00e9cran-2014-11-16-\u00e0-09.30.27.png\"><img loading=\"lazy\" decoding=\"async\" src=\"http:\/\/le-nomade.com\/nomade\/eng\/wp-content\/uploads\/sites\/2\/2014\/11\/Capture-d\u2019\u00e9cran-2014-11-16-\u00e0-09.30.27.png\" alt=\"Capture d\u2019\u00e9cran 2014-11-16 \u00e0 09.30.27\" width=\"996\" height=\"616\" class=\"aligncenter size-full wp-image-180\" srcset=\"http:\/\/le-nomade.com\/nomade\/eng\/wp-content\/uploads\/sites\/2\/2014\/11\/Capture-d\u2019\u00e9cran-2014-11-16-\u00e0-09.30.27.png 996w, http:\/\/le-nomade.com\/nomade\/eng\/wp-content\/uploads\/sites\/2\/2014\/11\/Capture-d\u2019\u00e9cran-2014-11-16-\u00e0-09.30.27-300x185.png 300w\" sizes=\"(max-width: 996px) 100vw, 996px\" \/><\/a><\/p>\n<h3>Recent development<\/h3>\n<p><strong>[ Client:\u00a0<a title=\"Stewart museum micro web site\" href=\"http:\/\/war1812.org\" target=\"_blank\">Stewart museum<\/a>\u00a0]\u00a0Montreal \/ Canada<\/strong><br \/>\nWeb site made with WordPress.\u00a0Php programming and Filemaker database.<\/p>\n<p>This web site, 1812: Archive Secrets is to commemorate the bicentennial anniversary of the War of 1812 by allowing all Canadians to access crucial information. It will also help us understand this defining chapter in our history and the impact it had on our country.<\/p>\n<h3>Previous development<\/h3>\n<p><strong>\u00a0[ Solution: E-Story ]\u00a0Montreal \/ Canada<\/strong><br \/>\nStoryboarding system made with Filemaker.\u00a0Credits: Philippe Waterloos<\/p>\n<p><strong>\u00a0[ Client: Vid\u00e9ographe ]\u00a0Montreal \/ Canada<\/strong><br \/>\nCMS development with a Filemaker database. Design created by a partner.\u00a0<br \/>\nCredits: Philippe Waterloos<\/p>\n<p><strong>[ Solution: CJVMA ]\u00a0Montreal \/ Canada<\/strong><br \/>\nWeb Site of the CJVMA museum, Filemaker programming and web version.\u00a0<br \/>\nCredits: Philippe Waterloos \/ Paisley Software.<\/p>\n<p><strong>\u00a0[ Client: F\u00e9d\u00e9ration des journalistes du Qu\u00e9bec &#8211; FPJQ ]\u00a0Montreal \/ Canada<\/strong><br \/>\nCMS development with a Filemaker database for membership.<br \/>\nWeb site made with Php for database consultation.<\/p>\n<p>&nbsp;<\/p>\n","protected":false},"excerpt":{"rendered":"<p>Since 1998, Le Nomade.Com is specialized with Filemaker database. The combination between Filemaker and Php is another expertise for Le<\/p>\n","protected":false},"author":1,"featured_media":0,"parent":0,"menu_order":0,"comment_status":"open","ping_status":"open","template":"","meta":{"footnotes":""},"_links":{"self":[{"href":"http:\/\/le-nomade.com\/nomade\/eng\/wp-json\/wp\/v2\/pages\/13"}],"collection":[{"href":"http:\/\/le-nomade.com\/nomade\/eng\/wp-json\/wp\/v2\/pages"}],"about":[{"href":"http:\/\/le-nomade.com\/nomade\/eng\/wp-json\/wp\/v2\/types\/page"}],"author":[{"embeddable":true,"href":"http:\/\/le-nomade.com\/nomade\/eng\/wp-json\/wp\/v2\/users\/1"}],"replies":[{"embeddable":true,"href":"http:\/\/le-nomade.com\/nomade\/eng\/wp-json\/wp\/v2\/comments?post=13"}],"version-history":[{"count":10,"href":"http:\/\/le-nomade.com\/nomade\/eng\/wp-json\/wp\/v2\/pages\/13\/revisions"}],"predecessor-version":[{"id":181,"href":"http:\/\/le-nomade.com\/nomade\/eng\/wp-json\/wp\/v2\/pages\/13\/revisions\/181"}],"wp:attachment":[{"href":"http:\/\/le-nomade.com\/nomade\/eng\/wp-json\/wp\/v2\/media?parent=13"}],"curies":[{"name":"wp","href":"https:\/\/api.w.org\/{rel}","templated":true}]}}