{"id":17,"date":"2014-01-14T17:38:09","date_gmt":"2014-01-14T16:38:09","guid":{"rendered":"http:\/\/le-nomade.com\/nomade\/eng\/?page_id=17"},"modified":"2014-09-02T14:43:49","modified_gmt":"2014-09-02T13:43:49","slug":"web-design","status":"publish","type":"page","link":"http:\/\/le-nomade.com\/nomade\/eng\/web-design\/","title":{"rendered":"Web design"},"content":{"rendered":"<h3>Since 1996, Le Nomade.Com is specialised in web design for Internet, Intranet, E-commerce web site.<\/h3>\n<p>Le Nomade.com is present for any Web solutions in Canada and Europe and offers you to develop your Internet strategy to create website (wordpress) with a strong SEO (SEO) and Web marketing analysis.<\/p>\n<p>Our team of consultants will be able to assist you and advise you effectively in your project to create Internet or mobile site. Your business goals and Web strategy will be tailored according to your customers and your budget.<\/p>\n<p>Our expertise acquired since 1996 through the development of multiple websites, makes the Nomade.Com a partner of excellence to carry out your project design and mobile Internet site.<\/p>\n<h2>Recent development<\/h2>\n<p><strong>[ Client:\u00a0<a title=\"Site de l'entreprise Telefaxcommunication\" href=\"http:\/\/telefaxcommunication.com\/\" target=\"_blank\">Telefaxcommunication<\/a>\u00a0]\u00a0Montr\u00e9al \/ Canada<\/strong><br \/>\nSEO contract. Improved ranking in search engines.<\/p>\n<p>TELEFAX Communication is a company specialized in the implementation of IP telephony, business and residential internet connection cable and ADSL, IP security camera. More information at\u00a0\u00a0<a title=\"Site de l'entreprise sp\u00e9cialis\u00e9 en t\u00e9l\u00e9phonie ip\" href=\"http:\/\/telefaxcommunication.com\/\" target=\"_blank\">http:\/\/telefaxcommunication.com<\/a><\/p>\n<p><strong>[ Client:\u00a0<a title=\"Micro web site - Stewart museum\" href=\"http:\/\/guerre1812.org\" target=\"_blank\">Stewart museum<\/a>\u00a0]\u00a0Montreal \/ Canada<\/strong><br \/>\nWeb site made with WordPress. Php programming and Filemaker database.<\/p>\n<p>This web site, 1812: Archive Secrets is to commemorate the bicentennial anniversary of the War of 1812 by allowing all Canadians to access crucial information. It will also help us understand this defining chapter in our history and the impact it had on our country.<\/p>\n<p>&nbsp;<\/p>\n<h2>Previous development<\/h2>\n<p><strong>[ Client:\u00a0<a title=\"Site de massoth\u00e9rapire\" href=\"http:\/\/massobamboo.com\/\" target=\"_blank\">MassoBamboo<\/a>\u00a0]\u00a0Montreal \/ Canada<\/strong><br \/>\nWeb site made with WordPress.<\/p>\n<p>This web site is to present massotherapy services of Danielle Duceppe.<\/p>\n<p><strong>[ Solution: CJVMA ]\u00a0Montreal \/ Canada<\/strong><br \/>\nWeb Site of the CJVMA museum, Filemaker programming and web version.<br \/>\nCredits: Philippe Waterloos \/ Paisley Software.<\/p>\n<p><strong>\u00a0[ Client: F\u00e9d\u00e9ration des journalistes du Qu\u00e9bec &#8211; FPJQ ]\u00a0Montreal \/ Canada<\/strong><br \/>\nCMS development with a Filemaker database for membership.<br \/>\nWeb site made with Php for database consultation.<\/p>\n","protected":false},"excerpt":{"rendered":"<p>Since 1996, Le Nomade.Com is specialised in web design for Internet, Intranet, E-commerce web site. Le Nomade.com is present for<\/p>\n","protected":false},"author":1,"featured_media":0,"parent":0,"menu_order":0,"comment_status":"open","ping_status":"open","template":"","meta":{"footnotes":""},"_links":{"self":[{"href":"http:\/\/le-nomade.com\/nomade\/eng\/wp-json\/wp\/v2\/pages\/17"}],"collection":[{"href":"http:\/\/le-nomade.com\/nomade\/eng\/wp-json\/wp\/v2\/pages"}],"about":[{"href":"http:\/\/le-nomade.com\/nomade\/eng\/wp-json\/wp\/v2\/types\/page"}],"author":[{"embeddable":true,"href":"http:\/\/le-nomade.com\/nomade\/eng\/wp-json\/wp\/v2\/users\/1"}],"replies":[{"embeddable":true,"href":"http:\/\/le-nomade.com\/nomade\/eng\/wp-json\/wp\/v2\/comments?post=17"}],"version-history":[{"count":9,"href":"http:\/\/le-nomade.com\/nomade\/eng\/wp-json\/wp\/v2\/pages\/17\/revisions"}],"predecessor-version":[{"id":154,"href":"http:\/\/le-nomade.com\/nomade\/eng\/wp-json\/wp\/v2\/pages\/17\/revisions\/154"}],"wp:attachment":[{"href":"http:\/\/le-nomade.com\/nomade\/eng\/wp-json\/wp\/v2\/media?parent=17"}],"curies":[{"name":"wp","href":"https:\/\/api.w.org\/{rel}","templated":true}]}}