{"id":288,"date":"2015-03-30T13:03:16","date_gmt":"2015-03-30T12:03:16","guid":{"rendered":"http:\/\/le-nomade.com\/nomade\/eng\/?page_id=288"},"modified":"2015-03-30T13:04:49","modified_gmt":"2015-03-30T12:04:49","slug":"facebook","status":"publish","type":"page","link":"http:\/\/le-nomade.com\/nomade\/eng\/contact\/facebook\/","title":{"rendered":"Facebook"},"content":{"rendered":"<div style=\"float: left;  margin: 15px;\">\n<h3 class=\"widget title\">Official account<\/h3>\n<div class=\"fb-social-plugin fb-like-box\" data-href=\"https:\/\/www.facebook.com\/lenomadecom\" data-show-faces=\"true\" data-stream=\"true\"><\/div>\n<\/div>\n<div style=\"float: left; margin: 15px;\">\n<h3 class=\"widget title\">500px photographer <\/h3>\n<div class=\"fb-social-plugin fb-like-box\" data-href=\"https:\/\/www.facebook.com\/500pxuser\" data-show-faces=\"true\" data-stream=\"true\"><\/div>\n<\/div>\n<div style=\"float: left; margin: 15px;\">\n<h3 class=\"widget title\">Electric Scooters<\/h3>\n<div class=\"fb-social-plugin fb-like-box\" data-href=\"https:\/\/www.facebook.com\/pages\/Scooter-\u00e9lectrique-\u00e0-Montr\u00e9al\/137373986335635\" data-show-faces=\"true\" data-stream=\"true\"><\/div>\n<\/div>\n","protected":false},"excerpt":{"rendered":"<p>Official account 500px photographer Electric Scooters<\/p>\n","protected":false},"author":1,"featured_media":0,"parent":6,"menu_order":0,"comment_status":"closed","ping_status":"closed","template":"","meta":{"footnotes":""},"_links":{"self":[{"href":"http:\/\/le-nomade.com\/nomade\/eng\/wp-json\/wp\/v2\/pages\/288"}],"collection":[{"href":"http:\/\/le-nomade.com\/nomade\/eng\/wp-json\/wp\/v2\/pages"}],"about":[{"href":"http:\/\/le-nomade.com\/nomade\/eng\/wp-json\/wp\/v2\/types\/page"}],"author":[{"embeddable":true,"href":"http:\/\/le-nomade.com\/nomade\/eng\/wp-json\/wp\/v2\/users\/1"}],"replies":[{"embeddable":true,"href":"http:\/\/le-nomade.com\/nomade\/eng\/wp-json\/wp\/v2\/comments?post=288"}],"version-history":[{"count":3,"href":"http:\/\/le-nomade.com\/nomade\/eng\/wp-json\/wp\/v2\/pages\/288\/revisions"}],"predecessor-version":[{"id":291,"href":"http:\/\/le-nomade.com\/nomade\/eng\/wp-json\/wp\/v2\/pages\/288\/revisions\/291"}],"up":[{"embeddable":true,"href":"http:\/\/le-nomade.com\/nomade\/eng\/wp-json\/wp\/v2\/pages\/6"}],"wp:attachment":[{"href":"http:\/\/le-nomade.com\/nomade\/eng\/wp-json\/wp\/v2\/media?parent=288"}],"curies":[{"name":"wp","href":"https:\/\/api.w.org\/{rel}","templated":true}]}}