{"id":1407,"date":"2015-08-08T12:45:29","date_gmt":"2015-08-08T12:45:29","guid":{"rendered":"http:\/\/le-nomade.com\/nomade\/?page_id=1407"},"modified":"2015-08-08T14:49:12","modified_gmt":"2015-08-08T14:49:12","slug":"chihuly-a-montreal","status":"publish","type":"page","link":"http:\/\/le-nomade.com\/nomade\/photographie-au-canada\/exposition-photographique\/chihuly-a-montreal\/","title":{"rendered":"CHIHULY \u00e0 Montr\u00e9al"},"content":{"rendered":"<h2>L\u2019exposition photographique de Philippe Waterloos \u00e0 Montr\u00e9al<\/h2>\n<h4>Comment aller sur le lieu de prise de vue \u00e0 partir de l&rsquo;auberge ?<\/h4>\n<h4>How to get to the place where you can take the same picture?<\/h4>\n<p><iframe loading=\"lazy\" style=\"border: 0;\" src=\"https:\/\/www.google.com\/maps\/embed?pb=!1m28!1m12!1m3!1d22372.224810522523!2d-73.58494705127298!3d45.49944676441052!2m3!1f0!2f0!3f0!3m2!1i1024!2i768!4f13.1!4m13!3e2!4m5!1s0x4cc91a58e3550215%3A0x931ebcd979157df1!2sAuberge+Alternative+du+Vieux-Montr%C3%A9al+Inc.%2C+Montr%C3%A9al%2C+QC!3m2!1d45.501016!2d-73.556111!4m5!1s0x4cc91a401792c065%3A0xd6c96c76106b35b0!2sMus%C3%A9e+des+beaux-arts+de+Montr%C3%A9al+1380+Rue+Sherbrooke+O!3m2!1d45.4985219!2d-73.5794001!5e0!3m2!1sfr!2sca!4v1439036143785\" width=\"600\" height=\"450\" frameborder=\"0\" allowfullscreen=\"allowfullscreen\"><\/iframe><\/p>\n<p>&nbsp;<\/p>\n<figure id=\"attachment_1413\" aria-describedby=\"caption-attachment-1413\" style=\"width: 150px\" class=\"wp-caption alignleft\"><a href=\"https:\/\/500px.com\/photo\/106684073\/verrres-by-philippe-waterloos?from=set&amp;set_id=2271397\" target=\"_blank\"><img loading=\"lazy\" decoding=\"async\" class=\"wp-image-1413 size-thumbnail\" src=\"http:\/\/le-nomade.com\/nomade\/wp-content\/uploads\/2015\/08\/Capture-d\u2019\u00e9cran-2015-08-08-\u00e0-08.49.24-150x150.png\" alt=\"CHIHULY\" width=\"150\" height=\"150\" srcset=\"http:\/\/le-nomade.com\/nomade\/wp-content\/uploads\/2015\/08\/Capture-d\u2019\u00e9cran-2015-08-08-\u00e0-08.49.24-150x150.png 150w, http:\/\/le-nomade.com\/nomade\/wp-content\/uploads\/2015\/08\/Capture-d\u2019\u00e9cran-2015-08-08-\u00e0-08.49.24-225x225.png 225w, http:\/\/le-nomade.com\/nomade\/wp-content\/uploads\/2015\/08\/Capture-d\u2019\u00e9cran-2015-08-08-\u00e0-08.49.24-60x60.png 60w\" sizes=\"(max-width: 150px) 100vw, 150px\" \/><\/a><figcaption id=\"caption-attachment-1413\" class=\"wp-caption-text\">CHIHULY<\/figcaption><\/figure>\n<p>&nbsp;<\/p>\n<h3>Acheter cette image ou ses produits d\u00e9riv\u00e9s \/ Buy this picture or objects made with this picture.<\/h3>\n<p><a href=\"https:\/\/500px.com\/photo\/106684073\/verrres-by-philippe-waterloos?from=set&amp;set_id=2271397\" target=\"_blank\">https:\/\/500px.com\/photo\/106684073\/verrres-by-philippe-waterloos?from=set&amp;set_id=2271397 <\/a><\/p>\n<p><a href=\"https:\/\/society6.com\/product\/verre_print#1=45\" target=\"_blank\">https:\/\/society6.com\/product\/verre_print#1=45<\/a><\/p>\n<p><a href=\"https:\/\/society6.com\/product\/verre_print#1=45\" target=\"_blank\"><img loading=\"lazy\" decoding=\"async\" class=\"alignleft size-full wp-image-1425\" src=\"http:\/\/le-nomade.com\/nomade\/wp-content\/uploads\/2015\/08\/Capture-d\u2019\u00e9cran-2015-08-08-\u00e0-09.19.59.png\" alt=\"Capture d\u2019\u00e9cran 2015-08-08 \u00e0 09.19.59\" width=\"960\" height=\"155\" srcset=\"http:\/\/le-nomade.com\/nomade\/wp-content\/uploads\/2015\/08\/Capture-d\u2019\u00e9cran-2015-08-08-\u00e0-09.19.59.png 960w, http:\/\/le-nomade.com\/nomade\/wp-content\/uploads\/2015\/08\/Capture-d\u2019\u00e9cran-2015-08-08-\u00e0-09.19.59-300x48.png 300w\" sizes=\"(max-width: 960px) 100vw, 960px\" \/><\/a><\/p>\n","protected":false},"excerpt":{"rendered":"<p>L\u2019exposition photographique de Philippe Waterloos \u00e0 Montr\u00e9al Comment aller sur le lieu de prise de vue \u00e0 partir de l&rsquo;auberge<\/p>\n","protected":false},"author":1,"featured_media":0,"parent":1420,"menu_order":0,"comment_status":"open","ping_status":"open","template":"template-fullwidth.php","meta":{"footnotes":""},"_links":{"self":[{"href":"http:\/\/le-nomade.com\/nomade\/wp-json\/wp\/v2\/pages\/1407"}],"collection":[{"href":"http:\/\/le-nomade.com\/nomade\/wp-json\/wp\/v2\/pages"}],"about":[{"href":"http:\/\/le-nomade.com\/nomade\/wp-json\/wp\/v2\/types\/page"}],"author":[{"embeddable":true,"href":"http:\/\/le-nomade.com\/nomade\/wp-json\/wp\/v2\/users\/1"}],"replies":[{"embeddable":true,"href":"http:\/\/le-nomade.com\/nomade\/wp-json\/wp\/v2\/comments?post=1407"}],"version-history":[{"count":16,"href":"http:\/\/le-nomade.com\/nomade\/wp-json\/wp\/v2\/pages\/1407\/revisions"}],"predecessor-version":[{"id":1437,"href":"http:\/\/le-nomade.com\/nomade\/wp-json\/wp\/v2\/pages\/1407\/revisions\/1437"}],"up":[{"embeddable":true,"href":"http:\/\/le-nomade.com\/nomade\/wp-json\/wp\/v2\/pages\/1420"}],"wp:attachment":[{"href":"http:\/\/le-nomade.com\/nomade\/wp-json\/wp\/v2\/media?parent=1407"}],"curies":[{"name":"wp","href":"https:\/\/api.w.org\/{rel}","templated":true}]}}