{"id":1448,"date":"2015-08-11T20:36:09","date_gmt":"2015-08-11T20:36:09","guid":{"rendered":"http:\/\/le-nomade.com\/nomade\/?page_id=1448"},"modified":"2015-08-11T20:38:52","modified_gmt":"2015-08-11T20:38:52","slug":"feuilles-dautomne","status":"publish","type":"page","link":"http:\/\/le-nomade.com\/nomade\/photographie-au-canada\/exposition-photographique\/feuilles-dautomne\/","title":{"rendered":"Feuilles d&rsquo;automne"},"content":{"rendered":"<h2>L\u2019exposition photographique de Philippe Waterloos \u00e0 Montr\u00e9al<\/h2>\n<figure id=\"attachment_1413\" aria-describedby=\"caption-attachment-1413\" style=\"width: 150px\" class=\"wp-caption alignleft\"><a href=\"https:\/\/500px.com\/photo\/87019009\/printed-leaf-3-by-philippe-waterloos?from=set&amp;set_id=2271397\" target=\"_blank\"><img loading=\"lazy\" decoding=\"async\" class=\"wp-image-1413 size-thumbnail\" src=\"http:\/\/le-nomade.com\/nomade\/wp-content\/uploads\/2015\/08\/Capture-d\u2019\u00e9cran-2015-08-11-\u00e0-16.34.26-150x150.png\" alt=\"Fresque am\u00e9rindienne\" width=\"150\" height=\"150\" \/><\/a><figcaption id=\"caption-attachment-1413\" class=\"wp-caption-text\">Feuilles d&rsquo;automne<\/figcaption><\/figure>\n<p>&nbsp;<\/p>\n<h3>Acheter cette image ou ses produits d\u00e9riv\u00e9s \/ Buy this picture or objects made with this picture.<\/h3>\n<p><a href=\"https:\/\/500px.com\/photo\/87019009\/printed-leaf-3-by-philippe-waterloos?from=set&amp;set_id=2271397\" target=\"_blank\">https:\/\/500px.com\/photo\/87019009\/printed-leaf-3-by-philippe-waterloos?from=set&amp;set_id=2271397<\/a><\/p>\n<p><span data-sheets-value=\"[null,2,&quot;https:\/\/society6.com\/product\/feuille-drable_print#1=45&quot;]\" data-sheets-userformat=\"[null,null,513,[null,0],null,null,null,null,null,null,null,null,0]\"><a class=\"in-cell-link\" href=\"https:\/\/society6.com\/product\/feuille-drable_print#1=45\" target=\"_blank\">https:\/\/society6.com\/product\/feuille-drable_print#1=45<\/a><\/span><\/p>\n<p>&nbsp;<\/p>\n<p>&nbsp;<\/p>\n<p><a href=\"https:\/\/society6.com\/product\/feuille-drable_print#1=45\" target=\"_blank\"><img loading=\"lazy\" decoding=\"async\" class=\"alignleft size-full wp-image-1451\" src=\"http:\/\/le-nomade.com\/nomade\/wp-content\/uploads\/2015\/08\/Capture-d\u2019\u00e9cran-2015-08-11-\u00e0-16.36.22.png\" alt=\"Capture d\u2019\u00e9cran 2015-08-11 \u00e0 16.36.22\" width=\"963\" height=\"163\" srcset=\"http:\/\/le-nomade.com\/nomade\/wp-content\/uploads\/2015\/08\/Capture-d\u2019\u00e9cran-2015-08-11-\u00e0-16.36.22.png 963w, http:\/\/le-nomade.com\/nomade\/wp-content\/uploads\/2015\/08\/Capture-d\u2019\u00e9cran-2015-08-11-\u00e0-16.36.22-300x51.png 300w\" sizes=\"(max-width: 963px) 100vw, 963px\" \/><\/a><\/p>\n","protected":false},"excerpt":{"rendered":"<p>L\u2019exposition photographique de Philippe Waterloos \u00e0 Montr\u00e9al &nbsp; Acheter cette image ou ses produits d\u00e9riv\u00e9s \/ Buy this picture or<\/p>\n","protected":false},"author":1,"featured_media":0,"parent":1420,"menu_order":0,"comment_status":"open","ping_status":"open","template":"template-fullwidth.php","meta":{"footnotes":""},"_links":{"self":[{"href":"http:\/\/le-nomade.com\/nomade\/wp-json\/wp\/v2\/pages\/1448"}],"collection":[{"href":"http:\/\/le-nomade.com\/nomade\/wp-json\/wp\/v2\/pages"}],"about":[{"href":"http:\/\/le-nomade.com\/nomade\/wp-json\/wp\/v2\/types\/page"}],"author":[{"embeddable":true,"href":"http:\/\/le-nomade.com\/nomade\/wp-json\/wp\/v2\/users\/1"}],"replies":[{"embeddable":true,"href":"http:\/\/le-nomade.com\/nomade\/wp-json\/wp\/v2\/comments?post=1448"}],"version-history":[{"count":4,"href":"http:\/\/le-nomade.com\/nomade\/wp-json\/wp\/v2\/pages\/1448\/revisions"}],"predecessor-version":[{"id":1454,"href":"http:\/\/le-nomade.com\/nomade\/wp-json\/wp\/v2\/pages\/1448\/revisions\/1454"}],"up":[{"embeddable":true,"href":"http:\/\/le-nomade.com\/nomade\/wp-json\/wp\/v2\/pages\/1420"}],"wp:attachment":[{"href":"http:\/\/le-nomade.com\/nomade\/wp-json\/wp\/v2\/media?parent=1448"}],"curies":[{"name":"wp","href":"https:\/\/api.w.org\/{rel}","templated":true}]}}