{"id":1506,"date":"2015-08-18T17:22:39","date_gmt":"2015-08-18T17:22:39","guid":{"rendered":"http:\/\/le-nomade.com\/nomade\/?page_id=1506"},"modified":"2015-08-18T17:27:39","modified_gmt":"2015-08-18T17:27:39","slug":"ecureuil-de-montreal","status":"publish","type":"page","link":"http:\/\/le-nomade.com\/nomade\/photographie-au-canada\/exposition-photographique\/ecureuil-de-montreal\/","title":{"rendered":"\u00c9cureuil de Montr\u00e9al"},"content":{"rendered":"<h2>L\u2019exposition photographique de Philippe Waterloos \u00e0 Montr\u00e9al<\/h2>\n<p>D\u00e9sol\u00e9 pas de carte pour trouver des \u00e9cureuils \u00e0 Montr\u00e9al, ils sont partout !<br \/>\nSorry, no map available to find squirrels, they are everywhere in the city!<\/p>\n<figure id=\"attachment_1432\" aria-describedby=\"caption-attachment-1432\" style=\"width: 150px\" class=\"wp-caption alignleft\"><a href=\"https:\/\/500px.com\/photo\/110783463\/\u00c9cureuil-by-philippe-waterloos?from=set&amp;set_id=2271397\" target=\"_blank\"><img loading=\"lazy\" decoding=\"async\" class=\"wp-image-1432 size-thumbnail\" src=\"http:\/\/le-nomade.com\/nomade\/wp-content\/uploads\/2015\/08\/Capture-d\u2019\u00e9cran-2015-08-18-\u00e0-13.25.30-150x150.png\" alt=\"\u00c9cureuil de Montr\u00e9al\" width=\"150\" height=\"150\" \/><\/a><figcaption id=\"caption-attachment-1432\" class=\"wp-caption-text\">\u00c9cureuil de Montr\u00e9al<\/figcaption><\/figure>\n<h3>Acheter cette image d&rsquo;\u00e9cureuil ou ses produits d\u00e9riv\u00e9s \/ Buy this picture or objects made with this picture.<\/h3>\n<p><a href=\"https:\/\/500px.com\/photo\/110783463\/\u00c9cureuil-by-philippe-waterloos?from=set&amp;set_id=2271397\" target=\"_blank\">https:\/\/500px.com\/photo\/110783463\/\u00c9cureuil-by-philippe-waterloos?from=set&amp;set_id=2271397<\/a><\/p>\n","protected":false},"excerpt":{"rendered":"<p>L\u2019exposition photographique de Philippe Waterloos \u00e0 Montr\u00e9al D\u00e9sol\u00e9 pas de carte pour trouver des \u00e9cureuils \u00e0 Montr\u00e9al, ils sont partout<\/p>\n","protected":false},"author":1,"featured_media":0,"parent":1420,"menu_order":0,"comment_status":"open","ping_status":"open","template":"template-fullwidth.php","meta":{"footnotes":""},"_links":{"self":[{"href":"http:\/\/le-nomade.com\/nomade\/wp-json\/wp\/v2\/pages\/1506"}],"collection":[{"href":"http:\/\/le-nomade.com\/nomade\/wp-json\/wp\/v2\/pages"}],"about":[{"href":"http:\/\/le-nomade.com\/nomade\/wp-json\/wp\/v2\/types\/page"}],"author":[{"embeddable":true,"href":"http:\/\/le-nomade.com\/nomade\/wp-json\/wp\/v2\/users\/1"}],"replies":[{"embeddable":true,"href":"http:\/\/le-nomade.com\/nomade\/wp-json\/wp\/v2\/comments?post=1506"}],"version-history":[{"count":7,"href":"http:\/\/le-nomade.com\/nomade\/wp-json\/wp\/v2\/pages\/1506\/revisions"}],"predecessor-version":[{"id":1514,"href":"http:\/\/le-nomade.com\/nomade\/wp-json\/wp\/v2\/pages\/1506\/revisions\/1514"}],"up":[{"embeddable":true,"href":"http:\/\/le-nomade.com\/nomade\/wp-json\/wp\/v2\/pages\/1420"}],"wp:attachment":[{"href":"http:\/\/le-nomade.com\/nomade\/wp-json\/wp\/v2\/media?parent=1506"}],"curies":[{"name":"wp","href":"https:\/\/api.w.org\/{rel}","templated":true}]}}