{"id":1764,"date":"2016-03-14T14:02:36","date_gmt":"2016-03-14T14:02:36","guid":{"rendered":"http:\/\/le-nomade.com\/nomade\/?page_id=1764"},"modified":"2017-12-09T14:27:48","modified_gmt":"2017-12-09T14:27:48","slug":"phil","status":"publish","type":"page","link":"http:\/\/le-nomade.com\/nomade\/phil\/","title":{"rendered":"Philippe Waterloos &#8211; Photographe &#8211; Photograph"},"content":{"rendered":"<h1>Who is Philippe Waterloos?<\/h1>\n<p>If you are looking for a professional photographer for any photographic work, hire me, Philippe Waterloos, and take a moment to browse my\u00a0photography examples.<\/p>\n<p>Since 2007, photography is part of my\u00a0services and all my\u00a0photo are distributed on the Fotolia web site, now Adobe, 500px and <strong>Best Buy Price<\/strong> the following addresses:<\/p>\n<p><a href=\"https:\/\/us.fotolia.com\/p\/200438086\" target=\"_blank\" rel=\"noopener\">https:\/\/us.fotolia.com\/p\/200438086<\/a>\u00a0,\u00a0<a title=\"500px\" href=\"http:\/\/500px.com\/lenomadecom\/store\" target=\"_blank\" rel=\"noopener\">http:\/\/500px.com\/lenomadecom\/store<\/a>\u00a0(canvas and download)\u00a0<a href=\"https:\/\/society6.com\/lenomadecom\">https:\/\/society6.com\/lenomadecom<\/a>\u00a0(products with our photography, Mugs, iPad cases, etc..)<\/p>\n<p>Since 2014, I started to use the <strong>society6<\/strong> web site to create new products such as mugs, t-shirts, duvet covers, wall clocks, etc.. In 2016, january, more than <strong>1200 products<\/strong> were available on this site.<\/p>\n<p>In 2017, I started my own store on <a href=\"https:\/\/bestbuyprice.shop\/\">Best Buy Price<\/a>\u00a0using the Shopify market place. The idea behind that is to suggest all my best design to new clients on multiple items and also gadgets that I like to resell.<\/p>\n<p><a href=\"https:\/\/bestbuyprice.shop\/\" rel=\"https:\/\/bestbuyprice.shop\/\"><img loading=\"lazy\" decoding=\"async\" class=\"alignleft wp-image-1677 size-medium\" src=\"http:\/\/le-nomade.com\/nomade\/wp-content\/uploads\/2016\/02\/Capture-d\u2019\u00e9cran-2016-01-31-\u00e0-21.36.58-300x75.png\" alt=\"Capture d\u2019\u00e9cran 2016-01-31 \u00e0 21.36.58\" width=\"300\" height=\"75\" srcset=\"http:\/\/le-nomade.com\/nomade\/wp-content\/uploads\/2016\/02\/Capture-d\u2019\u00e9cran-2016-01-31-\u00e0-21.36.58-300x75.png 300w, http:\/\/le-nomade.com\/nomade\/wp-content\/uploads\/2016\/02\/Capture-d\u2019\u00e9cran-2016-01-31-\u00e0-21.36.58.png 836w\" sizes=\"(max-width: 300px) 100vw, 300px\" \/><\/a><\/p>\n<p>&nbsp;<\/p>\n<p>&nbsp;<\/p>\n<p>&nbsp;<\/p>\n<h1>Qui est Philippe Waterloos\u00a0?<\/h1>\n<p>Si vous \u00eates \u00e0 la recherche d\u2019un photographe professionnel pour un travail photographique, engagez moi ! Je me nomme\u00a0<strong>Philippe Waterloos<\/strong>\u00a0et prenez quelques instants pour parcourir les\u00a0exemples de mes photographies\u2026<\/p>\n<p>Depuis 2007, la photographie fait partie du panel de services de mon entreprise et ces photographies sont distribu\u00e9es sur le site de <strong>Fotolia, maintenant Adobe,<\/strong>\u00a0<strong>500px<\/strong>\u00a0et <strong>Best Buy Price<\/strong>.<\/p>\n<p>Depuis 2014, j&rsquo;ai aussi commenc\u00e9 a monter une collection de produits bas\u00e9s sur mes photographies :\u00a0<a href=\"https:\/\/society6.com\/lenomadecom\">https:\/\/society6.com\/lenomadecom<\/a>\u00a0\u2013 Produits photographiques, tasses, protecteur d\u2019ordinateur, t-shirts, etc.. En janvier 2016, je r\u00e9pertoriais d\u00e9j\u00e0 plus de 1200 produits de disponibles sur cette plateforme de vente.<\/p>\n<p>En 2017, j&rsquo;ai d\u00e9marr\u00e9 ma boutique en <strong>Shopify<\/strong> et qui se nomme\u00a0<a href=\"https:\/\/bestbuyprice.shop\/\">Best Buy Price<\/a>. L&rsquo;id\u00e9e des ce magasin en ligne est de r\u00e9pertorier uniquement mes meilleurs designs d\u00e9clin\u00e9s sur de multiple produits physique, tasse \u00e0 caf\u00e9, t-shirts, sac \u00e0 main, etc&#8230;<\/p>\n<p>&nbsp;<\/p>\n<p><a href=\"https:\/\/bestbuyprice.shop\/\" target=\"_blank\" rel=\"noopener\"><img loading=\"lazy\" decoding=\"async\" class=\"alignleft wp-image-393 size-full\" src=\"http:\/\/le-nomade.com\/nomade\/eng\/wp-content\/uploads\/sites\/2\/2014\/01\/Capture-d%E2%80%99%C3%A9cran-2015-08-11-%C3%A0-16.36.22.png\" alt=\"Capture d\u2019\u00e9cran 2015-08-11 \u00e0 16.36.22\" width=\"963\" height=\"163\" \/><\/a><\/p>\n<p>&nbsp;<\/p>\n<p>&nbsp;<\/p>\n<h3>Portfolio and\/et web sites<\/h3>\n<p><a href=\"https:\/\/bestbuyprice.shop\">https:\/\/bestbuyprice.shop<\/a><\/p>\n<p><a title=\"500px\" href=\"http:\/\/lenomadecom.500px.com\/\" target=\"_blank\" rel=\"noopener\">http:\/\/lenomadecom.500px.com<\/a><\/p>\n<p><a href=\"https:\/\/society6.com\/lenomadecom\" target=\"_blank\" rel=\"noopener\">https:\/\/society6.com\/lenomadecom<\/a><\/p>\n<p><a title=\"My Photo Agency\" href=\"http:\/\/www.myphotoagency.com\/philippe-waterloos\" target=\"_blank\" rel=\"noopener\">http:\/\/www.myphotoagency.com\/philippe-waterloos<\/a><\/p>\n<p><a href=\"https:\/\/us.fotolia.com\/p\/200438086\" target=\"_blank\" rel=\"noopener\">https:\/\/us.fotolia.com\/p\/200438086<\/a><\/p>\n<p><a title=\"Flickr account- le nomade.com\" href=\"http:\/\/www.flickr.com\/photos\/36401282@N08\/\" target=\"_blank\" rel=\"noopener\">http:\/\/www.flickr.com\/photos\/36401282@N08\/<\/a><\/p>\n<h4>Twitter<\/h4>\n<p><a title=\"Twitter account - photography\" href=\"https:\/\/twitter.com\/photoartproduct\" target=\"_blank\" rel=\"noopener\">https:\/\/twitter.com\/photoartproduct<\/a><\/p>\n<h4>Instagram<\/h4>\n<p><a href=\"https:\/\/www.instagram.com\/artistephotographe\/\" target=\"_blank\" rel=\"noopener\">https:\/\/www.instagram.com\/artistephotographe\/<\/a><\/p>\n<p><a href=\"https:\/\/www.instagram.com\/bestbuypriceshop\/\">https:\/\/www.instagram.com\/bestbuypriceshop\/<\/a><\/p>\n<p><a href=\"http:\/\/le-nomade.com\/nomade\/wp-content\/uploads\/2016\/03\/Capture-d\u2019e\u0301cran-2016-03-14-a\u0300-10.04.47.png\"><img loading=\"lazy\" decoding=\"async\" class=\"alignleft size-full wp-image-1768\" src=\"http:\/\/le-nomade.com\/nomade\/wp-content\/uploads\/2016\/03\/Capture-d\u2019e\u0301cran-2016-03-14-a\u0300-10.04.47.png\" alt=\"Capture d\u2019e\u0301cran 2016-03-14 a\u0300 10.04.47\" width=\"741\" height=\"230\" srcset=\"http:\/\/le-nomade.com\/nomade\/wp-content\/uploads\/2016\/03\/Capture-d\u2019e\u0301cran-2016-03-14-a\u0300-10.04.47.png 741w, http:\/\/le-nomade.com\/nomade\/wp-content\/uploads\/2016\/03\/Capture-d\u2019e\u0301cran-2016-03-14-a\u0300-10.04.47-300x93.png 300w\" sizes=\"(max-width: 741px) 100vw, 741px\" \/><\/a><\/p>\n","protected":false},"excerpt":{"rendered":"<p>Who is Philippe Waterloos? If you are looking for a professional photographer for any photographic work, hire me, Philippe Waterloos,<\/p>\n","protected":false},"author":1,"featured_media":0,"parent":0,"menu_order":0,"comment_status":"open","ping_status":"open","template":"","meta":{"footnotes":""},"_links":{"self":[{"href":"http:\/\/le-nomade.com\/nomade\/wp-json\/wp\/v2\/pages\/1764"}],"collection":[{"href":"http:\/\/le-nomade.com\/nomade\/wp-json\/wp\/v2\/pages"}],"about":[{"href":"http:\/\/le-nomade.com\/nomade\/wp-json\/wp\/v2\/types\/page"}],"author":[{"embeddable":true,"href":"http:\/\/le-nomade.com\/nomade\/wp-json\/wp\/v2\/users\/1"}],"replies":[{"embeddable":true,"href":"http:\/\/le-nomade.com\/nomade\/wp-json\/wp\/v2\/comments?post=1764"}],"version-history":[{"count":9,"href":"http:\/\/le-nomade.com\/nomade\/wp-json\/wp\/v2\/pages\/1764\/revisions"}],"predecessor-version":[{"id":1964,"href":"http:\/\/le-nomade.com\/nomade\/wp-json\/wp\/v2\/pages\/1764\/revisions\/1964"}],"wp:attachment":[{"href":"http:\/\/le-nomade.com\/nomade\/wp-json\/wp\/v2\/media?parent=1764"}],"curies":[{"name":"wp","href":"https:\/\/api.w.org\/{rel}","templated":true}]}}