{"id":1774,"date":"2016-03-15T02:42:54","date_gmt":"2016-03-15T02:42:54","guid":{"rendered":"http:\/\/le-nomade.com\/nomade\/?page_id=1774"},"modified":"2016-03-15T02:51:44","modified_gmt":"2016-03-15T02:51:44","slug":"forfait-de-formation-infolettre","status":"publish","type":"page","link":"http:\/\/le-nomade.com\/nomade\/forfaits\/forfait-de-formation-infolettre\/","title":{"rendered":"Forfait de formation infolettre"},"content":{"rendered":"<div class=\"ev-item full_date\">\n<h2 class=\"ev-data full_date\">Formation et atelier\u00a0pour g\u00e9rer vos infolettres<\/h2>\n<\/div>\n<div class=\"ev-item event_description\">\n<div class=\"ev-data event_description\">\n<p><a href=\"http:\/\/le-nomade.com\/nomade\/wp-content\/uploads\/2016\/03\/Capture-d\u2019e\u0301cran-2016-03-14-a\u0300-22.40.03.png\"><img loading=\"lazy\" decoding=\"async\" class=\"alignleft size-medium wp-image-1775\" src=\"http:\/\/le-nomade.com\/nomade\/wp-content\/uploads\/2016\/03\/Capture-d\u2019e\u0301cran-2016-03-14-a\u0300-22.40.03-300x166.png\" alt=\"Capture d\u2019e\u0301cran 2016-03-14 a\u0300 22.40.03\" width=\"300\" height=\"166\" srcset=\"http:\/\/le-nomade.com\/nomade\/wp-content\/uploads\/2016\/03\/Capture-d\u2019e\u0301cran-2016-03-14-a\u0300-22.40.03-300x166.png 300w, http:\/\/le-nomade.com\/nomade\/wp-content\/uploads\/2016\/03\/Capture-d\u2019e\u0301cran-2016-03-14-a\u0300-22.40.03.png 803w\" sizes=\"(max-width: 300px) 100vw, 300px\" \/><\/a><\/p>\n<p>La\u00a0formation de base porte sur la cr\u00e9ation en moins de 2 heures d\u2019un bulletin de nouvelles pour votre entreprise :<\/p>\n<ul>\n<li>Comment cr\u00e9er un bulletin facilement.<\/li>\n<li>Comment cr\u00e9er une liste d\u2019abonn\u00e9(e)s.<\/li>\n<li>Comment utiliser MailChimp gratuitement.<\/li>\n<li>Comment suivre les stats dans Google Analytic.<\/li>\n<\/ul>\n<p>Cette formation est pr\u00e9sent\u00e9 par Philippe Waterloos au centre de Coworking Rive-Sud \u00e0 Longueuil.<\/p>\n<h3>Comment b\u00e2tir efficacement une infolettre Web ?<\/h3>\n<p>La formation compl\u00e9mentaire pourra vous \u00e9clairer davantage sur diff\u00e9rentes strat\u00e9gies dans la cr\u00e9ation et gestion de vos infolettres.<\/p>\n<h4>Qu\u2019est-ce que le syst\u00e8me Mailchimp ?<\/h4>\n<p>C\u2019est un\u00a0service\u00a0web pour envoyer des\u00a0<strong>courriels en masse<\/strong>. On envoie donc le m\u00eame message \u00e0 des centaines, voire des milliers de personnes en une seule fois.<\/p>\n<h3>Contacter nous pour savoir <a title=\"Contact\" href=\"http:\/\/le-nomade.com\/nomade\/contact\/\">comment vous inscrire.<\/a><\/h3>\n<\/div>\n<\/div>\n","protected":false},"excerpt":{"rendered":"<p>Formation et atelier\u00a0pour g\u00e9rer vos infolettres La\u00a0formation de base porte sur la cr\u00e9ation en moins de 2 heures d\u2019un bulletin<\/p>\n","protected":false},"author":1,"featured_media":0,"parent":627,"menu_order":0,"comment_status":"open","ping_status":"open","template":"","meta":{"footnotes":""},"_links":{"self":[{"href":"http:\/\/le-nomade.com\/nomade\/wp-json\/wp\/v2\/pages\/1774"}],"collection":[{"href":"http:\/\/le-nomade.com\/nomade\/wp-json\/wp\/v2\/pages"}],"about":[{"href":"http:\/\/le-nomade.com\/nomade\/wp-json\/wp\/v2\/types\/page"}],"author":[{"embeddable":true,"href":"http:\/\/le-nomade.com\/nomade\/wp-json\/wp\/v2\/users\/1"}],"replies":[{"embeddable":true,"href":"http:\/\/le-nomade.com\/nomade\/wp-json\/wp\/v2\/comments?post=1774"}],"version-history":[{"count":3,"href":"http:\/\/le-nomade.com\/nomade\/wp-json\/wp\/v2\/pages\/1774\/revisions"}],"predecessor-version":[{"id":1779,"href":"http:\/\/le-nomade.com\/nomade\/wp-json\/wp\/v2\/pages\/1774\/revisions\/1779"}],"up":[{"embeddable":true,"href":"http:\/\/le-nomade.com\/nomade\/wp-json\/wp\/v2\/pages\/627"}],"wp:attachment":[{"href":"http:\/\/le-nomade.com\/nomade\/wp-json\/wp\/v2\/media?parent=1774"}],"curies":[{"name":"wp","href":"https:\/\/api.w.org\/{rel}","templated":true}]}}