{"id":1786,"date":"2016-03-16T15:21:05","date_gmt":"2016-03-16T15:21:05","guid":{"rendered":"http:\/\/le-nomade.com\/nomade\/?page_id=1786"},"modified":"2016-03-16T15:29:32","modified_gmt":"2016-03-16T15:29:32","slug":"mandats-en-ergonomie-de-philippe-waterloos-ux","status":"publish","type":"page","link":"http:\/\/le-nomade.com\/nomade\/mandats-en-ergonomie-de-philippe-waterloos-ux\/","title":{"rendered":"Mandats en ergonomie de Philippe Waterloos &#8211; UX"},"content":{"rendered":"<h1>Mandats en ergonomie web et applicatif<\/h1>\n<p>&nbsp;<\/p>\n<h2>[ Client: Accipiotechnologies\u00a0] Qu\u00e9bec\u00a0\/ Canada<\/h2>\n<p>Plateforme de gestion de ligues sportives, exemple avec\u00a0<a title=\"LHCL\" href=\"http:\/\/lhcl.net\/\" target=\"_blank\">http:\/\/lhcl.net\/<\/a><br \/>\nPlusieurs prototypes ont \u00e9t\u00e9 r\u00e9alis\u00e9s afin d&rsquo;am\u00e9liorer certaines fonctionnalit\u00e9s du site existant.<\/p>\n<p><strong>Prototypes<\/strong> :<\/p>\n<p><a href=\"http:\/\/le-nomade.com\/axure\/demo_calendrier\/index.html#p=calendrier\">http:\/\/le-nomade.com\/axure\/demo_calendrier\/index.html#p=calendrier<\/a><\/p>\n<p><a href=\"http:\/\/le-nomade.com\/axure\/demo_proto_nouveau_joueur\/#p=cas___jamais_inscrit\">http:\/\/le-nomade.com\/axure\/demo_proto_nouveau_joueur\/#p=cas___jamais_inscrit<\/a><\/p>\n<p><a href=\"http:\/\/le-nomade.com\/axure\/demo_proto_suspensions\/#p=projet_suspensions_-_dans_admin\">http:\/\/le-nomade.com\/axure\/demo_proto_suspensions\/#p=projet_suspensions_-_dans_admin<\/a><\/p>\n<p>&nbsp;<\/p>\n<h2>[ Client: Groupe TFO &#8211; Edululu\u00a0] Toronto\u00a0\/ Canada<\/h2>\n<p>\u00c9valuation d&rsquo;applications \u00e9ducatives pour le site web edululu,\u00a0<a title=\"Edululu\" href=\"http:\/\/edululu.org\/fr\" target=\"_blank\">http:\/\/edululu.org\/fr<\/a><\/p>\n<p>Plus de 200 applications sur iPad ont \u00e9t\u00e9 \u00e9valu\u00e9es dans le courant de l&rsquo;ann\u00e9e 2014.<\/p>\n<p>&nbsp;<\/p>\n<p><strong>Remerciements d&rsquo;edulu<\/strong> \u00e0 <a title=\"Remerciements d'edululu\" href=\"http:\/\/le-nomade.com\/nomade\/blog\/edululu-philippe-waterloos\/\" target=\"_blank\">http:\/\/le-nomade.com\/nomade\/blog\/edululu-philippe-waterloos\/<\/a><\/p>\n<p>&nbsp;<\/p>\n<h2>[ Client: Desjardins ]\u00a0Montr\u00e9al \/ Canada<\/h2>\n<p>Outil de gestion de plaintes et insatisfaction client.<br \/>\nCet outil a \u00e9t\u00e9 d\u00e9velopp\u00e9 \u00e0 partir de 2 normes en <strong>ergonomie web<\/strong> diff\u00e9rentes et sp\u00e9cifiques au groupe Desjardins, le tout combin\u00e9 en une seule.\u00a0Programmation en PHP pour permettre une interaction plus r\u00e9aliste et valider les cas de figures les plus usuels.<\/p>\n<p><strong>Pas de prototype visualisable.<\/strong><\/p>\n<p>&nbsp;<\/p>\n<h2>[ Client: Desjardins ]\u00a0Montr\u00e9al \/ Canada<\/h2>\n<p>Cr\u00e9ation d&rsquo;un cadre de travail (FrameWork) en PHP pour faciliter la cr\u00e9ation, la gestion et les am\u00e9liorations successives de prototypes dans le domaine de <strong>l&rsquo;ergonomie web<\/strong>. Toute la programmation a \u00e9t\u00e9 pens\u00e9e en tant que module pour faciliter autant la gestion des langues que les it\u00e9rations successives. Un m\u00eame prototype pouvait alors montrer plusieurs phases d&rsquo;implantation d&rsquo;une solution web. En dernier point, le syst\u00e8me a aussi \u00e9t\u00e9 con\u00e7u pour la portabilit\u00e9 en html purement statique et ce, gr\u00e2\u00e7e \u00e0 l&rsquo;utilisation d&rsquo;un logiciel tel que\u00a0<a href=\"http:\/\/www.httrack.com\/\" target=\"_blank\">HTTrack<\/a>.<\/p>\n<p><strong>Pas de prototype visualisable.<\/strong><\/p>\n<p>&nbsp;<\/p>\n<h2>[ Mandat : Les \u00e9ditions CEC ]\u00a0Montr\u00e9al \/ Canada<\/h2>\n<p>Mise en place d\u2019une application iPad de lecture d\u2019ouvrage num\u00e9rique et adaptation ergonomique. Implantation en ergonomie des interfaces (UX) des premiers projets de tableau blanc \u00e9lectronique.<\/p>\n<p><strong>Pas de prototype visualisable.<\/strong><\/p>\n<p>&nbsp;<\/p>\n<h2>[ Mandat : Cheneli\u00e8re \u00e9ducation ]\u00a0Montr\u00e9al \/ Canada<\/h2>\n<p>Architecture, <strong>ergonomie web<\/strong> et implantation d\u2019une nouvelle plateforme web avec outils de lecture de livres num\u00e9riques.<\/p>\n<p><strong>Exemple de prototype<\/strong> :\u00a0<a href=\"http:\/\/le-nomade.com\/prototype-soins-infirmiers\/\" target=\"_blank\">http:\/\/le-nomade.com\/prototype-soins-infirmiers\/<\/a><\/p>\n<p>&nbsp;<\/p>\n<p><strong>Logiciel principal de prototypage : Axure.<\/strong><\/p>\n<p>&nbsp;<\/p>\n","protected":false},"excerpt":{"rendered":"<p>Mandats en ergonomie web et applicatif &nbsp; [ Client: Accipiotechnologies\u00a0] Qu\u00e9bec\u00a0\/ Canada Plateforme de gestion de ligues sportives, exemple avec\u00a0http:\/\/lhcl.net\/<\/p>\n","protected":false},"author":1,"featured_media":0,"parent":0,"menu_order":0,"comment_status":"open","ping_status":"open","template":"template-fullwidth.php","meta":{"footnotes":""},"_links":{"self":[{"href":"http:\/\/le-nomade.com\/nomade\/wp-json\/wp\/v2\/pages\/1786"}],"collection":[{"href":"http:\/\/le-nomade.com\/nomade\/wp-json\/wp\/v2\/pages"}],"about":[{"href":"http:\/\/le-nomade.com\/nomade\/wp-json\/wp\/v2\/types\/page"}],"author":[{"embeddable":true,"href":"http:\/\/le-nomade.com\/nomade\/wp-json\/wp\/v2\/users\/1"}],"replies":[{"embeddable":true,"href":"http:\/\/le-nomade.com\/nomade\/wp-json\/wp\/v2\/comments?post=1786"}],"version-history":[{"count":10,"href":"http:\/\/le-nomade.com\/nomade\/wp-json\/wp\/v2\/pages\/1786\/revisions"}],"predecessor-version":[{"id":1796,"href":"http:\/\/le-nomade.com\/nomade\/wp-json\/wp\/v2\/pages\/1786\/revisions\/1796"}],"wp:attachment":[{"href":"http:\/\/le-nomade.com\/nomade\/wp-json\/wp\/v2\/media?parent=1786"}],"curies":[{"name":"wp","href":"https:\/\/api.w.org\/{rel}","templated":true}]}}