{"id":2215,"date":"2020-09-20T15:46:17","date_gmt":"2020-09-20T15:46:17","guid":{"rendered":"http:\/\/le-nomade.com\/nomade\/?page_id=2215"},"modified":"2020-09-20T15:48:57","modified_gmt":"2020-09-20T15:48:57","slug":"photographie-de-produits-pour-les-commercants","status":"publish","type":"page","link":"http:\/\/le-nomade.com\/nomade\/photographie-au-canada\/photographie-de-produits-pour-les-commercants\/","title":{"rendered":"Photographie de produits pour les commer\u00e7ants"},"content":{"rendered":"<h2>Besoin d&rsquo;une s\u00e9ance photo de vos produits ?<\/h2>\n<h3>Prise de photographie sur place pour plus de 100 produits ?<\/h3>\n<p>Le Nomade.com se d\u00e9place dans votre commerce partout au <strong>Qu\u00e9bec<\/strong> et en <strong>Ontario<\/strong> pour photographier tous vos produits.<\/p>\n<p><strong>Moins de 100 produits ?<\/strong><br \/>\nPas de probl\u00e8me, envoyez vos produits \u00e0 le Nomade.com et notre \u00e9quipe s\u2019occupe du reste !<br \/>\nLes frais de livraisons et de retour des produits sont \u00e0 la charge du client.<\/p>\n<p><strong>Vous obtenez quoi ?<\/strong><br \/>\n3 photos simultan\u00e9es par produit, 3 angles de photos de qualit\u00e9 pour chaque produit.<br \/>\nNos tarifs d\u00e9butent \u00e0 11$ par produit, incluant la photographie de produits pour le web, le post traitement et le nommage de vos fichier selon votre nomenclature ! Des frais de d\u00e9placements peuvent s&rsquo;appliquer. Les fichiers sont livr\u00e9s via le syst\u00e8me Wetransfer suite au paiement de la facture.<\/p>\n<p><strong>Quels type de produits ?<\/strong><br \/>\nPeu importe le type de produit, ils doivent mesurer moins de 45 cms tant en largeur qu&rsquo;en hauteur.<\/p>\n<p><strong>Toutes vos photos sont uniformes.<\/strong><br \/>\nLe m\u00eame fond, fond blanc id\u00e9alement mais autres couleurs disponibles, avec la m\u00eame qualit\u00e9 professionnelle !<\/p>\n<p><strong>On s&rsquo;occupe de tout<\/strong><br \/>\nNotre studio de photographie se d\u00e9place dans votre commerce ou entrep\u00f4t !<\/p>\n<p><a href=\"mailto:info@le-nomade.com\"><strong>Contactez-nous pour en savoir plus !!!<\/strong><\/a><\/p>\n","protected":false},"excerpt":{"rendered":"<p>Le Nomde.com se d\u00e9place dans votre commerce partout au Qu\u00e9bec et en Ontario pour la photographie de produits. Vous obtenez 3 photos simultan\u00e9es par produit.<\/p>\n","protected":false},"author":1,"featured_media":0,"parent":40,"menu_order":0,"comment_status":"closed","ping_status":"closed","template":"","meta":{"footnotes":""},"_links":{"self":[{"href":"http:\/\/le-nomade.com\/nomade\/wp-json\/wp\/v2\/pages\/2215"}],"collection":[{"href":"http:\/\/le-nomade.com\/nomade\/wp-json\/wp\/v2\/pages"}],"about":[{"href":"http:\/\/le-nomade.com\/nomade\/wp-json\/wp\/v2\/types\/page"}],"author":[{"embeddable":true,"href":"http:\/\/le-nomade.com\/nomade\/wp-json\/wp\/v2\/users\/1"}],"replies":[{"embeddable":true,"href":"http:\/\/le-nomade.com\/nomade\/wp-json\/wp\/v2\/comments?post=2215"}],"version-history":[{"count":3,"href":"http:\/\/le-nomade.com\/nomade\/wp-json\/wp\/v2\/pages\/2215\/revisions"}],"predecessor-version":[{"id":2219,"href":"http:\/\/le-nomade.com\/nomade\/wp-json\/wp\/v2\/pages\/2215\/revisions\/2219"}],"up":[{"embeddable":true,"href":"http:\/\/le-nomade.com\/nomade\/wp-json\/wp\/v2\/pages\/40"}],"wp:attachment":[{"href":"http:\/\/le-nomade.com\/nomade\/wp-json\/wp\/v2\/media?parent=2215"}],"curies":[{"name":"wp","href":"https:\/\/api.w.org\/{rel}","templated":true}]}}