{"id":2339,"date":"2025-02-27T07:22:45","date_gmt":"2025-02-27T07:22:45","guid":{"rendered":"https:\/\/le-nomade.com\/nomade\/?page_id=2339"},"modified":"2025-02-27T07:36:40","modified_gmt":"2025-02-27T07:36:40","slug":"podcast-de-phil","status":"publish","type":"page","link":"http:\/\/le-nomade.com\/nomade\/podcast-de-phil\/","title":{"rendered":"Podcast de Phil"},"content":{"rendered":"\n<figure class=\"wp-block-embed is-type-video is-provider-youtube wp-block-embed-youtube wp-embed-aspect-16-9 wp-has-aspect-ratio\"><div class=\"wp-block-embed__wrapper\">\n<div class=\"fitvids-video\"><iframe loading=\"lazy\" title=\"L&#039;IA G\u00e9n\u00e9rative Met-elle en Danger Notre Esprit Critique ?\" width=\"800\" height=\"450\" src=\"https:\/\/www.youtube.com\/embed\/OUy8KCXcwwc?list=PLTak2HAQqDGa9pkTrrhz6daXgQhkpTIeg\" frameborder=\"0\" allow=\"accelerometer; autoplay; clipboard-write; encrypted-media; gyroscope; picture-in-picture; web-share\" referrerpolicy=\"strict-origin-when-cross-origin\" allowfullscreen><\/iframe><\/div>\n<\/div><figcaption class=\"wp-element-caption\">Playlist en Fran\u00e7ais du Podcast de Phil traitant des nouvelles technologies et intelligences artificielles.<\/figcaption><\/figure>\n\n\n\n<p>Ce podcast sur l\u2019<strong>intelligence artificielle (IA)<\/strong> explore les limites et les opportunit\u00e9s qu\u2019offrent ces technologies, \u00e0 la fois dans la vie quotidienne et dans des domaines exp\u00e9rimentaux. Il repose sur une approche structur\u00e9e, o\u00f9 l\u2019exp\u00e9rimentation sert de fil conducteur pour analyser les capacit\u00e9s r\u00e9elles des <strong>IA<\/strong> : imiter les \u00e9motions humaines, interagir dans des environnements complexes ou encore r\u00e9soudre des probl\u00e9matiques concr\u00e8tes. R\u00e9alis\u00e9 avec l\u2019appui de quatre IA \u2013 <strong>NotebookLM, Perplexity, ChatGPT et Gemini<\/strong>, ce programme va au-del\u00e0 des d\u00e9bats classiques en testant directement ces outils pour comprendre leurs impacts. Afin d\u2019\u00e9largir son audience, chaque \u00e9pisode est traduit automatiquement en <strong>Hindi, Arabe et Allemand<\/strong>.<\/p>\n\n\n\n<p>\u00c0 travers une playlist th\u00e9matique, le podcast pousse \u00e0 une <strong>r\u00e9flexion critique sur l\u2019intelligence artificielle<\/strong>, en questionnant ses avantages concrets ainsi que les risques et limites qui l\u2019accompagnent. Plus qu\u2019un simple \u00e9change, il encourage une <strong>participation active de la communaut\u00e9<\/strong>, invitant les auditeurs \u00e0 partager leurs exp\u00e9riences et points de vue sur les <strong>IA<\/strong>. Guid\u00e9 par <strong>Philippe<\/strong>, ce projet vise \u00e0 cr\u00e9er un espace de dialogue constructif sur un sujet aussi fascinant que controvers\u00e9, favorisant une exploration collective de ce que ces technologies peuvent r\u00e9ellement accomplir.<\/p>\n\n\n\n<figure class=\"wp-block-embed is-type-video is-provider-youtube wp-block-embed-youtube wp-embed-aspect-16-9 wp-has-aspect-ratio\"><div class=\"wp-block-embed__wrapper\">\n<div class=\"fitvids-video\"><iframe loading=\"lazy\" title=\"NotebookLM: The Future of Notetaking (Tips &amp; Tricks)\" width=\"800\" height=\"450\" src=\"https:\/\/www.youtube.com\/embed\/gVzsJbQmM48?list=PLTak2HAQqDGaqG_cmUzYkZMpX5zgR77yZ\" frameborder=\"0\" allow=\"accelerometer; autoplay; clipboard-write; encrypted-media; gyroscope; picture-in-picture; web-share\" referrerpolicy=\"strict-origin-when-cross-origin\" allowfullscreen><\/iframe><\/div>\n<\/div><figcaption class=\"wp-element-caption\">Cette playlist pr\u00e9sente les dessous de notre Podcast de Phil. Quel processus de cr\u00e9ation faisons-nous.<\/figcaption><\/figure>\n\n\n\n<p>Cette playlist d\u00e9voile les coulisses du <strong>Podcast de Phil<\/strong>, en mettant en lumi\u00e8re le processus de cr\u00e9ation qui donne vie \u00e0 chaque \u00e9pisode. De la s\u00e9lection des sujets aux recherches approfondies men\u00e9es avec l\u2019aide de plusieurs <strong>intelligences artificielles (IA)<\/strong>, en passant par l\u2019exp\u00e9rimentation et l\u2019analyse des r\u00e9sultats, chaque \u00e9tape est pens\u00e9e pour offrir un contenu structur\u00e9 et engageant. D\u00e9couvrez comment les id\u00e9es prennent forme, comment les <strong>IA<\/strong> sont utilis\u00e9es pour enrichir les discussions et comment chaque \u00e9pisode est con\u00e7u pour susciter une r\u00e9flexion critique sur les technologies \u00e9mergentes.<\/p>\n\n\n\n<figure class=\"wp-block-embed is-type-video is-provider-youtube wp-block-embed-youtube wp-embed-aspect-16-9 wp-has-aspect-ratio\"><div class=\"wp-block-embed__wrapper\">\n<div class=\"fitvids-video\"><iframe loading=\"lazy\" title=\"Is This The Most Haunting Drone Footage Ever?\" width=\"800\" height=\"450\" src=\"https:\/\/www.youtube.com\/embed\/AnVX1MssSCI?list=PLTak2HAQqDGb4AivH0YauGwEZ1YC2bFSU\" frameborder=\"0\" allow=\"accelerometer; autoplay; clipboard-write; encrypted-media; gyroscope; picture-in-picture; web-share\" referrerpolicy=\"strict-origin-when-cross-origin\" allowfullscreen><\/iframe><\/div>\n<\/div><figcaption class=\"wp-element-caption\">Pour vous faire r\u00eaver, voici cette playlist pr\u00e9sentant nos vid\u00e9os r\u00e9alis\u00e9es avec un drone DJI.<\/figcaption><\/figure>\n\n\n\n<p>Plongez dans un univers visuel captivant avec cette playlist, qui rassemble nos plus belles vid\u00e9os tourn\u00e9es avec un <strong>drone DJI<\/strong>. Chaque s\u00e9quence a \u00e9t\u00e9 soigneusement captur\u00e9e pour offrir des perspectives uniques, mettant en valeur des paysages \u00e9poustouflants et des sc\u00e8nes immersives. Laissez-vous emporter par la magie des prises de vue a\u00e9riennes et d\u00e9couvrez le monde sous un angle totalement nouveau, o\u00f9 la technologie du drone sublime chaque instant.<\/p>\n\n\n\n<figure class=\"wp-block-embed is-type-video is-provider-youtube wp-block-embed-youtube wp-embed-aspect-4-3 wp-has-aspect-ratio\"><div class=\"wp-block-embed__wrapper\">\n<div class=\"fitvids-video\"><iframe loading=\"lazy\" title=\"The Future of the Constitution (and How to Fix It)\" width=\"800\" height=\"600\" src=\"https:\/\/www.youtube.com\/embed\/CoKRSgXpzzI?list=PLTak2HAQqDGZoxOYjXXOjfoDB9PmYas59\" frameborder=\"0\" allow=\"accelerometer; autoplay; clipboard-write; encrypted-media; gyroscope; picture-in-picture; web-share\" referrerpolicy=\"strict-origin-when-cross-origin\" allowfullscreen><\/iframe><\/div>\n<\/div><figcaption class=\"wp-element-caption\">Cette playlist se veut r\u00e9cr\u00e9ative, satirique et humoristique sur la politique aux USA et Canada.<\/figcaption><\/figure>\n\n\n\n<p>Cette playlist propose un regard <strong>satirique et humoristique<\/strong> sur la politique aux <strong>USA et au Canada<\/strong>, en m\u00ealant analyses l\u00e9g\u00e8res et caricatures piquantes des enjeux actuels. Avec un ton d\u00e9cal\u00e9 et une approche ludique, chaque vid\u00e9o revisite l\u2019actualit\u00e9 politique sous un angle divertissant, tout en offrant une r\u00e9flexion critique sur les d\u00e9cisions et \u00e9v\u00e9nements marquants. Que vous soyez amateur de satire ou simplement curieux de voir la politique autrement, ces vid\u00e9os promettent un moment de d\u00e9tente et de rires.<\/p>\n","protected":false},"excerpt":{"rendered":"<p>Ce podcast sur l\u2019intelligence artificielle (IA) explore les limites et les opportunit\u00e9s qu\u2019offrent ces technologies, \u00e0 la fois dans la<\/p>\n","protected":false},"author":1,"featured_media":0,"parent":0,"menu_order":0,"comment_status":"closed","ping_status":"closed","template":"","meta":{"footnotes":""},"_links":{"self":[{"href":"http:\/\/le-nomade.com\/nomade\/wp-json\/wp\/v2\/pages\/2339"}],"collection":[{"href":"http:\/\/le-nomade.com\/nomade\/wp-json\/wp\/v2\/pages"}],"about":[{"href":"http:\/\/le-nomade.com\/nomade\/wp-json\/wp\/v2\/types\/page"}],"author":[{"embeddable":true,"href":"http:\/\/le-nomade.com\/nomade\/wp-json\/wp\/v2\/users\/1"}],"replies":[{"embeddable":true,"href":"http:\/\/le-nomade.com\/nomade\/wp-json\/wp\/v2\/comments?post=2339"}],"version-history":[{"count":7,"href":"http:\/\/le-nomade.com\/nomade\/wp-json\/wp\/v2\/pages\/2339\/revisions"}],"predecessor-version":[{"id":2349,"href":"http:\/\/le-nomade.com\/nomade\/wp-json\/wp\/v2\/pages\/2339\/revisions\/2349"}],"wp:attachment":[{"href":"http:\/\/le-nomade.com\/nomade\/wp-json\/wp\/v2\/media?parent=2339"}],"curies":[{"name":"wp","href":"https:\/\/api.w.org\/{rel}","templated":true}]}}