{"id":251,"date":"2014-07-13T13:35:49","date_gmt":"2014-07-13T13:35:49","guid":{"rendered":"http:\/\/le-nomade.com\/nomade\/?page_id=251"},"modified":"2015-06-13T15:33:38","modified_gmt":"2015-06-13T15:33:38","slug":"hebergement-filemaker","status":"publish","type":"page","link":"http:\/\/le-nomade.com\/nomade\/filemaker\/hebergement-filemaker\/","title":{"rendered":"H\u00e9bergement Filemaker"},"content":{"rendered":"<h2>H\u00e9bergement de bases de donn\u00e9es FileMaker<\/h2>\n<p>Acc\u00e9dez \u00e0 vos donn\u00e9es FileMaker de n&rsquo;importe o\u00f9, en choisissant parmi nos forfaits d&rsquo;h\u00e9bergement Filemaker \u00e0 distance (fmnet) ou par PHP en relation avec votre site Web. Les versions suivantes sont support\u00e9es pour l&rsquo;h\u00e9bergement Filemaker : 11 &#8211; 12 &#8211; 13.<\/p>\n<p>Pour votre <strong>h\u00e9bergement de bases de donn\u00e9es Filemaker<\/strong>, nous faisons affaire avec un\u00a0centre de donn\u00e9es hautement s\u00e9curis\u00e9 et performant et notre \u00e9quipe de soutien peut aussi vous aider\u00a0dans la programmation et le d\u00e9veloppement complexe de bases de donn\u00e9es<strong> Filemaker. <\/strong>Nous sommes aussi reconnus pour l&rsquo;int\u00e9gration et l&rsquo;implantation de Filemaker dans des sites Internet utilisant la technologie PHP (<strong>WordPress<\/strong>).<\/p>\n<p><a title=\"Contact\" href=\"http:\/\/le-nomade.com\/nomade\/contact\/\" target=\"_blank\">Contactez-nous<\/a> afin de conna\u00eetre nos tarifs selon vos besoins.<\/p>\n<p>&nbsp;<\/p>\n<h3><span style=\"font-family: Bitter, Georgia, serif;font-size: 22px;line-height: 1.3\">Principaux clients pour l&rsquo;h\u00e9bergement Filemaker<\/span><\/h3>\n<p><strong>[ Client:\u00a0<a title=\"Micro site du Mus\u00e9e Stewart\" href=\"http:\/\/guerre1812.org\" target=\"_blank\">Mus\u00e9e Stewart<\/a>\u00a0]\u00a0Montr\u00e9al \/ Canada<\/strong><br \/>\nMicro-site d\u00e9velopp\u00e9 sous WordPress.\u00a0Programmation en PHP et bases de donn\u00e9es Filemaker.<\/p>\n<p>Ce site a pour objectif principal de comm\u00e9morer le bicentenaire de la guerre de 1812 et de permettre \u00e0 tous les Canadiens d\u2019acc\u00e9der \u00e0 de l\u2019information de qualit\u00e9\u00a0qui permet de mieux comprendre les tenants et aboutissants de cet \u00e9v\u00e9nement majeur et l\u2019impact que celui-ci a eu sur le Canada.<\/p>\n<p><strong>\u00a0<\/strong><\/p>\n<p><b>FileMaker Pro<\/b>\u00a0est un logiciel de gestion de\u00a0<a title=\"Base de donn\u00e9es\" href=\"http:\/\/fr.wikipedia.org\/wiki\/Base_de_donn%C3%A9es\">bases de donn\u00e9es<\/a>\u00a0d\u00e9velopp\u00e9 par une filiale d&rsquo;Apple appel\u00e9e\u00a0<a title=\"FileMaker Inc. (page inexistante)\" href=\"http:\/\/fr.wikipedia.org\/w\/index.php?title=FileMaker_Inc.&amp;action=edit&amp;redlink=1\">FileMaker Inc.<\/a><a title=\"en:FileMaker Inc.\" href=\"http:\/\/en.wikipedia.org\/wiki\/FileMaker_Inc.\">(en)<\/a>(anciennement\u00a0<a title=\"Claris\" href=\"http:\/\/fr.wikipedia.org\/wiki\/Claris\">Claris<\/a>). Il fonctionne sous\u00a0<a title=\"Mac OS X\" href=\"http:\/\/fr.wikipedia.org\/wiki\/Mac_OS_X\">Mac OS X<\/a>\u00a0et sous\u00a0<a title=\"Microsoft Windows\" href=\"http:\/\/fr.wikipedia.org\/wiki\/Microsoft_Windows\">Windows<\/a>, soit en r\u00e9seau poste \u00e0 poste, soit en mode\u00a0<a title=\"Client-serveur\" href=\"http:\/\/fr.wikipedia.org\/wiki\/Client-serveur\">Client-serveur<\/a>\u00a0avec le module \u00ab\u00a0FileMaker Server\u00a0\u00bb. Source :\u00a0<a title=\"Explication de Filemaker sur Wikip\u00e9dia\" href=\"http:\/\/fr.wikipedia.org\/wiki\/FileMaker_Pro\" target=\"_blank\">Wikip\u00e9dia<\/a><\/p>\n<p>&nbsp;<\/p>\n","protected":false},"excerpt":{"rendered":"<p>H\u00e9bergement de bases de donn\u00e9es FileMaker Acc\u00e9dez \u00e0 vos donn\u00e9es FileMaker de n&rsquo;importe o\u00f9, en choisissant parmi nos forfaits d&rsquo;h\u00e9bergement<\/p>\n","protected":false},"author":1,"featured_media":0,"parent":50,"menu_order":0,"comment_status":"closed","ping_status":"closed","template":"","meta":{"footnotes":""},"_links":{"self":[{"href":"http:\/\/le-nomade.com\/nomade\/wp-json\/wp\/v2\/pages\/251"}],"collection":[{"href":"http:\/\/le-nomade.com\/nomade\/wp-json\/wp\/v2\/pages"}],"about":[{"href":"http:\/\/le-nomade.com\/nomade\/wp-json\/wp\/v2\/types\/page"}],"author":[{"embeddable":true,"href":"http:\/\/le-nomade.com\/nomade\/wp-json\/wp\/v2\/users\/1"}],"replies":[{"embeddable":true,"href":"http:\/\/le-nomade.com\/nomade\/wp-json\/wp\/v2\/comments?post=251"}],"version-history":[{"count":13,"href":"http:\/\/le-nomade.com\/nomade\/wp-json\/wp\/v2\/pages\/251\/revisions"}],"predecessor-version":[{"id":1272,"href":"http:\/\/le-nomade.com\/nomade\/wp-json\/wp\/v2\/pages\/251\/revisions\/1272"}],"up":[{"embeddable":true,"href":"http:\/\/le-nomade.com\/nomade\/wp-json\/wp\/v2\/pages\/50"}],"wp:attachment":[{"href":"http:\/\/le-nomade.com\/nomade\/wp-json\/wp\/v2\/media?parent=251"}],"curies":[{"name":"wp","href":"https:\/\/api.w.org\/{rel}","templated":true}]}}