{"id":266,"date":"2014-07-14T00:23:01","date_gmt":"2014-07-14T00:23:01","guid":{"rendered":"http:\/\/le-nomade.com\/nomade\/?page_id=266"},"modified":"2025-01-04T18:41:53","modified_gmt":"2025-01-04T18:41:53","slug":"accueil","status":"publish","type":"page","link":"http:\/\/le-nomade.com\/nomade\/","title":{"rendered":"Accueil"},"content":{"rendered":"<h2>Le Nomade.Com offre ses services dans les domaines suivants :<\/h2>\n<ul>\n<li>Intelligence artificielle en contenu texte et vid\u00e9o.<\/li>\n<li>Ergonomie Web, utilisabilit\u00e9 logiciel et Internet (mobile, site web, UX design).<\/li>\n<li>R\u00e9f\u00e9rencement de sites Internet SEO, r\u00e9seaux sociaux SEM.<\/li>\n<li>Commerce \u00e9lectronique sur Amazon, Shopify, Woo commerce, Best Buy Canada.<\/li>\n<li>Gestion de communaut\u00e9s.<\/li>\n<li>Cr\u00e9ation de sites web et mobiles Internet\/Intranet\/Extranet en PHP et WordPress.<\/li>\n<li>Photographie commerciale, architecturale, animali\u00e8re, artistique.<\/li>\n<li>Graphisme Web et imprim\u00e9.<\/li>\n<li>E-learning.<\/li>\n<li>Tableau blanc \u00e9lectronique.<\/li>\n<\/ul>\n<p>Nos services de formation sont aussi disponibles pour les groupes ou les particuliers.<\/p>\n<header class=\"entry-header\">\n<h3>\u00a0<\/h3>\n<h3 class=\"entry-title page-title\">Nos partenaires<\/h3>\n<\/header>\n<div class=\"entry-content clearfix\">\n<p><a href=\"https:\/\/stock.adobe.com\/fr\/contributor\/200438086\/philippe.waterloos\"><img loading=\"lazy\" decoding=\"async\" class=\"alignleft wp-image-2249 size-full\" src=\"http:\/\/le-nomade.com\/nomade\/wp-content\/uploads\/2024\/09\/adobe-stock.png\" alt=\"\" width=\"200\" height=\"192\" \/><\/a><a href=\"https:\/\/mawebsolution.ca\/client\/aff.php?aff=1\" target=\"blank\" rel=\"noopener noreferrer\"><img loading=\"lazy\" decoding=\"async\" src=\"http:\/\/mawebsolution.ca\/clients\/assets\/img\/logo.png\" width=\"446\" height=\"61\" border=\"0\" \/><\/a><\/p>\n<\/div>\n<h2>Nos services en d\u00e9tails<\/h2>\n<p><b>Intelligence artificielle<\/b><\/p>\n<header class=\"entry-header\"><\/header>\n<ul>\n<li>Chat GPT pour la cr\u00e9ation, r\u00e9vision de contenu et Mini GTP<\/li>\n<li>Perplexity pour la recherche internet<\/li>\n<li>Heygen pour la cr\u00e9ation et g\u00e9n\u00e9ration d&rsquo;avatar vid\u00e9o<\/li>\n<li>NotebookLM pour la g\u00e9n\u00e9ration de Podcast<\/li>\n<li>Claude pour la validation de code<\/li>\n<li>Bolt.new pour la cr\u00e9ation No Code<\/li>\n<li>Make pour l&rsquo;automatisation de processus<\/li>\n<\/ul>\n<p><strong>Photographie<\/strong><\/p>\n<ul>\n<li>Vente de photographies sur <a href=\"https:\/\/stock.adobe.com\/fr\/contributor\/200438086\/philippe.waterloos\">Adobe<\/a><\/li>\n<li>Vente de photographies sur <a href=\"https:\/\/500px.com\/p\/lenomadecom?view=licensing\">500px<\/a><\/li>\n<\/ul>\n<p><b>Marketing Internet<\/b><\/p>\n<ul>\n<li>R\u00e9f\u00e9rencement de site Internet SEO, r\u00e9seau sociaux SEM.<\/li>\n<li>Gestion de communaut\u00e9s (Facebook, Google +, etc).<\/li>\n<li>Gestion de campagnes payante avec Facebook, Google Adwords.<\/li>\n<\/ul>\n<p><b>Filemaker<\/b><\/p>\n<ul>\n<li>Architecture et d\u00e9veloppement d&rsquo;application de base de donn\u00e9es Filemaker.<\/li>\n<li>Programmation de bases de donn\u00e9es Filemaker.<\/li>\n<li>H\u00e9bergement de base de donn\u00e9es 11 \u00e0 13.<\/li>\n<\/ul>\n<p><b>D\u00e9veloppement<\/b><\/p>\n<ul>\n<li>Gestion de projet web, marketing et IA.<\/li>\n<li>WordPress.<\/li>\n<li>Magento<\/li>\n<li>E-learning.<\/li>\n<li>E-commercce<\/li>\n<li>Graphisme web et imprim\u00e9.<\/li>\n<li>Tableau blanc \u00e9lectronique.<\/li>\n<\/ul>\n<p><strong>Podcasting<\/strong><\/p>\n<ul>\n<li>Sur <a href=\"https:\/\/www.youtube.com\/@phillenomade\/podcasts\">youtube<\/a>\u00a0<\/li>\n<li>Sur <a href=\"https:\/\/open.spotify.com\/show\/31e1sJEPDqHWWPt5lcJKjq\">Spotify<\/a><\/li>\n<\/ul>\n\n\n<h3 class=\"wp-block-heading\">Le podcast de Phil<\/h3>\n\n\n\n<figure class=\"wp-block-embed is-type-video is-provider-youtube wp-block-embed-youtube wp-embed-aspect-16-9 wp-has-aspect-ratio\"><div class=\"wp-block-embed__wrapper\">\n<div class=\"fitvids-video\"><iframe loading=\"lazy\" title=\"AI decrypted by AI itself\" width=\"800\" height=\"450\" src=\"https:\/\/www.youtube.com\/embed\/videoseries?list=PLTak2HAQqDGaZXKC8yx65y5gHcUcotM9x\" frameborder=\"0\" allow=\"accelerometer; autoplay; clipboard-write; encrypted-media; gyroscope; picture-in-picture; web-share\" referrerpolicy=\"strict-origin-when-cross-origin\" allowfullscreen><\/iframe><\/div>\n<\/div><\/figure>\n","protected":false},"excerpt":{"rendered":"<p>Le Nomade.Com offre ses services dans les domaines suivants : Intelligence artificielle en contenu texte et vid\u00e9o. Ergonomie Web, utilisabilit\u00e9<\/p>\n","protected":false},"author":1,"featured_media":0,"parent":0,"menu_order":0,"comment_status":"closed","ping_status":"closed","template":"","meta":{"footnotes":""},"_links":{"self":[{"href":"http:\/\/le-nomade.com\/nomade\/wp-json\/wp\/v2\/pages\/266"}],"collection":[{"href":"http:\/\/le-nomade.com\/nomade\/wp-json\/wp\/v2\/pages"}],"about":[{"href":"http:\/\/le-nomade.com\/nomade\/wp-json\/wp\/v2\/types\/page"}],"author":[{"embeddable":true,"href":"http:\/\/le-nomade.com\/nomade\/wp-json\/wp\/v2\/users\/1"}],"replies":[{"embeddable":true,"href":"http:\/\/le-nomade.com\/nomade\/wp-json\/wp\/v2\/comments?post=266"}],"version-history":[{"count":34,"href":"http:\/\/le-nomade.com\/nomade\/wp-json\/wp\/v2\/pages\/266\/revisions"}],"predecessor-version":[{"id":2305,"href":"http:\/\/le-nomade.com\/nomade\/wp-json\/wp\/v2\/pages\/266\/revisions\/2305"}],"wp:attachment":[{"href":"http:\/\/le-nomade.com\/nomade\/wp-json\/wp\/v2\/media?parent=266"}],"curies":[{"name":"wp","href":"https:\/\/api.w.org\/{rel}","templated":true}]}}