{"id":277,"date":"2014-08-21T11:59:10","date_gmt":"2014-08-21T11:59:10","guid":{"rendered":"http:\/\/le-nomade.com\/nomade\/?page_id=277"},"modified":"2015-06-15T15:04:22","modified_gmt":"2015-06-15T15:04:22","slug":"photo-journalisme","status":"publish","type":"page","link":"http:\/\/le-nomade.com\/nomade\/photographie-au-canada\/photo-journalisme\/","title":{"rendered":"Photojournalisme"},"content":{"rendered":"<h2>Photojournalisme sur Newzulu<\/h2>\n<p>Depuis ao\u00fbt 2014, le nomade.com et son pr\u00e9sident Philippe Waterloos sont inscrits sur le site de photographie de journalisme Nuzulu :\u00a0<a title=\"photographie journalistique\" href=\"http:\/\/www.newzulu.ca\" target=\"_blank\">http:\/\/www.newzulu.ca<\/a><\/p>\n<p>Voir le profil de <a title=\"Voir profil\" href=\"http:\/\/fr.newzulu.ca\/fr\/reporter-photo-video\/philippe_waterloos.html#Profile\/About\" target=\"_blank\">Philippe Waterloos en d\u00e9tails avec ses publications<\/a>.<\/p>\n<h3>Qu&rsquo;est-ce que NEWZULU ?<\/h3>\n<p>Newzulu Canada a pour but de cr\u00e9er <b>la plus grande communaut\u00e9 de reporters amateurs et\/ou ind\u00e9pendants<\/b>. Tout le monde peut partager sa vision de l\u2019actualit\u00e9, avec ses photos et ses vid\u00e9os. Si vous d\u00e9tenez une image int\u00e9ressant les m\u00e9dias, Newzulu Canada les contacte et vous permet de toucher une r\u00e9mun\u00e9ration en cas de publication. Newzulu Canada a \u00e9t\u00e9 cr\u00e9\u00e9 en 2006 par trois jeunes associ\u00e9s, passionn\u00e9s d&rsquo;information, avec une exp\u00e9rience compl\u00e9mentaire, pour offrir le meilleur service.<\/p>\n<p>En novembre 2007, l\u2019Agence <strong>France-Presse<\/strong>, l\u2019une des trois plus grandes agences de presse du monde, et la soci\u00e9t\u00e9 IAM ont pris une participation minoritaire dans la soci\u00e9t\u00e9 Citizenside (anciennement Scooplive). Xavier Gouyou-Beauchamps, ancien PDG de France T\u00e9l\u00e9visions, actionnaire de la soci\u00e9t\u00e9 IAM, est alors nomm\u00e9 pr\u00e9sident;<\/p>\n<p>Le 11 juillet 2013, le groupe Matilda Media par le biais de sa filiale fran\u00e7aise Newzulu SAS a acquis Citizenside. L&rsquo;AFP n&rsquo;est donc plus actionnaire, en revanche le partenariat entre les deux soci\u00e9t\u00e9s est toujours en vigueur.<\/p>\n<p>Source : le site de Nuzulu :\u00a0<a title=\"Site de Nuzulu\" href=\"http:\/\/www.newzulu.ca\/fr\/a-propos.html\">http:\/\/www.newzulu.ca\/fr\/a-propos.html<\/a><\/p>\n","protected":false},"excerpt":{"rendered":"<p>Photojournalisme sur Newzulu Depuis ao\u00fbt 2014, le nomade.com et son pr\u00e9sident Philippe Waterloos sont inscrits sur le site de photographie<\/p>\n","protected":false},"author":1,"featured_media":0,"parent":40,"menu_order":0,"comment_status":"closed","ping_status":"closed","template":"template-fullwidth.php","meta":{"footnotes":""},"_links":{"self":[{"href":"http:\/\/le-nomade.com\/nomade\/wp-json\/wp\/v2\/pages\/277"}],"collection":[{"href":"http:\/\/le-nomade.com\/nomade\/wp-json\/wp\/v2\/pages"}],"about":[{"href":"http:\/\/le-nomade.com\/nomade\/wp-json\/wp\/v2\/types\/page"}],"author":[{"embeddable":true,"href":"http:\/\/le-nomade.com\/nomade\/wp-json\/wp\/v2\/users\/1"}],"replies":[{"embeddable":true,"href":"http:\/\/le-nomade.com\/nomade\/wp-json\/wp\/v2\/comments?post=277"}],"version-history":[{"count":9,"href":"http:\/\/le-nomade.com\/nomade\/wp-json\/wp\/v2\/pages\/277\/revisions"}],"predecessor-version":[{"id":1355,"href":"http:\/\/le-nomade.com\/nomade\/wp-json\/wp\/v2\/pages\/277\/revisions\/1355"}],"up":[{"embeddable":true,"href":"http:\/\/le-nomade.com\/nomade\/wp-json\/wp\/v2\/pages\/40"}],"wp:attachment":[{"href":"http:\/\/le-nomade.com\/nomade\/wp-json\/wp\/v2\/media?parent=277"}],"curies":[{"name":"wp","href":"https:\/\/api.w.org\/{rel}","templated":true}]}}