{"id":498,"date":"2015-02-01T14:41:16","date_gmt":"2015-02-01T14:41:16","guid":{"rendered":"http:\/\/le-nomade.com\/nomade\/?page_id=498"},"modified":"2015-07-02T01:45:39","modified_gmt":"2015-07-02T01:45:39","slug":"service-d-edimestre","status":"publish","type":"page","link":"http:\/\/le-nomade.com\/nomade\/site-internet\/service-d-edimestre\/","title":{"rendered":"Service d&rsquo;\u00e9dimestre"},"content":{"rendered":"<h2>Qu&rsquo;est-ce que le service d&rsquo;\u00e9dimestre ?<\/h2>\n<p>Avez-vous le temps et le budget pour avoir un employ\u00e9\u00a0\u00e0 temps plein ou \u00e0 temps partiel pour faire du travail de r\u00e9daction et r\u00e9vision de votre site web ?<\/p>\n<p>Si la r\u00e9ponse \u00e0 cette question est non, alors nous pouvons vous aider car un site Internet se doit d&rsquo;avoir un contenu appropri\u00e9, r\u00e9vis\u00e9 et traduit correctement afin de renseigner au mieux vos visiteurs.<\/p>\n<p><strong>Le Nomade.Com<\/strong> vous propose donc d&rsquo;impartir des services d&rsquo;\u00e9dition de vos sites Internet appel\u00e9s plus commun\u00e9ment\u00a0<strong>services d&rsquo;\u00e9dimestre<\/strong>.<\/p>\n<h3><strong>Voici une liste non-exhaustive de nos services<\/strong>\u00a0:<\/h3>\n<ul>\n<li><a title=\"R\u00e9daction en fran\u00e7ais\" href=\"http:\/\/le-nomade.com\/nomade\/site-internet\/redaction-en-francais\/\">R\u00e9daction de contenus en fran\u00e7ais<\/a> et en anglais.<\/li>\n<li><a title=\"R\u00e9daction en fran\u00e7ais\" href=\"http:\/\/le-nomade.com\/nomade\/site-internet\/redaction-en-francais\/\">R\u00e9vision de contenus\u00a0en fran\u00e7ais<\/a> et en anglais.<\/li>\n<li>Traduction de contenus de l&rsquo;anglais vers le fran\u00e7ais ou l&rsquo;inverse.<\/li>\n<li>R\u00e9daction de communiqu\u00e9s de presse.<\/li>\n<li>R\u00e9daction de vos publicit\u00e9s sous forme de courriel avec\u00a0<a title=\"Mailchimp\" href=\"http:\/\/mailchimp.com\" target=\"_blank\">MailChimp<\/a>.<\/li>\n<li>Gestion d\u2019une boutique en ligne.\n<ul>\n<li>R\u00e9daction des fiches de vos produits sur votre catalogue.<\/li>\n<li>gestion des fichiers (image, son, vid\u00e9o, pdf, etc.)<\/li>\n<\/ul>\n<\/li>\n<\/ul>\n<p>&nbsp;<\/p>\n<h3>Quel diff\u00e9rence entre un \u00e9dimestre et un webmestre ?<\/h3>\n<p>Le travail de l&rsquo;<strong>\u00e9dimestre<\/strong> est ax\u00e9 essentiellement sur la r\u00e9daction et la r\u00e9vision de contenu contrairement au\u00a0webmestre\u00a0qui peut \u00eatre en partie de nature plus technique.<\/p>\n<h3><\/h3>\n<h4>Votre budget de services d&rsquo;\u00e9dimestre.<\/h4>\n<p>Nous fonctionnons habituellement en termes de banque d&rsquo;heures et avec des taux r\u00e9gressifs pour des mandats long terme.<\/p>\n<p><a title=\"Envoyer une demande d'information\" href=\"mailto:info@le-nomade.com\" target=\"_blank\">Contactez-nous pour en savoir plus<\/a>\u00a0sur notre\u00a0<strong>service d&rsquo;\u00e9dimestre<\/strong>\u00a0!<\/p>\n<p>&nbsp;<\/p>\n<p>Source et d\u00e9finition du terme <strong>\u00e9dimestre<\/strong> :<br \/>\n<a title=\"Article sur le m\u00e9tier de webmestre\" href=\"http:\/\/www.cidj.com\/article-metier\/webmaster\" target=\"_blank\">http:\/\/www.oqlf.gouv.qc.ca\/ressources\/bibliotheque\/dictionnaires\/internet\/fiches\/8357216.html<\/a><a href=\"http:\/\/affaires.lapresse.ca\/cv\/emplois\/201104\/04\/01-4386165-de-dactylo-a-edimestre.php\">http:\/\/affaires.lapresse.ca\/cv\/emplois\/201104\/04\/01-4386165-de-dactylo-a-edimestre.php<\/a><\/p>\n<p>&nbsp;<\/p>\n<p style=\"text-align: center;\"><a href=\"http:\/\/le-nomade.com\/nomade\/wp-content\/uploads\/2015\/02\/Capture-d\u2019\u00e9cran-2015-02-01-\u00e0-09.41.46.png\"><img loading=\"lazy\" decoding=\"async\" class=\"aligncenter size-full wp-image-500\" src=\"http:\/\/le-nomade.com\/nomade\/wp-content\/uploads\/2015\/02\/Capture-d\u2019\u00e9cran-2015-02-01-\u00e0-09.41.46.png\" alt=\"Service \u00e9dimestre\" width=\"576\" height=\"201\" srcset=\"http:\/\/le-nomade.com\/nomade\/wp-content\/uploads\/2015\/02\/Capture-d\u2019\u00e9cran-2015-02-01-\u00e0-09.41.46.png 576w, http:\/\/le-nomade.com\/nomade\/wp-content\/uploads\/2015\/02\/Capture-d\u2019\u00e9cran-2015-02-01-\u00e0-09.41.46-300x104.png 300w\" sizes=\"(max-width: 576px) 100vw, 576px\" \/><\/a><\/p>\n","protected":false},"excerpt":{"rendered":"<p>Qu&rsquo;est-ce que le service d&rsquo;\u00e9dimestre ? Avez-vous le temps et le budget pour avoir un employ\u00e9\u00a0\u00e0 temps plein ou \u00e0<\/p>\n","protected":false},"author":1,"featured_media":0,"parent":216,"menu_order":0,"comment_status":"closed","ping_status":"closed","template":"","meta":{"footnotes":""},"_links":{"self":[{"href":"http:\/\/le-nomade.com\/nomade\/wp-json\/wp\/v2\/pages\/498"}],"collection":[{"href":"http:\/\/le-nomade.com\/nomade\/wp-json\/wp\/v2\/pages"}],"about":[{"href":"http:\/\/le-nomade.com\/nomade\/wp-json\/wp\/v2\/types\/page"}],"author":[{"embeddable":true,"href":"http:\/\/le-nomade.com\/nomade\/wp-json\/wp\/v2\/users\/1"}],"replies":[{"embeddable":true,"href":"http:\/\/le-nomade.com\/nomade\/wp-json\/wp\/v2\/comments?post=498"}],"version-history":[{"count":19,"href":"http:\/\/le-nomade.com\/nomade\/wp-json\/wp\/v2\/pages\/498\/revisions"}],"predecessor-version":[{"id":1390,"href":"http:\/\/le-nomade.com\/nomade\/wp-json\/wp\/v2\/pages\/498\/revisions\/1390"}],"up":[{"embeddable":true,"href":"http:\/\/le-nomade.com\/nomade\/wp-json\/wp\/v2\/pages\/216"}],"wp:attachment":[{"href":"http:\/\/le-nomade.com\/nomade\/wp-json\/wp\/v2\/media?parent=498"}],"curies":[{"name":"wp","href":"https:\/\/api.w.org\/{rel}","templated":true}]}}