{"id":50,"date":"2013-10-06T14:22:05","date_gmt":"2013-10-06T14:22:05","guid":{"rendered":"http:\/\/le-nomade.com\/nomade\/?page_id=50"},"modified":"2015-06-13T15:27:10","modified_gmt":"2015-06-13T15:27:10","slug":"filemaker","status":"publish","type":"page","link":"http:\/\/le-nomade.com\/nomade\/filemaker\/","title":{"rendered":"Filemaker"},"content":{"rendered":"<h2>Depuis 1998, Le Nomade.Com est sp\u00e9cialis\u00e9 dans le domaine des bases de donn\u00e9es Filemaker.<\/h2>\n<p>Nous sommes sp\u00e9cialis\u00e9s avec nos partenaires dans la programmation et le d\u00e9veloppement complexe de bases de donn\u00e9es<strong> Filemaker<\/strong> et aussi reconnus pour l&rsquo;int\u00e9gration et l&rsquo;implantation de Filemaker dans des sites Internet utilisant la technologies PHP (<strong>WordPress<\/strong>).<\/p>\n<p>En 2004, Philippe Waterloos a \u00e9t\u00e9 l&rsquo;un des membres fondateurs de l&rsquo;association FMQC.CA. Une pr\u00e9sentation en 2005 a \u00e9t\u00e9 donn\u00e9e aux membres de cette association sur le lien possible entre le PHP et <a title=\"Site de l'entreprise Filemaker, filiale de Apple\" href=\"http:\/\/www.filemaker.com\" target=\"_blank\">Filemaker<\/a>.<\/p>\n<p><a href=\"http:\/\/le-nomade.com\/nomade\/wp-content\/uploads\/2013\/10\/Capture-d\u2019\u00e9cran-2014-11-16-\u00e0-09.30.27.png\"><img loading=\"lazy\" decoding=\"async\" class=\"aligncenter size-full wp-image-340\" src=\"http:\/\/le-nomade.com\/nomade\/wp-content\/uploads\/2013\/10\/Capture-d\u2019\u00e9cran-2014-11-16-\u00e0-09.30.27.png\" alt=\"Capture d\u2019\u00e9cran 2014-11-16 \u00e0 09.30.27\" width=\"996\" height=\"616\" srcset=\"http:\/\/le-nomade.com\/nomade\/wp-content\/uploads\/2013\/10\/Capture-d\u2019\u00e9cran-2014-11-16-\u00e0-09.30.27.png 996w, http:\/\/le-nomade.com\/nomade\/wp-content\/uploads\/2013\/10\/Capture-d\u2019\u00e9cran-2014-11-16-\u00e0-09.30.27-300x185.png 300w\" sizes=\"(max-width: 996px) 100vw, 996px\" \/><\/a><\/p>\n<p><b>FileMaker Pro<\/b>\u00a0est un logiciel de gestion de\u00a0<a title=\"Base de donn\u00e9es\" href=\"http:\/\/fr.wikipedia.org\/wiki\/Base_de_donn%C3%A9es\">bases de donn\u00e9es<\/a>\u00a0d\u00e9velopp\u00e9 par une filiale d&rsquo;Apple appel\u00e9e\u00a0<a title=\"FileMaker Inc. (page inexistante)\" href=\"http:\/\/fr.wikipedia.org\/w\/index.php?title=FileMaker_Inc.&amp;action=edit&amp;redlink=1\">FileMaker Inc.<\/a><a title=\"en:FileMaker Inc.\" href=\"http:\/\/en.wikipedia.org\/wiki\/FileMaker_Inc.\">(en)<\/a>(anciennement\u00a0<a title=\"Claris\" href=\"http:\/\/fr.wikipedia.org\/wiki\/Claris\">Claris<\/a>). Il fonctionne sous\u00a0<a title=\"Mac OS X\" href=\"http:\/\/fr.wikipedia.org\/wiki\/Mac_OS_X\">Mac OS X<\/a>\u00a0et sous\u00a0<a title=\"Microsoft Windows\" href=\"http:\/\/fr.wikipedia.org\/wiki\/Microsoft_Windows\">Windows<\/a>, soit en r\u00e9seau poste \u00e0 poste, soit en mode\u00a0<a title=\"Client-serveur\" href=\"http:\/\/fr.wikipedia.org\/wiki\/Client-serveur\">Client-serveur<\/a>\u00a0avec le module \u00ab\u00a0FileMaker Server\u00a0\u00bb. Source : <a title=\"Explication de Filemaker sur Wikip\u00e9dia\" href=\"http:\/\/fr.wikipedia.org\/wiki\/FileMaker_Pro\" target=\"_blank\">Wikip\u00e9dia<\/a><\/p>\n<h3>Principaux mandats<\/h3>\n<p><strong>[ Client:\u00a0<a title=\"Micro site du Mus\u00e9e Stewart\" href=\"http:\/\/guerre1812.org\" target=\"_blank\">Mus\u00e9e Stewart<\/a>\u00a0]\u00a0Montr\u00e9al \/ Canada<\/strong><br \/>\nMicro-site d\u00e9velopp\u00e9 sous WordPress.\u00a0Programmation en PHP et bases de donn\u00e9es Filemaker.<\/p>\n<p>Ce site a pour objectif principal de comm\u00e9morer le bicentenaire de la guerre de 1812 et de permettre \u00e0 tous les Canadiens d\u2019acc\u00e9der \u00e0 de l\u2019information de qualit\u00e9\u00a0qui permet de mieux comprendre les tenants et aboutissants de cet \u00e9v\u00e9nement majeur et l\u2019impact que celui-ci a eu sur le Canada.<\/p>\n<p><strong>\u00a0[ Solution: E-Story ]\u00a0Montr\u00e9al \/ Canada<\/strong><br \/>\nSyst\u00e8me de sc\u00e9narisation de produits multim\u00e9dia et Internet.\u00a0Cr\u00e9dits\/ Credits: Philippe Waterloos<\/p>\n<p><strong>[ Solution: CJVMA ]\u00a0Montr\u00e9al \/ Canada<\/strong><br \/>\nSite d&rsquo;un mus\u00e9e canadien, am\u00e9nagement de bases de donn\u00e9es Filemaker sur Internet uniquement.\u00a0Cr\u00e9dits\/ Credits: Philippe Waterloos \/ Paisley Software.<\/p>\n<p><strong>\u00a0[ Client: Vid\u00e9ographe ]\u00a0Montr\u00e9al \/ Canada<\/strong><br \/>\nCr\u00e9ation d&rsquo;un syst\u00e8me de gestion de bases de donn\u00e9es Filemaker sur Internet. Design g\u00e9r\u00e9 par une firme externe.\u00a0Cr\u00e9dits\/ Credits: Philippe Waterloos<\/p>\n<p><strong>\u00a0[ Client: F\u00e9d\u00e9ration des journalistes du Qu\u00e9bec &#8211; FPJQ ]\u00a0Montr\u00e9al \/ Canada<\/strong><br \/>\nCr\u00e9ation d&rsquo;un syst\u00e8me de gestion des membres en Filemaker.<br \/>\nCr\u00e9ation d&rsquo;une version Internet du r\u00e9pertoire des membres.<\/p>\n<p>&nbsp;<\/p>\n","protected":false},"excerpt":{"rendered":"<p>Depuis 1998, Le Nomade.Com est sp\u00e9cialis\u00e9 dans le domaine des bases de donn\u00e9es Filemaker. Nous sommes sp\u00e9cialis\u00e9s avec nos partenaires<\/p>\n","protected":false},"author":1,"featured_media":0,"parent":0,"menu_order":0,"comment_status":"open","ping_status":"open","template":"","meta":{"footnotes":""},"_links":{"self":[{"href":"http:\/\/le-nomade.com\/nomade\/wp-json\/wp\/v2\/pages\/50"}],"collection":[{"href":"http:\/\/le-nomade.com\/nomade\/wp-json\/wp\/v2\/pages"}],"about":[{"href":"http:\/\/le-nomade.com\/nomade\/wp-json\/wp\/v2\/types\/page"}],"author":[{"embeddable":true,"href":"http:\/\/le-nomade.com\/nomade\/wp-json\/wp\/v2\/users\/1"}],"replies":[{"embeddable":true,"href":"http:\/\/le-nomade.com\/nomade\/wp-json\/wp\/v2\/comments?post=50"}],"version-history":[{"count":15,"href":"http:\/\/le-nomade.com\/nomade\/wp-json\/wp\/v2\/pages\/50\/revisions"}],"predecessor-version":[{"id":1269,"href":"http:\/\/le-nomade.com\/nomade\/wp-json\/wp\/v2\/pages\/50\/revisions\/1269"}],"wp:attachment":[{"href":"http:\/\/le-nomade.com\/nomade\/wp-json\/wp\/v2\/media?parent=50"}],"curies":[{"name":"wp","href":"https:\/\/api.w.org\/{rel}","templated":true}]}}