{"id":604,"date":"2015-02-26T20:47:37","date_gmt":"2015-02-26T20:47:37","guid":{"rendered":"http:\/\/le-nomade.com\/nomade\/?page_id=604"},"modified":"2019-02-14T13:37:46","modified_gmt":"2019-02-14T13:37:46","slug":"boutique-de-commerce-electronique-en-ligne","status":"publish","type":"page","link":"http:\/\/le-nomade.com\/nomade\/site-internet\/boutique-de-commerce-electronique-en-ligne\/","title":{"rendered":"Boutique commerce \u00e9lectronique"},"content":{"rendered":"<div>\n<section>\n<div>\n<h2>D\u00e9veloppez votre entreprise avec la plate-forme de commerce \u00e9lectronique de votre choix.<\/h2>\n<\/div>\n<div><\/div>\n<\/section>\n<\/div>\n<div>\n<section>\n<div>\n<p>Nous offrons 3 solutions distinctes.<\/p>\n<p><strong>Shopify, Woocommerce avec WordPress ou Magento.<\/strong><\/p>\n<h3>Qu&rsquo;est-ce que Shopify ?<\/h3>\n<p><strong>Shopify<\/strong> est une plateforme de commerce \u00e9lectronique qui permet \u00e0 des individus et des entreprises de cr\u00e9er leurs propres magasins en ligne. Ce mod\u00e8le fonctionne sous forme d&rsquo;abonnement et dans lequel vous pouvez aussi acheter des gabarits visuels et autre outils pour bonifier votre site de commerce \u00e9lectronique. Vous n&rsquo;avez pas \u00e0 vous soucier de l&rsquo;h\u00e9bergement puisque cela fait partie de l&rsquo;offre int\u00e9gr\u00e9e de <strong>Shopify<\/strong>.<\/p>\n<p>Voici un bon exemple de site avec <strong>Shopify<\/strong> sur lequel nous travaillons :\u00a0<a href=\"https:\/\/bestbuyprice.shop\" target=\"_blank\" rel=\"noopener\">https:\/\/bestbuyprice.shop<\/a><\/p>\n<h3>Qu&rsquo;est-ce que woocommerce ?<\/h3>\n<p><strong>Woocommerce<\/strong> est un module pour le syst\u00e8me de <strong>WordPress<\/strong> et qui permet de monter une plateforme de commerce \u00e9lectronique. Ce mod\u00e8le fonctionne avec l&rsquo;h\u00e9bergeur de votre choix. Vous pouvez aussi acheter des gabarits visuels et autre outils pour bonifier votre site de commerce \u00e9lectronique.<\/p>\n<p>Voici un exemple de site avec <strong>Woocommerce<\/strong> :\u00a0<a href=\"http:\/\/cpdg.ca\" target=\"_blank\" rel=\"noopener\">http:\/\/cpdg.ca<\/a><\/p>\n<\/div>\n<\/section>\n<h3>Qu&rsquo;est-ce que magento ?<\/h3>\n<section>\n<div>\n<p><strong>Magento<\/strong> offre des solutions flexibles, \u00e9volutives pour le eCommerce et con\u00e7ues pour vous aider \u00e0 cro\u00eetre et \u00e0 r\u00e9ussir en ligne. Avec cette plate-forme technologique tr\u00e8s rentable, il est possible pour vous de contr\u00f4ler le contenu, les fonctionnalit\u00e9s et l&rsquo;aspect de votre boutique en ligne. <strong>Magento<\/strong> est une solution propri\u00e9t\u00e9 de EBAY.<\/p>\n<h3>Contactez-nous pour obtenir un devis !<\/h3>\n<p>&nbsp;<\/p>\n<\/div>\n<\/section>\n<\/div>\n<h4>Quel sont les avantages de shopify ?<\/h4>\n<div>Un de ceux l\u00e0 est de pouvoir proposer vos produits sur d&rsquo;autres site web en les partageant de la mani\u00e8re suivante :<\/br><\/br><\/div>\n<div>\n<div id='collection-component-59d86213804'><\/div>\n<p>    <script type=\"text\/javascript\">\n    \/*<![CDATA[*\/\n\n    (function () {\n      var scriptURL = 'https:\/\/sdks.shopifycdn.com\/buy-button\/latest\/buy-button-storefront.min.js';\n      if (window.ShopifyBuy) {\n        if (window.ShopifyBuy.UI) {\n          ShopifyBuyInit();\n        } else {\n          loadScript();\n        }\n      } else {\n        loadScript();\n      }\n\n      function loadScript() {\n        var script = document.createElement('script');\n        script.async = true;\n        script.src = scriptURL;\n        (document.getElementsByTagName('head')[0] || document.getElementsByTagName('body')[0]).appendChild(script);\n        script.onload = ShopifyBuyInit;\n      }\n\n      function ShopifyBuyInit() {\n        var client = ShopifyBuy.buildClient({\n          domain: 'best-buy-price.myshopify.com',\n          storefrontAccessToken: '93e148efc8d3b3b4aad53f1e36a1a9cf',\n        });\n\n        ShopifyBuy.UI.onReady(client).then(function (ui) {\n          ui.createComponent('collection', {\n            id: 36421107735,\n            node: document.getElementById('collection-component-59d86213804'),\n            moneyFormat: '%24%7B%7Bamount%7D%7D',\n            options: {\n  \"product\": {\n    \"variantId\": \"all\",\n    \"contents\": {\n      \"imgWithCarousel\": false,\n      \"variantTitle\": false,\n      \"description\": false,\n      \"buttonWithQuantity\": false,\n      \"quantity\": false\n    },\n    \"styles\": {\n      \"product\": {\n        \"@media (min-width: 601px)\": {\n          \"max-width\": \"calc(25% - 20px)\",\n          \"margin-left\": \"20px\",\n          \"margin-bottom\": \"50px\"\n        },\n        \"imgWrapper\": {\n          \"position\": \"relative\",\n          \"height\": \"0\",\n          \"padding-top\": \"calc(75% + 15px)\"\n        },\n        \"img\": {\n          \"height\": \"calc(100% - 15px)\",\n          \"position\": \"absolute\",\n          \"left\": \"0\",\n          \"right\": \"0\",\n          \"top\": \"0\"\n        }\n      }\n    }\n  },\n  \"cart\": {\n    \"contents\": {\n      \"button\": true\n    },\n    \"styles\": {\n      \"footer\": {\n        \"background-color\": \"#ffffff\"\n      }\n    }\n  },\n  \"modalProduct\": {\n    \"contents\": {\n      \"img\": false,\n      \"imgWithCarousel\": true,\n      \"variantTitle\": false,\n      \"buttonWithQuantity\": true,\n      \"button\": false,\n      \"quantity\": false\n    },\n    \"styles\": {\n      \"product\": {\n        \"@media (min-width: 601px)\": {\n          \"max-width\": \"100%\",\n          \"margin-left\": \"0px\",\n          \"margin-bottom\": \"0px\"\n        }\n      }\n    }\n  },\n  \"productSet\": {\n    \"styles\": {\n      \"products\": {\n        \"@media (min-width: 601px)\": {\n          \"margin-left\": \"-20px\"\n        }\n      }\n    }\n  }\n}\n          });\n        });\n      }\n    })();\n    \/*]]>*\/\n    <\/script><\/div>\n","protected":false},"excerpt":{"rendered":"<p>D\u00e9veloppez votre entreprise avec la plate-forme de commerce \u00e9lectronique de votre choix. Nous offrons 3 solutions distinctes. Shopify, Woocommerce avec<\/p>\n","protected":false},"author":1,"featured_media":0,"parent":216,"menu_order":0,"comment_status":"closed","ping_status":"closed","template":"","meta":{"footnotes":""},"_links":{"self":[{"href":"http:\/\/le-nomade.com\/nomade\/wp-json\/wp\/v2\/pages\/604"}],"collection":[{"href":"http:\/\/le-nomade.com\/nomade\/wp-json\/wp\/v2\/pages"}],"about":[{"href":"http:\/\/le-nomade.com\/nomade\/wp-json\/wp\/v2\/types\/page"}],"author":[{"embeddable":true,"href":"http:\/\/le-nomade.com\/nomade\/wp-json\/wp\/v2\/users\/1"}],"replies":[{"embeddable":true,"href":"http:\/\/le-nomade.com\/nomade\/wp-json\/wp\/v2\/comments?post=604"}],"version-history":[{"count":15,"href":"http:\/\/le-nomade.com\/nomade\/wp-json\/wp\/v2\/pages\/604\/revisions"}],"predecessor-version":[{"id":2071,"href":"http:\/\/le-nomade.com\/nomade\/wp-json\/wp\/v2\/pages\/604\/revisions\/2071"}],"up":[{"embeddable":true,"href":"http:\/\/le-nomade.com\/nomade\/wp-json\/wp\/v2\/pages\/216"}],"wp:attachment":[{"href":"http:\/\/le-nomade.com\/nomade\/wp-json\/wp\/v2\/media?parent=604"}],"curies":[{"name":"wp","href":"https:\/\/api.w.org\/{rel}","templated":true}]}}