{"id":1048,"date":"2015-04-22T15:04:38","date_gmt":"2015-04-22T15:04:38","guid":{"rendered":"http:\/\/le-nomade.com\/nomade\/?page_id=1048"},"modified":"2015-06-13T18:53:50","modified_gmt":"2015-06-13T18:53:50","slug":"outil-de-suivi-referencement-seo-semalt","status":"publish","type":"page","link":"https:\/\/le-nomade.com\/nomade\/site-internet\/referencement-seo\/outil-de-suivi-referencement-seo-semalt\/","title":{"rendered":"Outil de suivi SEO &#8211; Semalt"},"content":{"rendered":"<h2>R\u00e9f\u00e9rencement et outil de suivi<\/h2>\n<p>Nous avons opt\u00e9 pour l&rsquo;outil de suivi <a href=\"http:\/\/semalt.com\/?r=599123\" target=\"_blank\">Semalt<\/a>. Apr\u00e8s bien des essais, cet outil nous permet de suivre plus facilement l&rsquo;\u00e9volution de nos requ\u00eates de recherche.<\/p>\n<p>Dans cet exemple nous pouvons voir l&rsquo;\u00e9volution de notre site le-nomade.com<\/p>\n<p><a href=\"http:\/\/le-nomade.com\/nomade\/wp-content\/uploads\/2015\/04\/Capture-d\u2019\u00e9cran-2015-04-22-\u00e0-10.59.57.png\"><img loading=\"lazy\" decoding=\"async\" class=\"alignleft wp-image-1049 size-full\" src=\"http:\/\/le-nomade.com\/nomade\/wp-content\/uploads\/2015\/04\/Capture-d\u2019\u00e9cran-2015-04-22-\u00e0-10.59.57.png\" alt=\"Capture d\u2019\u00e9cran 2015-04-22 \u00e0 10.59.57\" width=\"457\" height=\"303\" srcset=\"https:\/\/le-nomade.com\/nomade\/wp-content\/uploads\/2015\/04\/Capture-d\u2019\u00e9cran-2015-04-22-\u00e0-10.59.57.png 457w, https:\/\/le-nomade.com\/nomade\/wp-content\/uploads\/2015\/04\/Capture-d\u2019\u00e9cran-2015-04-22-\u00e0-10.59.57-300x199.png 300w\" sizes=\"(max-width: 457px) 100vw, 457px\" \/><\/a><\/p>\n<p>&nbsp;<\/p>\n<p>&nbsp;<\/p>\n<p>&nbsp;<\/p>\n<p>&nbsp;<\/p>\n<p>&nbsp;<\/p>\n<p>&nbsp;<\/p>\n<p>&nbsp;<\/p>\n<p>&nbsp;<\/p>\n<p>&nbsp;<\/p>\n<p>&nbsp;<\/p>\n<p>Pour de plus amples informations sur ce syst\u00e8me : <a href=\"http:\/\/semalt.com\/?r=599123\" target=\"_blank\">http:\/\/semalt.com\/?r=599123<\/a><\/p>\n","protected":false},"excerpt":{"rendered":"<p>R\u00e9f\u00e9rencement et outil de suivi Nous avons opt\u00e9 pour l&rsquo;outil de suivi Semalt. Apr\u00e8s bien des essais, cet outil nous<\/p>\n","protected":false},"author":1,"featured_media":0,"parent":374,"menu_order":0,"comment_status":"closed","ping_status":"open","template":"","meta":{"footnotes":""},"_links":{"self":[{"href":"https:\/\/le-nomade.com\/nomade\/wp-json\/wp\/v2\/pages\/1048"}],"collection":[{"href":"https:\/\/le-nomade.com\/nomade\/wp-json\/wp\/v2\/pages"}],"about":[{"href":"https:\/\/le-nomade.com\/nomade\/wp-json\/wp\/v2\/types\/page"}],"author":[{"embeddable":true,"href":"https:\/\/le-nomade.com\/nomade\/wp-json\/wp\/v2\/users\/1"}],"replies":[{"embeddable":true,"href":"https:\/\/le-nomade.com\/nomade\/wp-json\/wp\/v2\/comments?post=1048"}],"version-history":[{"count":3,"href":"https:\/\/le-nomade.com\/nomade\/wp-json\/wp\/v2\/pages\/1048\/revisions"}],"predecessor-version":[{"id":1340,"href":"https:\/\/le-nomade.com\/nomade\/wp-json\/wp\/v2\/pages\/1048\/revisions\/1340"}],"up":[{"embeddable":true,"href":"https:\/\/le-nomade.com\/nomade\/wp-json\/wp\/v2\/pages\/374"}],"wp:attachment":[{"href":"https:\/\/le-nomade.com\/nomade\/wp-json\/wp\/v2\/media?parent=1048"}],"curies":[{"name":"wp","href":"https:\/\/api.w.org\/{rel}","templated":true}]}}