{"id":1061,"date":"2015-04-22T18:44:27","date_gmt":"2015-04-22T18:44:27","guid":{"rendered":"http:\/\/le-nomade.com\/nomade\/?page_id=1061"},"modified":"2015-06-13T17:57:15","modified_gmt":"2015-06-13T17:57:15","slug":"sondage-probleme","status":"publish","type":"page","link":"https:\/\/le-nomade.com\/nomade\/sondage-probleme\/","title":{"rendered":"J&rsquo;ai un probl\u00e8me !?"},"content":{"rendered":"<h3>Dites-nous quel type de probl\u00e8me vous rencontrez dans votre vie de tous les jours et comment nous pourrions vous aider..<\/h3>\n<p>Cela peut \u00eatre un probl\u00e8me avec votre toilette, votre voiture, votre ordinateur, un truc qui vous irrite au plus haut point et pour lequel vous voudriez trouver une solution.<\/p>\n<p>On veut voir jusqu&rsquo;o\u00f9 cette simple id\u00e9e d&rsquo;avoir un probl\u00e8me et d&rsquo;y trouver une solution, peut se rendre. Nous trouverons les bonnes personnes pour le r\u00e9soudre et pourquoi pas, d\u00e9marrer une nouvelle entreprise !!<\/p>\n<h1>Sondage - Vos probl\u00e8mes<\/h1>\n\n<form method=\"post\" action=\"\/nomade\/wp-json\/wp\/v2\/pages\/1061\">\n\n\t<input type=\"hidden\" name=\"step\" value=\"1\" \/>\n\t<input type=\"hidden\" name=\"wpsqt_nonce\" value=\"a44ec1dc4a\" \/>\n\t<input type=\"hidden\" name=\"wpsqt_name\" value=\"Sondage - Vos probl\u00e8mes\" \/>\n\t<table cellpadding=\"0\" cellspacing=\"0\" border=\"0\" width=\"100%\">\n\t\t<\/table>\n\t<p><input type='submit' value='Next &raquo;' class='button-secondary' \/><\/p>\n<\/form>\n\n\n<p><strong>Remplissez notre petit sondage !<\/strong><\/p>\n","protected":false},"excerpt":{"rendered":"<p>Dites-nous quel type de probl\u00e8me vous rencontrez dans votre vie de tous les jours et comment nous pourrions vous aider..<\/p>\n","protected":false},"author":1,"featured_media":0,"parent":0,"menu_order":0,"comment_status":"closed","ping_status":"open","template":"","meta":{"footnotes":""},"_links":{"self":[{"href":"https:\/\/le-nomade.com\/nomade\/wp-json\/wp\/v2\/pages\/1061"}],"collection":[{"href":"https:\/\/le-nomade.com\/nomade\/wp-json\/wp\/v2\/pages"}],"about":[{"href":"https:\/\/le-nomade.com\/nomade\/wp-json\/wp\/v2\/types\/page"}],"author":[{"embeddable":true,"href":"https:\/\/le-nomade.com\/nomade\/wp-json\/wp\/v2\/users\/1"}],"replies":[{"embeddable":true,"href":"https:\/\/le-nomade.com\/nomade\/wp-json\/wp\/v2\/comments?post=1061"}],"version-history":[{"count":8,"href":"https:\/\/le-nomade.com\/nomade\/wp-json\/wp\/v2\/pages\/1061\/revisions"}],"predecessor-version":[{"id":1310,"href":"https:\/\/le-nomade.com\/nomade\/wp-json\/wp\/v2\/pages\/1061\/revisions\/1310"}],"wp:attachment":[{"href":"https:\/\/le-nomade.com\/nomade\/wp-json\/wp\/v2\/media?parent=1061"}],"curies":[{"name":"wp","href":"https:\/\/api.w.org\/{rel}","templated":true}]}}