{"id":1086,"date":"2015-04-28T15:40:49","date_gmt":"2015-04-28T15:40:49","guid":{"rendered":"http:\/\/le-nomade.com\/nomade\/?page_id=1086"},"modified":"2016-03-15T15:34:38","modified_gmt":"2016-03-15T15:34:38","slug":"evaluation-application-mobile","status":"publish","type":"page","link":"https:\/\/le-nomade.com\/nomade\/ergonomie-web\/evaluation-application-mobile\/","title":{"rendered":"\u00c9valuation d&rsquo;applications mobiles"},"content":{"rendered":"<h2>Service d&rsquo;\u00e9valuation ergonomique d&rsquo;applications mobiles<\/h2>\n<p><a href=\"http:\/\/le-nomade.com\/nomade\/wp-content\/uploads\/2015\/04\/Capture-d\u2019\u00e9cran-2015-04-28-\u00e0-11.33.59.png\"><img loading=\"lazy\" decoding=\"async\" class=\"alignleft size-full wp-image-1088\" src=\"http:\/\/le-nomade.com\/nomade\/wp-content\/uploads\/2015\/04\/Capture-d\u2019\u00e9cran-2015-04-28-\u00e0-11.33.59.png\" alt=\"Capture d\u2019\u00e9cran 2015-04-28 \u00e0 11.33.59\" width=\"542\" height=\"301\" srcset=\"https:\/\/le-nomade.com\/nomade\/wp-content\/uploads\/2015\/04\/Capture-d\u2019\u00e9cran-2015-04-28-\u00e0-11.33.59.png 542w, https:\/\/le-nomade.com\/nomade\/wp-content\/uploads\/2015\/04\/Capture-d\u2019\u00e9cran-2015-04-28-\u00e0-11.33.59-300x167.png 300w\" sizes=\"(max-width: 542px) 100vw, 542px\" \/><\/a><\/p>\n<p>&nbsp;<\/p>\n<p>&nbsp;<\/p>\n<p>&nbsp;<\/p>\n<p>&nbsp;<\/p>\n<p>&nbsp;<\/p>\n<p>&nbsp;<\/p>\n<p>&nbsp;<\/p>\n<p>&nbsp;<\/p>\n<p>&nbsp;<\/p>\n<p>&nbsp;<\/p>\n<h3><strong>Vous avez besoin d&rsquo;une \u00e9valuation rapide et \u00e9conomique sur la convivialit\u00e9 de votre application ?<\/strong><\/h3>\n<p>Vous \u00eates un <strong>d\u00e9veloppeur d&rsquo;applications<\/strong> en cours de projet et d\u00e9sirez valider certains aspects sur l&rsquo;utilisation de votre future application. Nous supportons les applications sur IOS et Android.<\/p>\n<p>Nous pouvons vous aider et vous fournir un rapport pour corriger des probl\u00e8mes potentiels quant \u00e0 la bonne utilisation de votre <strong>application mobile<\/strong>.<\/p>\n<p>Fort d&rsquo;une exp\u00e9rience en tant qu&rsquo;<strong>experts en ergonomie<\/strong> avec le <strong>groupe TFO<\/strong>, nous vous proposons une prestation bas\u00e9e sur une banque d&rsquo;heures. Une heure, deux heures ou trois heures sont tout \u00e0 fait suffisantes pour rep\u00e9rer des probl\u00e8mes simples \u00e0 r\u00e9gler pour un programmeur.<\/p>\n<h4><a title=\"Contact\" href=\"http:\/\/le-nomade.com\/nomade\/contact\/\">Contactez-nous !<\/a><\/h4>\n","protected":false},"excerpt":{"rendered":"<p>Service d&rsquo;\u00e9valuation ergonomique d&rsquo;applications mobiles &nbsp; &nbsp; &nbsp; &nbsp; &nbsp; &nbsp; &nbsp; &nbsp; &nbsp; &nbsp; Vous avez besoin d&rsquo;une \u00e9valuation<\/p>\n","protected":false},"author":1,"featured_media":0,"parent":210,"menu_order":0,"comment_status":"closed","ping_status":"open","template":"","meta":{"footnotes":""},"_links":{"self":[{"href":"https:\/\/le-nomade.com\/nomade\/wp-json\/wp\/v2\/pages\/1086"}],"collection":[{"href":"https:\/\/le-nomade.com\/nomade\/wp-json\/wp\/v2\/pages"}],"about":[{"href":"https:\/\/le-nomade.com\/nomade\/wp-json\/wp\/v2\/types\/page"}],"author":[{"embeddable":true,"href":"https:\/\/le-nomade.com\/nomade\/wp-json\/wp\/v2\/users\/1"}],"replies":[{"embeddable":true,"href":"https:\/\/le-nomade.com\/nomade\/wp-json\/wp\/v2\/comments?post=1086"}],"version-history":[{"count":12,"href":"https:\/\/le-nomade.com\/nomade\/wp-json\/wp\/v2\/pages\/1086\/revisions"}],"predecessor-version":[{"id":1785,"href":"https:\/\/le-nomade.com\/nomade\/wp-json\/wp\/v2\/pages\/1086\/revisions\/1785"}],"up":[{"embeddable":true,"href":"https:\/\/le-nomade.com\/nomade\/wp-json\/wp\/v2\/pages\/210"}],"wp:attachment":[{"href":"https:\/\/le-nomade.com\/nomade\/wp-json\/wp\/v2\/media?parent=1086"}],"curies":[{"name":"wp","href":"https:\/\/api.w.org\/{rel}","templated":true}]}}