{"id":124,"date":"2013-10-12T01:04:35","date_gmt":"2013-10-12T01:04:35","guid":{"rendered":"http:\/\/le-nomade.com\/nomade\/?page_id=124"},"modified":"2018-10-04T12:06:20","modified_gmt":"2018-10-04T12:06:20","slug":"contact","status":"publish","type":"page","link":"https:\/\/le-nomade.com\/nomade\/contact\/","title":{"rendered":"Contact"},"content":{"rendered":"<h3>Contact \/ Entreprise Le Nomade.Com<\/h3>\n<p>Pour tous vos d\u00e9veloppements de site web en WordPress, en ergonomie web et logiciel ou en programmation de base de donn\u00e9es Filemaker, contactez-nous par courriel ou par Twitter pour une r\u00e9ponse rapide.<\/p>\n<p><strong>Courriel<\/strong> : <a href=\"mailto:info@le-nomade.com\">info@le-nomade.com<\/a><\/p>\n<p><strong>Twitter officiel<\/strong> :\u00a0<a title=\"Compte twitter de le nomade.com\" href=\"https:\/\/twitter.com\/lenomadecom\" target=\"_blank\" rel=\"noopener\">https:\/\/twitter.com\/lenomadecom<\/a><\/p>\n<p><strong>Twitter Philippe Waterloos<\/strong> :\u00a0<a title=\"Compte twitter de Philippe Waterloos\" href=\"https:\/\/twitter.com\/waterphil\" target=\"_blank\" rel=\"noopener\">https:\/\/twitter.com\/waterphil<\/a><\/p>\n<p><strong>Facebook<\/strong> :\u00a0<a href=\"https:\/\/www.facebook.com\/lenomadecom\" target=\"_blank\" rel=\"noopener\">https:\/\/www.facebook.com\/lenomadecom<\/a><\/p>\n<p><strong>Instagram<\/strong> :\u00a0<a title=\"artiste photographe\" href=\"https:\/\/www.instagram.com\/artistephotographe\/\" target=\"_blank\" rel=\"noopener\">https:\/\/www.instagram.com\/artistephotographe\/<\/a><\/p>\n<p>Adresse :<\/p>\n<ul>\n<li>414-6745 Maurice-Duplessis, Montr\u00e9al-Nord, QC, H1Z 1Z5, CANADA<\/li>\n<li>143 bd S\u00e9rurier, Paris 75019, France<\/li>\n<\/ul>\n<p>Personne contact :\u00a0Philippe Waterloos, Pr\u00e9sident (<a title=\"Compte de Philippe Waterloos\" href=\"http:\/\/ca.linkedin.com\/in\/lenomadecom\" target=\"_blank\" rel=\"noopener\">LinkedIn<\/a>).<\/p>\n<p><strong>T\u00e9l\u00e9phone<\/strong> : +1 (844) 334-0075<\/p>\n<h4>Utilisez notre formulaire<\/h4>\n<div id=\"usermessagea\" class=\"cf_info \"><\/div><form enctype=\"multipart\/form-data\" action=\"\/nomade\/wp-json\/wp\/v2\/pages\/124#usermessagea\" method=\"post\" class=\"cform contact \" id=\"cformsform\"><fieldset class=\"cf-fs1\"><legend>Contactez-nous<\/legend><ol class=\"cf-ol\"><li id=\"li--2\" class=\"\"><label for=\"cf_field_2\"><span>Votre nom<\/span><\/label><input type=\"text\" name=\"cf_field_2\" id=\"cf_field_2\" class=\"single fldrequired\" value=\"\" onfocus=\"clearField(this)\" onblur=\"setField(this)\"\/><span class=\"reqtxt\">(requis)<\/span><\/li><li id=\"li--3\" class=\"\"><label for=\"cf_field_3\"><span>Courriel<\/span><\/label><input type=\"text\" name=\"cf_field_3\" id=\"cf_field_3\" class=\"single fldemail fldrequired\" value=\"\"\/><span class=\"emailreqtxt\">(courriel valide requis)<\/span><\/li><li id=\"li--4\" class=\"\"><label for=\"cf_field_4\"><span>Website<\/span><\/label><input type=\"text\" name=\"cf_field_4\" id=\"cf_field_4\" class=\"single\" value=\"http:\/\/\"\/><\/li><li id=\"li--5\" class=\"\"><label for=\"cf_field_5\"><span>Message<\/span><\/label><textarea cols=\"30\" rows=\"8\" name=\"cf_field_5\" id=\"cf_field_5\" class=\"area\"><\/textarea><\/li><\/ol><\/fieldset><fieldset class=\"cf_hidden\"><legend>&nbsp;<\/legend><input type=\"hidden\" name=\"cf_working\" id=\"cf_working\" value=\"<span>un%20moment%20svp...<\/span>\"\/><input type=\"hidden\" name=\"cf_failure\" id=\"cf_failure\" value=\"<span>Veuillez%20remplir%20tous%20les%20champs%20obligatoires<\/span>\"\/><input type=\"hidden\" name=\"cf_codeerr\" id=\"cf_codeerr\" value=\"<span>Please%20double-check%20your%20verification%20code.<\/span>\"\/><input type=\"hidden\" name=\"cf_customerr\" id=\"cf_customerr\" value=\"yyy\"\/><input type=\"hidden\" name=\"cf_popup\" id=\"cf_popup\" value=\"nn\"\/><\/fieldset><p class=\"cf-sb\"><input type=\"submit\" name=\"sendbutton\" id=\"sendbutton\" class=\"sendbutton\" value=\"Envoyer\" onclick=\"return cforms_validate('', false)\"\/><\/p><\/form>\n","protected":false},"excerpt":{"rendered":"<p>Contact \/ Entreprise Le Nomade.Com Pour tous vos d\u00e9veloppements de site web en WordPress, en ergonomie web et logiciel ou<\/p>\n","protected":false},"author":1,"featured_media":0,"parent":0,"menu_order":0,"comment_status":"open","ping_status":"open","template":"","meta":{"footnotes":""},"_links":{"self":[{"href":"https:\/\/le-nomade.com\/nomade\/wp-json\/wp\/v2\/pages\/124"}],"collection":[{"href":"https:\/\/le-nomade.com\/nomade\/wp-json\/wp\/v2\/pages"}],"about":[{"href":"https:\/\/le-nomade.com\/nomade\/wp-json\/wp\/v2\/types\/page"}],"author":[{"embeddable":true,"href":"https:\/\/le-nomade.com\/nomade\/wp-json\/wp\/v2\/users\/1"}],"replies":[{"embeddable":true,"href":"https:\/\/le-nomade.com\/nomade\/wp-json\/wp\/v2\/comments?post=124"}],"version-history":[{"count":20,"href":"https:\/\/le-nomade.com\/nomade\/wp-json\/wp\/v2\/pages\/124\/revisions"}],"predecessor-version":[{"id":1985,"href":"https:\/\/le-nomade.com\/nomade\/wp-json\/wp\/v2\/pages\/124\/revisions\/1985"}],"wp:attachment":[{"href":"https:\/\/le-nomade.com\/nomade\/wp-json\/wp\/v2\/media?parent=124"}],"curies":[{"name":"wp","href":"https:\/\/api.w.org\/{rel}","templated":true}]}}