{"id":1430,"date":"2015-08-08T14:23:12","date_gmt":"2015-08-08T14:23:12","guid":{"rendered":"http:\/\/le-nomade.com\/nomade\/?page_id=1430"},"modified":"2015-08-08T14:49:00","modified_gmt":"2015-08-08T14:49:00","slug":"statue-dans-le-vieux-montreal","status":"publish","type":"page","link":"https:\/\/le-nomade.com\/nomade\/photographie-au-canada\/exposition-photographique\/statue-dans-le-vieux-montreal\/","title":{"rendered":"Statue dans le vieux Montr\u00e9al"},"content":{"rendered":"<h2>L\u2019exposition photographique de Philippe Waterloos \u00e0 Montr\u00e9al<\/h2>\n<h4>Comment aller sur le lieu de prise de vue \u00e0 partir de l&rsquo;auberge ?<\/h4>\n<h4>How to get to the place where you can take the same picture?<\/h4>\n<p><iframe loading=\"lazy\" style=\"border: 0;\" src=\"https:\/\/www.google.com\/maps\/embed?pb=!1m26!1m12!1m3!1d2796.347661958644!2d-73.55692626898826!3d45.50307962991293!2m3!1f0!2f0!3f0!3m2!1i1024!2i768!4f13.1!4m11!3e2!4m5!1s0x4cc91a58e3550215%3A0x931ebcd979157df1!2sAuberge+Alternative+du+Vieux-Montr%C3%A9al%2C+358+Rue+Saint+Pierr%2C+Montr%C3%A9al%2C+QC+H2Y+2M1!3m2!1d45.501016!2d-73.556111!4m3!3m2!1d45.5051725!2d-73.5539957!5e0!3m2!1sfr!2sca!4v1439036106897\" width=\"600\" height=\"450\" frameborder=\"0\" allowfullscreen=\"allowfullscreen\"><\/iframe><\/p>\n<figure id=\"attachment_1432\" aria-describedby=\"caption-attachment-1432\" style=\"width: 150px\" class=\"wp-caption alignleft\"><a href=\"https:\/\/500px.com\/photo\/105547645\/statue-dans-le-vieux-montreal-by-philippe-waterloos?from=set&amp;set_id=2271397\" target=\"_blank\"><img loading=\"lazy\" decoding=\"async\" class=\"wp-image-1432 size-thumbnail\" src=\"http:\/\/le-nomade.com\/nomade\/wp-content\/uploads\/2015\/08\/Capture-d\u2019\u00e9cran-2015-08-08-\u00e0-10.24.31-150x150.png\" alt=\"Capture d\u2019\u00e9cran 2015-08-08 \u00e0 10.24.31\" width=\"150\" height=\"150\" srcset=\"https:\/\/le-nomade.com\/nomade\/wp-content\/uploads\/2015\/08\/Capture-d\u2019\u00e9cran-2015-08-08-\u00e0-10.24.31-150x150.png 150w, https:\/\/le-nomade.com\/nomade\/wp-content\/uploads\/2015\/08\/Capture-d\u2019\u00e9cran-2015-08-08-\u00e0-10.24.31-60x60.png 60w\" sizes=\"(max-width: 150px) 100vw, 150px\" \/><\/a><figcaption id=\"caption-attachment-1432\" class=\"wp-caption-text\">Statue dans le vieux Montr\u00e9al<\/figcaption><\/figure>\n<p>&nbsp;<\/p>\n<h3>Acheter cette image ou ses produits d\u00e9riv\u00e9s \/ Buy this picture or objects made with this picture.<\/h3>\n<p><a href=\"https:\/\/500px.com\/photo\/105547645\/statue-dans-le-vieux-montreal-by-philippe-waterloos?from=set&amp;set_id=2271397\" target=\"_blank\">https:\/\/500px.com\/photo\/105547645\/statue-dans-le-vieux-montreal-by-philippe-waterloos?from=set&amp;set_id=2271397<\/a><\/p>\n<p><a href=\"https:\/\/society6.com\/product\/statue-de-femmes--montral_print#1=45\" target=\"_blank\">https:\/\/society6.com\/product\/statue-de-femmes&#8211;montral_print#1=45<\/a><\/p>\n<p><a href=\"http:\/\/le-nomade.com\/nomade\/wp-content\/uploads\/2015\/08\/Capture-d\u2019\u00e9cran-2015-08-08-\u00e0-10.26.40.png\"><img loading=\"lazy\" decoding=\"async\" class=\"alignleft size-full wp-image-1434\" src=\"http:\/\/le-nomade.com\/nomade\/wp-content\/uploads\/2015\/08\/Capture-d\u2019\u00e9cran-2015-08-08-\u00e0-10.26.40.png\" alt=\"Statue\" width=\"962\" height=\"158\" srcset=\"https:\/\/le-nomade.com\/nomade\/wp-content\/uploads\/2015\/08\/Capture-d\u2019\u00e9cran-2015-08-08-\u00e0-10.26.40.png 962w, https:\/\/le-nomade.com\/nomade\/wp-content\/uploads\/2015\/08\/Capture-d\u2019\u00e9cran-2015-08-08-\u00e0-10.26.40-300x49.png 300w\" sizes=\"(max-width: 962px) 100vw, 962px\" \/><\/a><\/p>\n","protected":false},"excerpt":{"rendered":"<p>L\u2019exposition photographique de Philippe Waterloos \u00e0 Montr\u00e9al Comment aller sur le lieu de prise de vue \u00e0 partir de l&rsquo;auberge<\/p>\n","protected":false},"author":1,"featured_media":0,"parent":1420,"menu_order":0,"comment_status":"open","ping_status":"open","template":"template-fullwidth.php","meta":{"footnotes":""},"_links":{"self":[{"href":"https:\/\/le-nomade.com\/nomade\/wp-json\/wp\/v2\/pages\/1430"}],"collection":[{"href":"https:\/\/le-nomade.com\/nomade\/wp-json\/wp\/v2\/pages"}],"about":[{"href":"https:\/\/le-nomade.com\/nomade\/wp-json\/wp\/v2\/types\/page"}],"author":[{"embeddable":true,"href":"https:\/\/le-nomade.com\/nomade\/wp-json\/wp\/v2\/users\/1"}],"replies":[{"embeddable":true,"href":"https:\/\/le-nomade.com\/nomade\/wp-json\/wp\/v2\/comments?post=1430"}],"version-history":[{"count":4,"href":"https:\/\/le-nomade.com\/nomade\/wp-json\/wp\/v2\/pages\/1430\/revisions"}],"predecessor-version":[{"id":1436,"href":"https:\/\/le-nomade.com\/nomade\/wp-json\/wp\/v2\/pages\/1430\/revisions\/1436"}],"up":[{"embeddable":true,"href":"https:\/\/le-nomade.com\/nomade\/wp-json\/wp\/v2\/pages\/1420"}],"wp:attachment":[{"href":"https:\/\/le-nomade.com\/nomade\/wp-json\/wp\/v2\/media?parent=1430"}],"curies":[{"name":"wp","href":"https:\/\/api.w.org\/{rel}","templated":true}]}}