{"id":1455,"date":"2015-08-12T00:09:20","date_gmt":"2015-08-12T00:09:20","guid":{"rendered":"http:\/\/le-nomade.com\/nomade\/?page_id=1455"},"modified":"2015-08-12T00:12:51","modified_gmt":"2015-08-12T00:12:51","slug":"raton-laveur","status":"publish","type":"page","link":"https:\/\/le-nomade.com\/nomade\/photographie-au-canada\/exposition-photographique\/raton-laveur\/","title":{"rendered":"Raton laveur"},"content":{"rendered":"<h2>L\u2019exposition photographique de Philippe Waterloos \u00e0 Montr\u00e9al<\/h2>\n<h4>Comment aller sur le lieu de prise de vue \u00e0 partir de l&rsquo;auberge ?<\/h4>\n<h4>How to get to the place where you can take the same picture?<\/h4>\n<p><iframe loading=\"lazy\" style=\"border: 0;\" src=\"https:\/\/www.google.com\/maps\/embed?pb=!1m26!1m12!1m3!1d22367.09033966215!2d-73.592210650879!3d45.512367557432015!2m3!1f0!2f0!3f0!3m2!1i1024!2i768!4f13.1!4m11!3e3!4m5!1s0x4cc91a58e3550215%3A0x931ebcd979157df1!2sAuberge+Alternative+du+Vieux-Montr%C3%A9al%2C+358+Rue+Saint+Pierr%2C+Montr%C3%A9al%2C+QC+H2Y+2M1!3m2!1d45.501016!2d-73.556111!4m3!3m2!1d45.5103351!2d-73.5924208!5e0!3m2!1sfr!2sca!4v1439036450973\" width=\"600\" height=\"450\" frameborder=\"0\" allowfullscreen=\"allowfullscreen\"><\/iframe><\/p>\n<figure id=\"attachment_1432\" aria-describedby=\"caption-attachment-1432\" style=\"width: 150px\" class=\"wp-caption alignleft\"><a href=\"https:\/\/500px.com\/photo\/84059979\/raccoon-raton-laveur-by-philippe-waterloos?from=set&amp;set_id=2271397\" target=\"_blank\"><img loading=\"lazy\" decoding=\"async\" class=\"wp-image-1432 size-thumbnail\" src=\"http:\/\/le-nomade.com\/nomade\/wp-content\/uploads\/2015\/08\/Capture-d\u2019\u00e9cran-2015-08-11-\u00e0-20.09.45-150x150.png\" alt=\"Capture d\u2019\u00e9cran 2015-08-08 \u00e0 10.24.31\" width=\"150\" height=\"150\" \/><\/a><figcaption id=\"caption-attachment-1432\" class=\"wp-caption-text\">Raton laveur \u00e0 Montr\u00e9al<\/figcaption><\/figure>\n<p>&nbsp;<\/p>\n<h3>Acheter cette image ou ses produits d\u00e9riv\u00e9s \/ Buy this picture or objects made with this picture.<\/h3>\n<p><a href=\"https:\/\/500px.com\/photo\/84059979\/raccoon-raton-laveur-by-philippe-waterloos?from=set&amp;set_id=2271397\" target=\"_blank\">https:\/\/500px.com\/photo\/84059979\/raccoon-raton-laveur-by-philippe-waterloos?from=set&amp;set_id=2271397<\/a><\/p>\n<p>&nbsp;<\/p>\n","protected":false},"excerpt":{"rendered":"<p>L\u2019exposition photographique de Philippe Waterloos \u00e0 Montr\u00e9al Comment aller sur le lieu de prise de vue \u00e0 partir de l&rsquo;auberge<\/p>\n","protected":false},"author":1,"featured_media":0,"parent":1420,"menu_order":0,"comment_status":"open","ping_status":"open","template":"template-fullwidth.php","meta":{"footnotes":""},"_links":{"self":[{"href":"https:\/\/le-nomade.com\/nomade\/wp-json\/wp\/v2\/pages\/1455"}],"collection":[{"href":"https:\/\/le-nomade.com\/nomade\/wp-json\/wp\/v2\/pages"}],"about":[{"href":"https:\/\/le-nomade.com\/nomade\/wp-json\/wp\/v2\/types\/page"}],"author":[{"embeddable":true,"href":"https:\/\/le-nomade.com\/nomade\/wp-json\/wp\/v2\/users\/1"}],"replies":[{"embeddable":true,"href":"https:\/\/le-nomade.com\/nomade\/wp-json\/wp\/v2\/comments?post=1455"}],"version-history":[{"count":3,"href":"https:\/\/le-nomade.com\/nomade\/wp-json\/wp\/v2\/pages\/1455\/revisions"}],"predecessor-version":[{"id":1459,"href":"https:\/\/le-nomade.com\/nomade\/wp-json\/wp\/v2\/pages\/1455\/revisions\/1459"}],"up":[{"embeddable":true,"href":"https:\/\/le-nomade.com\/nomade\/wp-json\/wp\/v2\/pages\/1420"}],"wp:attachment":[{"href":"https:\/\/le-nomade.com\/nomade\/wp-json\/wp\/v2\/media?parent=1455"}],"curies":[{"name":"wp","href":"https:\/\/api.w.org\/{rel}","templated":true}]}}