{"id":1471,"date":"2015-08-13T14:10:09","date_gmt":"2015-08-13T14:10:09","guid":{"rendered":"http:\/\/le-nomade.com\/nomade\/?page_id=1471"},"modified":"2015-08-13T14:14:30","modified_gmt":"2015-08-13T14:14:30","slug":"arbre-au-coucher-de-soleil","status":"publish","type":"page","link":"https:\/\/le-nomade.com\/nomade\/photographie-au-canada\/exposition-photographique\/arbre-au-coucher-de-soleil\/","title":{"rendered":"Arbre au coucher de soleil"},"content":{"rendered":"<h2>L\u2019exposition photographique de Philippe Waterloos \u00e0 Montr\u00e9al<\/h2>\n<h4>Comment aller sur le lieu de prise de vue \u00e0 partir de l&rsquo;auberge ?<\/h4>\n<h4>How to get to the place where you can take the same picture?<\/h4>\n<p><iframe loading=\"lazy\" style=\"border: 0;\" src=\"https:\/\/www.google.com\/maps\/embed?pb=!1m26!1m12!1m3!1d89411.54944790066!2d-73.5908216441989!3d45.54809416839853!2m3!1f0!2f0!3f0!3m2!1i1024!2i768!4f13.1!4m11!3e2!4m5!1s0x4cc91a58e3550215%3A0x931ebcd979157df1!2sAuberge+Alternative+du+Vieux-Montr%C3%A9al%2C+358+Rue+Saint+Pierr%2C+Montr%C3%A9al%2C+QC+H2Y+2M1!3m2!1d45.501016!2d-73.556111!4m3!3m2!1d45.578736899999996!2d-73.4898864!5e0!3m2!1sfr!2sca!4v1439036715386\" width=\"600\" height=\"450\" frameborder=\"0\" allowfullscreen=\"allowfullscreen\"><\/iframe><\/p>\n<figure id=\"attachment_1413\" aria-describedby=\"caption-attachment-1413\" style=\"width: 150px\" class=\"wp-caption alignleft\"><a href=\"https:\/\/500px.com\/photo\/79542509\/winter-3-by-philippe-waterloos?from=set&amp;set_id=2271397\" target=\"_blank\"><img loading=\"lazy\" decoding=\"async\" class=\"wp-image-1413 size-thumbnail\" src=\"http:\/\/le-nomade.com\/nomade\/wp-content\/uploads\/2015\/08\/Capture-d\u2019\u00e9cran-2015-08-13-\u00e0-10.07.28-150x150.png\" alt=\"Arbre au coucher de soleil\" width=\"150\" height=\"150\" \/><\/a><figcaption id=\"caption-attachment-1413\" class=\"wp-caption-text\">Arbre au coucher de soleil<\/figcaption><\/figure>\n<p>&nbsp;<\/p>\n<h3>Acheter cette image d&rsquo;un Arbre au coucher de soleil ou ses produits d\u00e9riv\u00e9s \/ Buy this picture or objects made with this picture.<\/h3>\n<p><a href=\"https:\/\/500px.com\/photo\/79542509\/winter-3-by-philippe-waterloos?from=set&amp;set_id=2271397\" target=\"_blank\">https:\/\/500px.com\/photo\/79542509\/winter-3-by-philippe-waterloos?from=set&amp;set_id=2271397<\/a><\/p>\n<p><a href=\"https:\/\/society6.com\/product\/sunset-in-montreal-4ah_print#1=45\" target=\"_blank\">https:\/\/society6.com\/product\/sunset-in-montreal-4ah_print#1=45<\/a><\/p>\n<p><a href=\"https:\/\/society6.com\/product\/sunset-in-montreal-4ah_print#1=45\" target=\"_blank\"><img loading=\"lazy\" decoding=\"async\" class=\"alignleft size-full wp-image-1476\" src=\"http:\/\/le-nomade.com\/nomade\/wp-content\/uploads\/2015\/08\/Capture-d\u2019\u00e9cran-2015-08-13-\u00e0-10.12.16.png\" alt=\"Capture d\u2019\u00e9cran 2015-08-13 \u00e0 10.12.16\" width=\"957\" height=\"161\" srcset=\"https:\/\/le-nomade.com\/nomade\/wp-content\/uploads\/2015\/08\/Capture-d\u2019\u00e9cran-2015-08-13-\u00e0-10.12.16.png 957w, https:\/\/le-nomade.com\/nomade\/wp-content\/uploads\/2015\/08\/Capture-d\u2019\u00e9cran-2015-08-13-\u00e0-10.12.16-300x50.png 300w\" sizes=\"(max-width: 957px) 100vw, 957px\" \/><\/a><\/p>\n","protected":false},"excerpt":{"rendered":"<p>L\u2019exposition photographique de Philippe Waterloos \u00e0 Montr\u00e9al Comment aller sur le lieu de prise de vue \u00e0 partir de l&rsquo;auberge<\/p>\n","protected":false},"author":1,"featured_media":0,"parent":1420,"menu_order":0,"comment_status":"open","ping_status":"open","template":"template-fullwidth.php","meta":{"footnotes":""},"_links":{"self":[{"href":"https:\/\/le-nomade.com\/nomade\/wp-json\/wp\/v2\/pages\/1471"}],"collection":[{"href":"https:\/\/le-nomade.com\/nomade\/wp-json\/wp\/v2\/pages"}],"about":[{"href":"https:\/\/le-nomade.com\/nomade\/wp-json\/wp\/v2\/types\/page"}],"author":[{"embeddable":true,"href":"https:\/\/le-nomade.com\/nomade\/wp-json\/wp\/v2\/users\/1"}],"replies":[{"embeddable":true,"href":"https:\/\/le-nomade.com\/nomade\/wp-json\/wp\/v2\/comments?post=1471"}],"version-history":[{"count":5,"href":"https:\/\/le-nomade.com\/nomade\/wp-json\/wp\/v2\/pages\/1471\/revisions"}],"predecessor-version":[{"id":1478,"href":"https:\/\/le-nomade.com\/nomade\/wp-json\/wp\/v2\/pages\/1471\/revisions\/1478"}],"up":[{"embeddable":true,"href":"https:\/\/le-nomade.com\/nomade\/wp-json\/wp\/v2\/pages\/1420"}],"wp:attachment":[{"href":"https:\/\/le-nomade.com\/nomade\/wp-json\/wp\/v2\/media?parent=1471"}],"curies":[{"name":"wp","href":"https:\/\/api.w.org\/{rel}","templated":true}]}}