{"id":165,"date":"2014-01-30T21:46:42","date_gmt":"2014-01-30T21:46:42","guid":{"rendered":"http:\/\/le-nomade.com\/nomade\/?page_id=165"},"modified":"2015-06-16T13:07:35","modified_gmt":"2015-06-16T13:07:35","slug":"ergonomie-web-exemple-1-prototype-haute-fidelite","status":"publish","type":"page","link":"https:\/\/le-nomade.com\/nomade\/ergonomie-web-exemple-1-prototype-haute-fidelite\/","title":{"rendered":"Exemple 1 &#8211; prototype haute fid\u00e9lit\u00e9"},"content":{"rendered":"<h2>Ergonomie web<\/h2>\n<p>Ce prototype a \u00e9t\u00e9 construit pour le Groupe Desjardins.<\/p>\n<p>Le but de cet outil \u00e9tait de pouvoir publier sur le site de Acc\u00e8s-D Desjardins des encarts publicitaires.<\/p>\n<figure id=\"attachment_153\" aria-describedby=\"caption-attachment-153\" style=\"width: 300px\" class=\"wp-caption alignnone\"><a href=\"http:\/\/le-nomade.com\/nomade\/wp-content\/uploads\/2014\/01\/page1.gif\" target=\"_blank\"><img loading=\"lazy\" decoding=\"async\" class=\"size-medium wp-image-153  \" src=\"http:\/\/le-nomade.com\/nomade\/wp-content\/uploads\/2014\/01\/page1-300x158.gif\" alt=\"outil_gestion_promotion\" width=\"300\" height=\"158\" \/><\/a><figcaption id=\"caption-attachment-153\" class=\"wp-caption-text\">\u00c9cran 1 : \u00c9cran d&rsquo;accueil des encarts.<\/figcaption><\/figure>\n<p>&nbsp;<\/p>\n<figure id=\"attachment_154\" aria-describedby=\"caption-attachment-154\" style=\"width: 300px\" class=\"wp-caption alignnone\"><a href=\"http:\/\/le-nomade.com\/nomade\/wp-content\/uploads\/2014\/01\/page2.gif\" target=\"_blank\"><img loading=\"lazy\" decoding=\"async\" class=\"size-medium wp-image-154 \" src=\"http:\/\/le-nomade.com\/nomade\/wp-content\/uploads\/2014\/01\/page2-300x187.gif\" alt=\"outil_gestion_promotion\" width=\"300\" height=\"187\" \/><\/a><figcaption id=\"caption-attachment-154\" class=\"wp-caption-text\">\u00c9cran 2 : page de validation d&rsquo;un encart<\/figcaption><\/figure>\n<p>&nbsp;<\/p>\n<figure id=\"attachment_155\" aria-describedby=\"caption-attachment-155\" style=\"width: 300px\" class=\"wp-caption alignnone\"><a href=\"http:\/\/le-nomade.com\/nomade\/wp-content\/uploads\/2014\/01\/page3.gif\" target=\"_blank\"><img loading=\"lazy\" decoding=\"async\" class=\"size-medium wp-image-155 \" src=\"http:\/\/le-nomade.com\/nomade\/wp-content\/uploads\/2014\/01\/page3-300x191.gif\" alt=\"outil_gestion_promotion\" width=\"300\" height=\"191\" \/><\/a><figcaption id=\"caption-attachment-155\" class=\"wp-caption-text\">\u00c9cran 3 : page de cr\u00e9ation d&rsquo;un encart.<\/figcaption><\/figure>\n<p>&nbsp;<\/p>\n<figure id=\"attachment_156\" aria-describedby=\"caption-attachment-156\" style=\"width: 300px\" class=\"wp-caption alignnone\"><a href=\"http:\/\/le-nomade.com\/nomade\/wp-content\/uploads\/2014\/01\/page4.gif\" target=\"_blank\"><img loading=\"lazy\" decoding=\"async\" class=\"size-medium wp-image-156 \" src=\"http:\/\/le-nomade.com\/nomade\/wp-content\/uploads\/2014\/01\/page4-300x165.gif\" alt=\"outil_gestion_promotion\" width=\"300\" height=\"165\" \/><\/a><figcaption id=\"caption-attachment-156\" class=\"wp-caption-text\">\u00c9cran 4 : page de pr\u00e9f\u00e9rences sur un encart, le d\u00e9tail des options de cet encart.<\/figcaption><\/figure>\n<p>&nbsp;<\/p>\n","protected":false},"excerpt":{"rendered":"<p>Ergonomie web Ce prototype a \u00e9t\u00e9 construit pour le Groupe Desjardins. Le but de cet outil \u00e9tait de pouvoir publier<\/p>\n","protected":false},"author":1,"featured_media":0,"parent":0,"menu_order":0,"comment_status":"open","ping_status":"open","template":"","meta":{"footnotes":""},"_links":{"self":[{"href":"https:\/\/le-nomade.com\/nomade\/wp-json\/wp\/v2\/pages\/165"}],"collection":[{"href":"https:\/\/le-nomade.com\/nomade\/wp-json\/wp\/v2\/pages"}],"about":[{"href":"https:\/\/le-nomade.com\/nomade\/wp-json\/wp\/v2\/types\/page"}],"author":[{"embeddable":true,"href":"https:\/\/le-nomade.com\/nomade\/wp-json\/wp\/v2\/users\/1"}],"replies":[{"embeddable":true,"href":"https:\/\/le-nomade.com\/nomade\/wp-json\/wp\/v2\/comments?post=165"}],"version-history":[{"count":11,"href":"https:\/\/le-nomade.com\/nomade\/wp-json\/wp\/v2\/pages\/165\/revisions"}],"predecessor-version":[{"id":1265,"href":"https:\/\/le-nomade.com\/nomade\/wp-json\/wp\/v2\/pages\/165\/revisions\/1265"}],"wp:attachment":[{"href":"https:\/\/le-nomade.com\/nomade\/wp-json\/wp\/v2\/media?parent=165"}],"curies":[{"name":"wp","href":"https:\/\/api.w.org\/{rel}","templated":true}]}}