{"id":1798,"date":"2016-03-21T01:34:35","date_gmt":"2016-03-21T01:34:35","guid":{"rendered":"http:\/\/le-nomade.com\/nomade\/?page_id=1798"},"modified":"2016-03-28T12:49:08","modified_gmt":"2016-03-28T12:49:08","slug":"formations-twitter-linkedin-mailchimp-wordpress","status":"publish","type":"page","link":"https:\/\/le-nomade.com\/nomade\/formations-twitter-linkedin-mailchimp-wordpress\/","title":{"rendered":"Formations"},"content":{"rendered":"<h1>Le nomade.com propose des formations pour d\u00e9butants<\/h1>\n<p>Un panel de formations sont disponibles depuis le d\u00e9but de 2016 sur les domaines suivants :<\/p>\n<ul>\n<li>Formation Linkedin<\/li>\n<li>Formation Twitter<\/li>\n<li>Formation infolettre avec Mailchimp<\/li>\n<li>Formation WordPress en 2 heures<\/li>\n<\/ul>\n<h2>Inscription<\/h2>\n<p><a title=\"Inscription aux ateliers\" href=\"http:\/\/le-nomade.com\/nomade\/contact\/inscription-aux-formations\/\" target=\"_blank\">http:\/\/le-nomade.com\/nomade\/contact\/inscription-aux-formations\/<\/a><br \/>\n<a name=\"linkedin\"><\/a><\/p>\n<p><a href=\"http:\/\/le-nomade.com\/nomade\/wp-content\/uploads\/2016\/03\/Linkedin_1011.png\"><img loading=\"lazy\" decoding=\"async\" class=\" size-medium wp-image-1748 alignleft\" src=\"http:\/\/le-nomade.com\/nomade\/wp-content\/uploads\/2016\/03\/Linkedin_1011-300x120.png\" alt=\"Linkedin_101\" width=\"300\" height=\"120\" srcset=\"https:\/\/le-nomade.com\/nomade\/wp-content\/uploads\/2016\/03\/Linkedin_1011-300x120.png 300w, https:\/\/le-nomade.com\/nomade\/wp-content\/uploads\/2016\/03\/Linkedin_1011.png 1000w\" sizes=\"(max-width: 300px) 100vw, 300px\" \/><\/a><\/p>\n<p>&nbsp;<\/p>\n<p><strong>Linkedin\u00a0101 \u2013 Pourquoi et comment utiliser Linkedin ?<\/strong><\/p>\n<p>&nbsp;<\/p>\n<p>&nbsp;<\/p>\n<p><strong>Pr\u00e9-requis<\/strong> :<\/p>\n<ul>\n<li>Amener votre ordinateur portable.<\/li>\n<li>Connaitre le nom du r\u00e9seau social sans forc\u00e9ment l\u2019avoir utilis\u00e9.<\/li>\n<li>Vouloir r\u00e9seauter sur un m\u00e9dia professionnel ou chercher de l\u2019emploi avec Linkedin.<\/li>\n<\/ul>\n<p>Vous d\u00e9sirez cr\u00e9er un compte Linkedin pour changer de travail, \u00eatre en relation avec d\u2019autres personnes\u00a0ou sujet d\u2019int\u00e9r\u00eats ?<\/p>\n<h4><strong>Nous allons vous aider \u00e0\u00a0:<\/strong><\/h4>\n<ul>\n<li>vous\u00a0cr\u00e9er un compte.<\/li>\n<li>\u00e9tablir vos premi\u00e8res relations.<\/li>\n<li>\u00e9crire vos nouvelles.<\/li>\n<li>relier votre compte Linkedin avec votre compte Twitter si vous en avez un.<\/li>\n<li>demander des avis \u00e0 vos contacts.<\/li>\n<li>conna\u00eetre les\u00a0diff\u00e9rences fondamentales entre Linkedin et les autres r\u00e9seaux.<\/li>\n<li>quoi faire et surtout ne pas faire dans\u00a0Linkedin.<\/li>\n<\/ul>\n<p>&nbsp;<\/p>\n<p><a name=\"twitter\"><\/a><\/p>\n<p><a href=\"http:\/\/le-nomade.com\/nomade\/wp-content\/uploads\/2016\/03\/twitter-atelier.png\"><img loading=\"lazy\" decoding=\"async\" class=\"alignleft size-medium wp-image-1832\" src=\"http:\/\/le-nomade.com\/nomade\/wp-content\/uploads\/2016\/03\/twitter-atelier-300x116.png\" alt=\"twitter-atelier\" width=\"300\" height=\"116\" srcset=\"https:\/\/le-nomade.com\/nomade\/wp-content\/uploads\/2016\/03\/twitter-atelier-300x116.png 300w, https:\/\/le-nomade.com\/nomade\/wp-content\/uploads\/2016\/03\/twitter-atelier.png 577w\" sizes=\"(max-width: 300px) 100vw, 300px\" \/><\/a><\/p>\n<p>&nbsp;<\/p>\n<p><strong>Twitter 101 \u2013 comment apprivoiser les gazouillis sur Twitter ?<\/strong><\/p>\n<h2><\/h2>\n<p>&nbsp;<\/p>\n<p><strong>Pr\u00e9-requis<\/strong> :<\/p>\n<ul>\n<li>Amener votre ordinateur portable<\/li>\n<li>Connaitre le nom du r\u00e9seau social sans forc\u00e9ment l\u2019avoir utilis\u00e9<\/li>\n<\/ul>\n<p>Vous d\u00e9sirez cr\u00e9er un compte twitter, \u00eatre en relation avec d\u2019autres personnes<br \/>\nou sujet d\u2019int\u00e9r\u00eats ?<\/p>\n<h4 class=\"p1\"><span class=\"s1\">Nous allons vous aider \u00e0 :<\/span><\/h4>\n<ul>\n<li class=\"p1\"><span class=\"s1\">cr\u00e9er votre propre compte twitter.\u00a0<\/span><\/li>\n<li class=\"p1\">aller chercher vos premiers abonn\u00e9s.<\/li>\n<li class=\"p1\">vous abonner au fils twitter d\u2019autres personnes.<\/li>\n<li class=\"p1\">\u00e0 \u00e9crire votre premier gazouillis (tweet).<\/li>\n<\/ul>\n<p>&nbsp;<\/p>\n<p><a name=\"infolettre\"><\/a><\/p>\n<p><a href=\"http:\/\/le-nomade.com\/nomade\/wp-content\/uploads\/2016\/03\/mailchimp.png\"><img loading=\"lazy\" decoding=\"async\" class=\"alignleft size-medium wp-image-1827\" src=\"http:\/\/le-nomade.com\/nomade\/wp-content\/uploads\/2016\/03\/mailchimp-300x169.png\" alt=\"mailchimp\" width=\"300\" height=\"169\" srcset=\"https:\/\/le-nomade.com\/nomade\/wp-content\/uploads\/2016\/03\/mailchimp-300x169.png 300w, https:\/\/le-nomade.com\/nomade\/wp-content\/uploads\/2016\/03\/mailchimp.png 802w\" sizes=\"(max-width: 300px) 100vw, 300px\" \/><\/a><\/p>\n<p>&nbsp;<\/p>\n<p><strong>Mailchimp 101 &#8211; Comment cr\u00e9er\u00a0un bulletin de nouvelle sur le web avec MailChimp ?<\/strong><\/p>\n<p>&nbsp;<\/p>\n<p>&nbsp;<\/p>\n<p>&nbsp;<\/p>\n<p><strong>Pr\u00e9-requis<\/strong> :<\/p>\n<ul>\n<li>Amener votre ordinateur portable.<\/li>\n<li>Avoir un compte courriel fonctionnel.<\/li>\n<li>Avoir un anglais fonctionnel pour comprendre l&rsquo;interface du syst\u00e8me Mailchimp.<\/li>\n<\/ul>\n<p>Cet\u00a0atelier\u00a0porte sur la cr\u00e9ation rapide en moins de 2 heures d\u2019un bulletin de nouvelles g\u00e9rer avec le syst\u00e8me Mailchimp.<\/p>\n<h4 class=\"p1\"><span class=\"s1\">Nous allons vous aider \u00e0 :<\/span><\/h4>\n<ul>\n<li>Cr\u00e9er un bulletin facilement.<\/li>\n<li>Cr\u00e9er une liste d\u2019abonn\u00e9(e)s.<\/li>\n<li>Choisir des th\u00e8mes gratuits.<\/li>\n<li>Utiliser MailChimp gratuitement.<\/li>\n<li>Suivre les stats dans Google Analytic.<\/li>\n<\/ul>\n<p>&nbsp;<\/p>\n<p><a href=\"http:\/\/le-nomade.com\/nomade\/wp-content\/uploads\/2016\/03\/wordpress-logo-notext-rgb_phil1.png\"><img loading=\"lazy\" decoding=\"async\" class=\"alignleft size-medium wp-image-1813\" src=\"http:\/\/le-nomade.com\/nomade\/wp-content\/uploads\/2016\/03\/wordpress-logo-notext-rgb_phil1-300x120.png\" alt=\"wordpress-logo-notext-rgb_phil1\" width=\"300\" height=\"120\" srcset=\"https:\/\/le-nomade.com\/nomade\/wp-content\/uploads\/2016\/03\/wordpress-logo-notext-rgb_phil1-300x120.png 300w, https:\/\/le-nomade.com\/nomade\/wp-content\/uploads\/2016\/03\/wordpress-logo-notext-rgb_phil1.png 500w\" sizes=\"(max-width: 300px) 100vw, 300px\" \/><\/a><\/p>\n<p>&nbsp;<\/p>\n<p>&nbsp;<\/p>\n<p>WordPress 101 &#8211; Comment\u00a0cr\u00e9er votre site<br \/>\nweb en 2 heures.<\/p>\n<p>&nbsp;<\/p>\n<p><strong>Pr\u00e9-requis<\/strong> :<\/p>\n<ul>\n<li>Amener votre ordinateur portable.<\/li>\n<li>Avoir un compte courriel fonctionnel.<\/li>\n<\/ul>\n<h4 class=\"p1\"><span class=\"s1\">Nous allons vous aider \u00e0 :<\/span><\/h4>\n<ul>\n<li>Cr\u00e9er une page.<\/li>\n<li>Cr\u00e9er un article.<\/li>\n<li>Choisir des th\u00e8mes gratuits.<\/li>\n<li>S\u00e9lectionner votre nom de domaine.<\/li>\n<li>Faire h\u00e9berger votre site web.<\/li>\n<\/ul>\n<p>Cette formation est pr\u00e9sent\u00e9e par Philippe Waterloos<\/p>\n<p>&nbsp;<\/p>\n<h3>Pour questions et inscriptions :<\/h3>\n<p><a title=\"Inscriptions aux ateliers\" href=\"http:\/\/le-nomade.com\/nomade\/contact\/inscription-aux-formations\/\" target=\"_blank\">http:\/\/le-nomade.com\/nomade\/contact\/inscription-aux-formations\/<\/a><\/p>\n","protected":false},"excerpt":{"rendered":"<p>Le nomade.com propose des formations pour d\u00e9butants Un panel de formations sont disponibles depuis le d\u00e9but de 2016 sur les<\/p>\n","protected":false},"author":1,"featured_media":0,"parent":0,"menu_order":0,"comment_status":"open","ping_status":"open","template":"","meta":{"footnotes":""},"_links":{"self":[{"href":"https:\/\/le-nomade.com\/nomade\/wp-json\/wp\/v2\/pages\/1798"}],"collection":[{"href":"https:\/\/le-nomade.com\/nomade\/wp-json\/wp\/v2\/pages"}],"about":[{"href":"https:\/\/le-nomade.com\/nomade\/wp-json\/wp\/v2\/types\/page"}],"author":[{"embeddable":true,"href":"https:\/\/le-nomade.com\/nomade\/wp-json\/wp\/v2\/users\/1"}],"replies":[{"embeddable":true,"href":"https:\/\/le-nomade.com\/nomade\/wp-json\/wp\/v2\/comments?post=1798"}],"version-history":[{"count":20,"href":"https:\/\/le-nomade.com\/nomade\/wp-json\/wp\/v2\/pages\/1798\/revisions"}],"predecessor-version":[{"id":1833,"href":"https:\/\/le-nomade.com\/nomade\/wp-json\/wp\/v2\/pages\/1798\/revisions\/1833"}],"wp:attachment":[{"href":"https:\/\/le-nomade.com\/nomade\/wp-json\/wp\/v2\/media?parent=1798"}],"curies":[{"name":"wp","href":"https:\/\/api.w.org\/{rel}","templated":true}]}}