{"id":210,"date":"2014-04-13T14:05:21","date_gmt":"2014-04-13T14:05:21","guid":{"rendered":"http:\/\/le-nomade.com\/nomade\/?page_id=210"},"modified":"2015-06-16T13:06:46","modified_gmt":"2015-06-16T13:06:46","slug":"ergonomie-web","status":"publish","type":"page","link":"https:\/\/le-nomade.com\/nomade\/ergonomie-web\/","title":{"rendered":"Ergonomie web"},"content":{"rendered":"<h2>Qu&rsquo;est-ce que l&rsquo;ergonomie web ?<\/h2>\n<p>L&rsquo;<strong>utilisabilit\u00e9 du Web<\/strong>, appel\u00e9e \u00e9galement <strong>ergonomie Web<\/strong>, est l&rsquo;application de l&rsquo;utilisabilit\u00e9 dans les domaines o\u00f9 la navigation Web peut \u00eatre consid\u00e9r\u00e9e comme un paradigme (ou m\u00e9taphore) pour construire un environnement graphique.<\/p>\n<p><strong>L&rsquo;utilisabilit\u00e9 du Web,\u00a0<\/strong>encore nomm\u00e9e la <a title=\"La convivialit\u00e9\" href=\"http:\/\/www.w3qc.org\/ressources\/contributions\/convivialite\/\" target=\"_blank\">convivialit\u00e9<\/a> par certains, a pour objectif de rendre les sites Web plus ais\u00e9s d&rsquo;utilisation pour l&rsquo;utilisateur final, sans qu&rsquo;il ait besoin de suivre un apprentissage d\u00e9di\u00e9. L&rsquo;utilisateur doit pouvoir faire le rapprochement de mani\u00e8re intuitive entre les actions qu&rsquo;il doit effectuer sur la page Web et les autres interactions qu&rsquo;il voit dans sa vie (par exemple, presser un bouton provoque une action).<br \/>\nSource : <a title=\"Ergonomie\" href=\"http:\/\/fr.wikipedia.org\/wiki\/Utilisabilit%C3%A9_du_Web\" target=\"_blank\">wikip\u00e9dia<\/a><\/p>\n<p><a href=\"http:\/\/le-nomade.com\/nomade\/wp-content\/uploads\/2014\/04\/Capture-d\u2019\u00e9cran-2015-02-26-\u00e0-16.59.57.png\"><img loading=\"lazy\" decoding=\"async\" class=\"alignnone size-full wp-image-612\" src=\"http:\/\/le-nomade.com\/nomade\/wp-content\/uploads\/2014\/04\/Capture-d\u2019\u00e9cran-2015-02-26-\u00e0-16.59.57.png\" alt=\"Axure\" width=\"927\" height=\"687\" srcset=\"https:\/\/le-nomade.com\/nomade\/wp-content\/uploads\/2014\/04\/Capture-d\u2019\u00e9cran-2015-02-26-\u00e0-16.59.57.png 927w, https:\/\/le-nomade.com\/nomade\/wp-content\/uploads\/2014\/04\/Capture-d\u2019\u00e9cran-2015-02-26-\u00e0-16.59.57-300x222.png 300w\" sizes=\"(max-width: 927px) 100vw, 927px\" \/><\/a><\/p>\n<h3>Ergonomie web\u00a0pour des sites web efficaces\u00a0et utilisabilit\u00e9 dans les domaines de\u00a0l&rsquo;Internet, du mobile et du logiciel.<\/h3>\n<p>Nos mandats en <strong>ergonomie web<\/strong> ont \u00e9t\u00e9 effectu\u00e9es principalement dans les domaines bancaires et \u00e9ducationnels.<\/p>\n<h3>Principaux mandats en ergonomie web<\/h3>\n<p><strong>[ Client: Desjardins ]\u00a0Montr\u00e9al \/ Canada<\/strong><br \/>\nOutil de gestion de plaintes et insatisfaction client.<br \/>\nCet outil a \u00e9t\u00e9 d\u00e9velopp\u00e9 \u00e0 partir de 2 normes en <strong>ergonomie web<\/strong> diff\u00e9rentes et sp\u00e9cifiques au groupe Desjardins, le tout combin\u00e9 en une seule.\u00a0Programmation en PHP pour permettre une interaction plus r\u00e9aliste et valider les cas de figures les plus usuels.<\/p>\n<p><strong>[ Client: Desjardins ]\u00a0Montr\u00e9al \/ Canada<\/strong><br \/>\nCr\u00e9ation d&rsquo;un cadre de travail (FrameWork) en PHP pour faciliter la cr\u00e9ation, la gestion et les am\u00e9liorations successives de prototypes dans le domaine de <strong>l&rsquo;ergonomie web<\/strong>. Toute la programmation a \u00e9t\u00e9 pens\u00e9e en tant que module pour faciliter autant la gestion des langues que les it\u00e9rations successives. Un m\u00eame prototype pouvait alors montrer plusieurs phases d&rsquo;implantation d&rsquo;une solution web. En dernier point, le syst\u00e8me a aussi \u00e9t\u00e9 con\u00e7u pour la portabilit\u00e9 en html purement statique et ce, gr\u00e2\u00e7e \u00e0 l&rsquo;utilisation d&rsquo;un logiciel tel que\u00a0<a href=\"http:\/\/www.httrack.com\/\" target=\"_blank\">HTTrack<\/a>.<\/p>\n<p><strong>[ Mandat : Les \u00e9ditions CEC ]\u00a0Montr\u00e9al \/ Canada<\/strong><br \/>\nMise en place d\u2019une application iPad de lecture d\u2019ouvrage num\u00e9rique et adaptation ergonomique. Implantation en ergonomie des interfaces (UX) des premiers projets de tableau blanc \u00e9lectronique.<\/p>\n<p><strong>[ Mandat : Cheneli\u00e8re \u00e9ducation ]\u00a0Montr\u00e9al \/ Canada<\/strong><br \/>\nArchitecture, <strong>ergonomie web<\/strong> et implantation d\u2019une nouvelle plateforme web avec outils de lecture de livres num\u00e9riques.<br \/>\n<strong>Notre logiciel de pr\u00e9dilection : Axure V7.<\/strong><\/p>\n<p>&nbsp;<\/p>\n<h5>Autres articles sur l&rsquo;ergonomie<\/h5>\n<p><a href=\"http:\/\/www.commentcamarche.net\/contents\/1255-ergonomie-d-un-site-web\" target=\"_blank\">http:\/\/www.commentcamarche.net\/contents\/1255-ergonomie-d-un-site-web<\/a><\/p>\n<p><a href=\"http:\/\/www.dicodunet.com\/definitions\/creation-web\/ergonomie.htm\" target=\"_blank\">L&rsquo;ergonomie web &#8211; D\u00e9finition de Ergonomie web &#8211; Dictionnaire<\/a><\/p>\n","protected":false},"excerpt":{"rendered":"<p>Qu&rsquo;est-ce que l&rsquo;ergonomie web ? L&rsquo;utilisabilit\u00e9 du Web, appel\u00e9e \u00e9galement ergonomie Web, est l&rsquo;application de l&rsquo;utilisabilit\u00e9 dans les domaines o\u00f9<\/p>\n","protected":false},"author":1,"featured_media":0,"parent":0,"menu_order":0,"comment_status":"closed","ping_status":"closed","template":"","meta":{"footnotes":""},"_links":{"self":[{"href":"https:\/\/le-nomade.com\/nomade\/wp-json\/wp\/v2\/pages\/210"}],"collection":[{"href":"https:\/\/le-nomade.com\/nomade\/wp-json\/wp\/v2\/pages"}],"about":[{"href":"https:\/\/le-nomade.com\/nomade\/wp-json\/wp\/v2\/types\/page"}],"author":[{"embeddable":true,"href":"https:\/\/le-nomade.com\/nomade\/wp-json\/wp\/v2\/users\/1"}],"replies":[{"embeddable":true,"href":"https:\/\/le-nomade.com\/nomade\/wp-json\/wp\/v2\/comments?post=210"}],"version-history":[{"count":22,"href":"https:\/\/le-nomade.com\/nomade\/wp-json\/wp\/v2\/pages\/210\/revisions"}],"predecessor-version":[{"id":1260,"href":"https:\/\/le-nomade.com\/nomade\/wp-json\/wp\/v2\/pages\/210\/revisions\/1260"}],"wp:attachment":[{"href":"https:\/\/le-nomade.com\/nomade\/wp-json\/wp\/v2\/media?parent=210"}],"curies":[{"name":"wp","href":"https:\/\/api.w.org\/{rel}","templated":true}]}}