{"id":216,"date":"2014-04-13T14:31:10","date_gmt":"2014-04-13T14:31:10","guid":{"rendered":"http:\/\/le-nomade.com\/nomade\/?page_id=216"},"modified":"2015-06-13T18:46:58","modified_gmt":"2015-06-13T18:46:58","slug":"site-internet","status":"publish","type":"page","link":"https:\/\/le-nomade.com\/nomade\/site-internet\/","title":{"rendered":"Site Internet"},"content":{"rendered":"<h2>Depuis 1996, Le Nomade.Com est sp\u00e9cialis\u00e9 dans la conception, le d\u00e9veloppement et la programmation de sites Internet ergonomiques.<\/h2>\n<p>Le Nomade.com, pour toutes vos <strong>solutions Web<\/strong> au Canada et en Europe, vous propose l&rsquo;\u00e9laboration de votre strat\u00e9gie Internet, de la cr\u00e9ation de sites Web (<strong>WordPress<\/strong>) au r\u00e9f\u00e9rencement (<strong>SEO<\/strong>) sur les moteurs de recherche en passant par le marketing Web.<\/p>\n<p>Notre \u00e9quipe de consultants sera en mesure de vous accompagner et de vous conseiller efficacement dans votre projet de <strong>cr\u00e9ation d&rsquo;un site Internet ou mobile<\/strong>, en \u00e9tablissant d\u00e8s le d\u00e9part une strat\u00e9gie Web orient\u00e9e vers vos objectifs d&rsquo;affaires et con\u00e7ue sur mesure en fonction de votre client\u00e8le et de votre budget.<\/p>\n<p>Notre expertise, acquise depuis 1996 \u00e0 travers l&rsquo;\u00e9laboration de multiples sites Web, fait de Le Nomade.com un partenaire d&rsquo;excellence pour mener \u00e0 bien votre projet de conception de site Internet et mobile.<\/p>\n<h3>Mandat en cours :<\/h3>\n<p><strong>[ Client: <a title=\"Site de l'entreprise Telefaxcommunication\" href=\"http:\/\/telefaxcommunication.com\" target=\"_blank\">Telefaxcommunication<\/a>\u00a0]\u00a0Montr\u00e9al \/ Canada<\/strong><br \/>\nContrat de SEO. Am\u00e9lioration du r\u00e9f\u00e9rencement dans les moteurs de recherche.<\/p>\n<p>TELEFAX Communication est une entreprise sp\u00e9cialis\u00e9e dans l\u2019implantation de la t\u00e9l\u00e9phonie IP, installation de lignes t\u00e9l\u00e9phoniques d\u2019affaires et r\u00e9sidentielles, connection Internet par cable et ADSL, cam\u00e9ra de s\u00e9curit\u00e9 ip. Plus d\u2019informations \u00e0\u00a0<a title=\"Site de l'entreprise sp\u00e9cialis\u00e9 en t\u00e9l\u00e9phonie ip\" href=\"http:\/\/telefaxcommunication.com\" target=\"_blank\">http:\/\/telefaxcommunication.com<\/a><\/p>\n<h3>Mandats r\u00e9cents en d\u00e9veloppement de site Internet:<\/h3>\n<p><strong>[ Client:\u00a0<a title=\"Micro site du Mus\u00e9e Stewart\" href=\"http:\/\/guerre1812.org\" target=\"_blank\">Mus\u00e9e Stewart<\/a>\u00a0]\u00a0Montr\u00e9al \/ Canada<\/strong><br \/>\nMicro site d\u00e9velopp\u00e9 sous WordPress.\u00a0Programmation en PHP et bases de donn\u00e9es Filemaker.<\/p>\n<p>Ce site a pour objectif principal de comm\u00e9morer le bicentenaire de la guerre de 1812 et de permettre \u00e0 tous les Canadiens d\u2019acc\u00e9der \u00e0 de l\u2019information de qualit\u00e9\u00a0qui permet de mieux comprendre les tenants et aboutissants de cet \u00e9v\u00e9nement majeur et l\u2019impact que celui-ci a eu sur le Canada.<\/p>\n<p><strong>[ Client: MassoBamboo ]\u00a0Montr\u00e9al \/ Canada<\/strong><br \/>\nMicro-site d\u00e9velopp\u00e9 sous WordPress. Non disponible en 2015.<\/p>\n<p>Ce site avait pour objectif principal de pr\u00e9senter les services en massoth\u00e9rapie de Danielle Duceppe, massoth\u00e9rapeute agr\u00e9\u00e9e.<\/p>\n<p>&nbsp;<\/p>\n<h4>Portfolio en d\u00e9veloppement et programmation de sites Internet:<\/h4>\n<p>Pour voir les plus anciens contrats dans le domaine de la cr\u00e9ation, conception et gestion de sites Internet : <a title=\"Portfolio de le nomade.com - Philippe Waterloos\" href=\"http:\/\/portfolio.le-nomade.com\/\" target=\"_blank\">http:\/\/portfolio.le-nomade.com\/<\/a><\/p>\n","protected":false},"excerpt":{"rendered":"<p>Depuis 1996, Le Nomade.Com est sp\u00e9cialis\u00e9 dans la conception, le d\u00e9veloppement et la programmation de sites Internet ergonomiques. Le Nomade.com,<\/p>\n","protected":false},"author":1,"featured_media":0,"parent":0,"menu_order":0,"comment_status":"closed","ping_status":"closed","template":"","meta":{"footnotes":""},"_links":{"self":[{"href":"https:\/\/le-nomade.com\/nomade\/wp-json\/wp\/v2\/pages\/216"}],"collection":[{"href":"https:\/\/le-nomade.com\/nomade\/wp-json\/wp\/v2\/pages"}],"about":[{"href":"https:\/\/le-nomade.com\/nomade\/wp-json\/wp\/v2\/types\/page"}],"author":[{"embeddable":true,"href":"https:\/\/le-nomade.com\/nomade\/wp-json\/wp\/v2\/users\/1"}],"replies":[{"embeddable":true,"href":"https:\/\/le-nomade.com\/nomade\/wp-json\/wp\/v2\/comments?post=216"}],"version-history":[{"count":12,"href":"https:\/\/le-nomade.com\/nomade\/wp-json\/wp\/v2\/pages\/216\/revisions"}],"predecessor-version":[{"id":1335,"href":"https:\/\/le-nomade.com\/nomade\/wp-json\/wp\/v2\/pages\/216\/revisions\/1335"}],"wp:attachment":[{"href":"https:\/\/le-nomade.com\/nomade\/wp-json\/wp\/v2\/media?parent=216"}],"curies":[{"name":"wp","href":"https:\/\/api.w.org\/{rel}","templated":true}]}}