{"id":348,"date":"2014-11-30T00:13:22","date_gmt":"2014-11-30T00:13:22","guid":{"rendered":"http:\/\/le-nomade.com\/nomade\/?page_id=348"},"modified":"2015-08-22T15:26:41","modified_gmt":"2015-08-22T15:26:41","slug":"quoi-photographier-a-montreal","status":"publish","type":"page","link":"https:\/\/le-nomade.com\/nomade\/photographie-au-canada\/500px\/quoi-photographier-a-montreal\/","title":{"rendered":"Ville de Montr\u00e9al"},"content":{"rendered":"<p><strong>Que photographier \u00e0 Montr\u00e9al ?<\/strong><\/p>\n<p>Montr\u00e9al est une de mes villes de pr\u00e9dilection pour la photographie, et dont le d\u00e9cor change au gr\u00e9 des quatre saisons. On y retrouve une panoplie d&rsquo;attraits touristiques mais aussi des coins moins connus qui sont tout aussi int\u00e9ressants pour la photographie.<\/p>\n<p><a title=\"lenomadecom sur 500px\" href=\"http:\/\/le-nomade.com\/nomade\/photographie\/500px\/quoi-photographier-a-montreal\/\" target=\"_blank\">http:\/\/500px.com\/lenomadecom<\/a><\/p>\n<p><a title=\"Images de Montr\u00e9al disponibles sur 500px\" href=\"http:\/\/le-nomade.com\/nomade\/photographie\/500px\/quoi-photographier-a-montreal\/\" target=\"_blank\"><img loading=\"lazy\" decoding=\"async\" class=\"alignleft size-full wp-image-1538\" src=\"http:\/\/le-nomade.com\/nomade\/wp-content\/uploads\/2014\/11\/Capture-d\u2019\u00e9cran-2015-08-22-\u00e0-10.59.44.png\" alt=\"Capture d\u2019\u00e9cran 2015-08-22 \u00e0 10.59.44\" width=\"696\" height=\"689\" srcset=\"https:\/\/le-nomade.com\/nomade\/wp-content\/uploads\/2014\/11\/Capture-d\u2019\u00e9cran-2015-08-22-\u00e0-10.59.44.png 696w, https:\/\/le-nomade.com\/nomade\/wp-content\/uploads\/2014\/11\/Capture-d\u2019\u00e9cran-2015-08-22-\u00e0-10.59.44-300x297.png 300w, https:\/\/le-nomade.com\/nomade\/wp-content\/uploads\/2014\/11\/Capture-d\u2019\u00e9cran-2015-08-22-\u00e0-10.59.44-60x60.png 60w\" sizes=\"(max-width: 696px) 100vw, 696px\" \/><\/a><\/p>\n<p>&nbsp;<\/p>\n<p>Citation tir\u00e9e du site de tourisme Montr\u00e9al :<\/p>\n<blockquote><p>Un Paris new-yorkais ou un New York parisien?<\/p>\n<p>&nbsp;<\/p>\n<p>Nous avons plut\u00f4t d\u00e9couvert une ville pleine de contrastes \u00e0 la personnalit\u00e9 bien tremp\u00e9e.<\/p>\n<p>Bien s\u00fbr, le charme du vieux continent et l&rsquo;effervescence du Nouveau Monde sont tram\u00e9s \u00e0 m\u00eame la fibre de la cit\u00e9, mais c&rsquo;est l&rsquo;amalgame des cultures qui donne \u00e0 Montr\u00e9al son cachet si particulier.<\/p>\n<p>Basculer d&rsquo;un seul clic dans un autre univers et saisir sur le vif un moment privil\u00e9gi\u00e9, voil\u00e0 le r\u00eave du voyageur \u00e0 l&rsquo;aff\u00fbt de l&rsquo;in\u00e9dit.<\/p>\n<p>&nbsp;<\/p>\n<p>Chaque arrondissement de l&rsquo;\u00eele poss\u00e8de son caract\u00e8re, son allure et son histoire, et pourrait \u00e9crire son propre documentaire.<\/p>\n<p>Montr\u00e9al romantique, Montr\u00e9al hyper-techno : la polyvalence lui sied \u00e0 merveille. \u00c0 la fois intimiste et cosmopolite, elle est r\u00e9solument ouverte sur le monde.<\/p>\n<p>&nbsp;<\/p>\n<p>Malgr\u00e9 une diversit\u00e9 assum\u00e9e, les habitants de la m\u00e9tropole partagent une valeur commune : la soif de vivre et de laisser vivre, et ils le font tr\u00e8s bien.<\/p>\n<p>&nbsp;<\/p><\/blockquote>\n<p>Source : <a title=\"Tourisme Montr\u00e9al\" href=\"http:\/\/www.tourisme-montreal.org\/Decouvrez-montreal\/Montreal-par-theme#&amp;&amp;\/wEXAgURU3ViR3JvdXBBcnRpY2xlSWQFBTExMjEzBQpTdWJHcm91cElkBQEx\" target=\"_blank\">http:\/\/www.tourisme-montreal.org\/<\/a><\/p>\n","protected":false},"excerpt":{"rendered":"<p>Que photographier \u00e0 Montr\u00e9al ? Montr\u00e9al est une de mes villes de pr\u00e9dilection pour la photographie, et dont le d\u00e9cor<\/p>\n","protected":false},"author":1,"featured_media":0,"parent":260,"menu_order":0,"comment_status":"closed","ping_status":"closed","template":"template-fullwidth.php","meta":{"footnotes":""},"_links":{"self":[{"href":"https:\/\/le-nomade.com\/nomade\/wp-json\/wp\/v2\/pages\/348"}],"collection":[{"href":"https:\/\/le-nomade.com\/nomade\/wp-json\/wp\/v2\/pages"}],"about":[{"href":"https:\/\/le-nomade.com\/nomade\/wp-json\/wp\/v2\/types\/page"}],"author":[{"embeddable":true,"href":"https:\/\/le-nomade.com\/nomade\/wp-json\/wp\/v2\/users\/1"}],"replies":[{"embeddable":true,"href":"https:\/\/le-nomade.com\/nomade\/wp-json\/wp\/v2\/comments?post=348"}],"version-history":[{"count":15,"href":"https:\/\/le-nomade.com\/nomade\/wp-json\/wp\/v2\/pages\/348\/revisions"}],"predecessor-version":[{"id":1542,"href":"https:\/\/le-nomade.com\/nomade\/wp-json\/wp\/v2\/pages\/348\/revisions\/1542"}],"up":[{"embeddable":true,"href":"https:\/\/le-nomade.com\/nomade\/wp-json\/wp\/v2\/pages\/260"}],"wp:attachment":[{"href":"https:\/\/le-nomade.com\/nomade\/wp-json\/wp\/v2\/media?parent=348"}],"curies":[{"name":"wp","href":"https:\/\/api.w.org\/{rel}","templated":true}]}}