{"id":426,"date":"2014-12-16T22:16:43","date_gmt":"2014-12-16T22:16:43","guid":{"rendered":"http:\/\/le-nomade.com\/nomade\/?page_id=426"},"modified":"2015-06-16T13:19:42","modified_gmt":"2015-06-16T13:19:42","slug":"service-de-webmestre","status":"publish","type":"page","link":"https:\/\/le-nomade.com\/nomade\/site-internet\/service-de-webmestre\/","title":{"rendered":"Service de webmestre"},"content":{"rendered":"<h2>Service de webmestre\/webmaster<\/h2>\n<p>Avez-vous le temps et le budget pour engager \u00e0 temps plein une ressource pour g\u00e9rer votre site Web ? Si la r\u00e9ponse \u00e0 cette question est non, alors nous pouvons vous aider car un site Internet se doit d&rsquo;\u00eatre mis \u00e0 jour r\u00e9guli\u00e8rement pour attirer et fid\u00e9liser vos clients.<\/p>\n<p>Le Nomade.Com vous propose d&rsquo;impartir des services de gestion de vos sites Internet appel\u00e9 plus commun\u00e9ment <strong>services de webmestre<\/strong> ou en anglais <strong>webmastering<\/strong>.<br \/>\nNos services de webmestre sont vastes et adapt\u00e9s \u00e0 vos besoins et \u00e0 votre budget.<\/p>\n<h3><strong>Voici une liste non-exhaustive de nos services<\/strong> :<\/h3>\n<ul>\n<li>Gestion et r\u00e9daction de contenus, service d&rsquo;\u00e9dimestre.<\/li>\n<li>Traduction de contenus de l&rsquo;anglais vers le fran\u00e7ais ou l&rsquo;inverse.<\/li>\n<li>Optimisation de votre contenu pour les moteurs de recherche (SEO).<\/li>\n<li>Gestion de vos communaut\u00e9s sociales (SMO).\n<ul>\n<li>Facebook, Google+, Linkedin, Twitter.<\/li>\n<\/ul>\n<\/li>\n<li>Gestion de vos fournisseurs et de l&rsquo;h\u00e9bergeur de votre site Internet.<\/li>\n<li>Gestion de vos d\u00e9veloppements informatiques avec vos fournisseurs.<\/li>\n<li>Gestion de vos campagnes de marketing avec Awords.<\/li>\n<li>Gestion de vos envois de publicit\u00e9 courriel avec <a title=\"Mailchimp\" href=\"http:\/\/mailchimp.com\" target=\"_blank\">MailChimp<\/a>.<\/li>\n<li>Gestion de vos comptes de courriels.<\/li>\n<li>Analyse et r\u00e9vision ergonomique de site web.\n<ul>\n<li>Prototypage avec le logiciel <a title=\"Logiciel Axure\" href=\"http:\/\/www.axure.com\/\" target=\"_blank\">Axure<\/a>.<\/li>\n<\/ul>\n<\/li>\n<li><a title=\"Validation ergonomique\" href=\"http:\/\/le-nomade.com\/nomade\/ergonomie-web\/validation-ergonomique-application\/\" target=\"_blank\">Validation ergonomique d&rsquo;applications<\/a> iPad ou Andro\u00efd.<\/li>\n<li>Gestion de sites web de type WordPress.<\/li>\n<li>Gestion d\u2019une boutique en ligne.\n<ul>\n<li>ajout et modification de produits.<\/li>\n<li>gestion des commandes.<\/li>\n<\/ul>\n<\/li>\n<li>H\u00e9bergement de sites web et <a title=\"H\u00e9bergement Filemaker\" href=\"http:\/\/le-nomade.com\/nomade\/filemaker\/hebergement-filemaker\/\" target=\"_blank\">bases de donn\u00e9es Filemaker<\/a>.<\/li>\n<li>Prise de photographies et infographie.<\/li>\n<\/ul>\n<p>&nbsp;<\/p>\n<h3>Votre budget de services de webmestre<\/h3>\n<p>Nous fonctionnons habituellement en termes de banque d&rsquo;heurse et avec des taux r\u00e9gressifs pour des mandats long terme.<\/p>\n<p><a title=\"Envoyer une demande d'information\" href=\"mailto:info@le-nomade.com\" target=\"_blank\">Contactez-nous pour en savoir plus<\/a>\u00a0sur notre <strong>service de webmestre<\/strong> !<\/p>\n<p>&nbsp;<\/p>\n<hr \/>\n<h4>Quel diff\u00e9rence entre un webmestre et un \u00e9dimestre ?<\/h4>\n<p>Le <a title=\"Travail de l'\u00e9dimestre\" href=\"http:\/\/le-nomade.com\/nomade\/site-internet\/servide-edimestre\/\">travail de l&rsquo;\u00e9dimestre<\/a> est ax\u00e9 essentiellement sur la r\u00e9daction et la r\u00e9vision de contenus contrairement au\u00a0<strong>webmestre<\/strong>\u00a0qui peut \u00eatre en partie ou totalement de nature plus technique.<\/p>\n<p>&nbsp;<\/p>\n<p>Source :\u00a0<a title=\"Article sur le m\u00e9tier de webmestre\" href=\"http:\/\/www.cidj.com\/article-metier\/webmaster\" target=\"_blank\">http:\/\/www.cidj.com\/article-metier\/webmaster<\/a><\/p>\n<p>&nbsp;<\/p>\n","protected":false},"excerpt":{"rendered":"<p>Service de webmestre\/webmaster Avez-vous le temps et le budget pour engager \u00e0 temps plein une ressource pour g\u00e9rer votre site<\/p>\n","protected":false},"author":1,"featured_media":0,"parent":216,"menu_order":0,"comment_status":"closed","ping_status":"closed","template":"","meta":{"footnotes":""},"_links":{"self":[{"href":"https:\/\/le-nomade.com\/nomade\/wp-json\/wp\/v2\/pages\/426"}],"collection":[{"href":"https:\/\/le-nomade.com\/nomade\/wp-json\/wp\/v2\/pages"}],"about":[{"href":"https:\/\/le-nomade.com\/nomade\/wp-json\/wp\/v2\/types\/page"}],"author":[{"embeddable":true,"href":"https:\/\/le-nomade.com\/nomade\/wp-json\/wp\/v2\/users\/1"}],"replies":[{"embeddable":true,"href":"https:\/\/le-nomade.com\/nomade\/wp-json\/wp\/v2\/comments?post=426"}],"version-history":[{"count":31,"href":"https:\/\/le-nomade.com\/nomade\/wp-json\/wp\/v2\/pages\/426\/revisions"}],"predecessor-version":[{"id":1368,"href":"https:\/\/le-nomade.com\/nomade\/wp-json\/wp\/v2\/pages\/426\/revisions\/1368"}],"up":[{"embeddable":true,"href":"https:\/\/le-nomade.com\/nomade\/wp-json\/wp\/v2\/pages\/216"}],"wp:attachment":[{"href":"https:\/\/le-nomade.com\/nomade\/wp-json\/wp\/v2\/media?parent=426"}],"curies":[{"name":"wp","href":"https:\/\/api.w.org\/{rel}","templated":true}]}}