{"id":464,"date":"2015-01-25T15:31:11","date_gmt":"2015-01-25T15:31:11","guid":{"rendered":"http:\/\/le-nomade.com\/nomade\/?page_id=464"},"modified":"2018-12-20T19:54:33","modified_gmt":"2018-12-20T19:54:33","slug":"clients","status":"publish","type":"page","link":"https:\/\/le-nomade.com\/nomade\/clients\/","title":{"rendered":"Clients"},"content":{"rendered":"<h4>Nos clients et mandats<\/h4>\n<p>&nbsp;<\/p>\n<p><a title=\"Carte des espaces de coworking au Qu\u00e9bec\" href=\"http:\/\/coworkingquebec.org\/\" target=\"_blank\" rel=\"noopener\"><img loading=\"lazy\" decoding=\"async\" class=\"alignleft size-full wp-image-1870\" src=\"http:\/\/le-nomade.com\/nomade\/wp-content\/uploads\/2015\/01\/carte_espaces_coworking.png\" alt=\"carte_espaces_coworking\" width=\"279\" height=\"170\" \/><\/a><\/p>\n<p>&nbsp;<\/p>\n<p>&nbsp;<\/p>\n<p>Cr\u00e9ation du site de la carte des espaces de coworking au Qu\u00e9bec. Site WordPress.<\/p>\n<p>&nbsp;<\/p>\n<p>&nbsp;<\/p>\n<p>&nbsp;<\/p>\n<p>&nbsp;<\/p>\n<p><a title=\"Kempo karat\u00e9 \u00e0 Lasalle - Montr\u00e9al\" href=\"http:\/\/kempokarate.ca\/fr\/page-accueil\/\" target=\"_blank\" rel=\"noopener\"><img loading=\"lazy\" decoding=\"async\" class=\"alignleft wp-image-1752 size-full\" src=\"http:\/\/le-nomade.com\/nomade\/wp-content\/uploads\/2015\/01\/logo_karate_kempo_v3.png\" alt=\"logo_karate_kempo_v3\" width=\"990\" height=\"98\" srcset=\"https:\/\/le-nomade.com\/nomade\/wp-content\/uploads\/2015\/01\/logo_karate_kempo_v3.png 990w, https:\/\/le-nomade.com\/nomade\/wp-content\/uploads\/2015\/01\/logo_karate_kempo_v3-300x30.png 300w\" sizes=\"(max-width: 990px) 100vw, 990px\" \/><\/a><\/p>\n<p>Cr\u00e9ation nouveau site Internet de Lasalle Kempo Karat\u00e9<\/p>\n<p>&nbsp;<\/p>\n<p>&nbsp;<\/p>\n<p>&nbsp;<\/p>\n<p><a title=\"Site de coworking rive-sud de Montr\u00e9al\" href=\"http:\/\/coworking-rive-sud.org\" target=\"_blank\" rel=\"noopener\"><img loading=\"lazy\" decoding=\"async\" class=\"alignleft wp-image-1227\" src=\"http:\/\/le-nomade.com\/nomade\/wp-content\/uploads\/2015\/01\/Capture-d\u2019\u00e9cran-2015-06-08-\u00e0-21.54.04.png\" alt=\"Coworking rive-sud\" width=\"332\" height=\"143\" srcset=\"https:\/\/le-nomade.com\/nomade\/wp-content\/uploads\/2015\/01\/Capture-d\u2019\u00e9cran-2015-06-08-\u00e0-21.54.04.png 667w, https:\/\/le-nomade.com\/nomade\/wp-content\/uploads\/2015\/01\/Capture-d\u2019\u00e9cran-2015-06-08-\u00e0-21.54.04-300x129.png 300w\" sizes=\"(max-width: 332px) 100vw, 332px\" \/><\/a><\/p>\n<p>&nbsp;<\/p>\n<p>R\u00e9f\u00e9rencement du site Internet WordPress. Redesign avec un th\u00e8me gratuit.<\/p>\n<p>&nbsp;<\/p>\n<p>&nbsp;<\/p>\n<p>&nbsp;<\/p>\n<p>&nbsp;<\/p>\n<p><a title=\"Space&amp;Dream et sa filiale Espace &amp; R\u00eaves \u00e9ducation\" href=\"http:\/\/www.spaceanddream.com\" target=\"_blank\" rel=\"noopener\"><img loading=\"lazy\" decoding=\"async\" class=\"alignleft size-medium wp-image-1178\" src=\"http:\/\/le-nomade.com\/nomade\/wp-content\/uploads\/2015\/01\/logo_SD_BLEU-300x120.png\" alt=\"Space&amp;Dream\" width=\"300\" height=\"120\" srcset=\"https:\/\/le-nomade.com\/nomade\/wp-content\/uploads\/2015\/01\/logo_SD_BLEU-300x120.png 300w, https:\/\/le-nomade.com\/nomade\/wp-content\/uploads\/2015\/01\/logo_SD_BLEU.png 512w\" sizes=\"(max-width: 300px) 100vw, 300px\" \/><\/a><\/p>\n<p>&nbsp;<\/p>\n<p>R\u00e9f\u00e9rencement du site Internet, app iPad\/Android et services-conseils.<\/p>\n<p>&nbsp;<\/p>\n<p>&nbsp;<\/p>\n<p><a title=\"moientrepreneur.ca\" href=\"http:\/\/moientrepreneur.ca\/\" target=\"_blank\" rel=\"noopener\"><img loading=\"lazy\" decoding=\"async\" class=\"alignleft size-full wp-image-1022\" src=\"http:\/\/le-nomade.com\/nomade\/wp-content\/uploads\/2015\/01\/Capture-d\u2019\u00e9cran-2015-04-20-\u00e0-11.13.21.png\" alt=\"Capture d\u2019\u00e9cran 2015-04-20 \u00e0 11.13.21\" width=\"249\" height=\"119\" \/><\/a><\/p>\n<p>&nbsp;<\/p>\n<p>&nbsp;<\/p>\n<p>R\u00e9f\u00e9rencement du site Internet et services-conseils.<\/p>\n<p>&nbsp;<\/p>\n<p>&nbsp;<\/p>\n<p><a title=\"Edululu\" href=\"http:\/\/edululu.org\/fr\" target=\"_blank\" rel=\"noopener\"><img loading=\"lazy\" decoding=\"async\" class=\"alignleft\" title=\"Edululu\" src=\"http:\/\/le-nomade.com\/nomade\/wp-content\/uploads\/2015\/01\/Capture-d\u2019\u00e9cran-2015-01-25-\u00e0-09.png\" alt=\"Edululu filiale de TFO\" width=\"286\" height=\"119\" \/><\/a><\/p>\n<p>&nbsp;<\/p>\n<p>\u00c9valuation ergonomique d&rsquo;applications iPad pour <a title=\"Edululu\" href=\"http:\/\/edululu.org\/fr\" target=\"_blank\" rel=\"noopener\">Edululu<\/a>, filiale de <a title=\"TFO\" href=\"http:\/\/tfo.org\" target=\"_blank\" rel=\"noopener\">TFO<\/a>.<\/p>\n<p>&nbsp;<\/p>\n<p>&nbsp;<\/p>\n<p><a title=\"Telefaxcommunication\" href=\"http:\/\/telefaxcommunication.com\" target=\"_blank\" rel=\"noopener\"><img loading=\"lazy\" decoding=\"async\" class=\"alignleft\" title=\"TelefaxCommunication\" src=\"http:\/\/le-nomade.com\/nomade\/wp-content\/uploads\/2015\/01\/Capture-d\u2019\u00e9cran-2015-01-25-\u00e0-09.49.01.png\" alt=\"TelefaxCommunication\" width=\"293\" height=\"85\" \/><\/a><\/p>\n<p>&nbsp;<\/p>\n<p><span style=\"font-size: 0.95em; line-height: 1.6em;\">Gestion du\u00a0<a title=\"http:\/\/telefaxcommunication.com\" href=\"http:\/\/telefaxcommunication.com\" target=\"_blank\" rel=\"noopener\">site Internet<\/a> et <a title=\"R\u00e9f\u00e9rencement web et SEO avec Google\" href=\"http:\/\/le-nomade.com\/nomade\/site-internet\/referencement-seo\/\" target=\"_blank\" rel=\"noopener\">r\u00e9f\u00e9rencement SEO<\/a> pour le site de <strong>telefaxcommunication.<\/strong><\/span><\/p>\n<p>&nbsp;<\/p>\n<p><a title=\"Accipiotechnologies\" href=\"http:\/\/www.accipiotechnologies.com\" target=\"_blank\" rel=\"noopener\"><img loading=\"lazy\" decoding=\"async\" class=\"alignleft\" title=\"Accipiotechnologie\" src=\"http:\/\/le-nomade.com\/nomade\/wp-content\/uploads\/2015\/01\/Capture-d\u2019\u00e9cran-2015-01-25-\u00e0-09.48.39.png\" alt=\"Accipiotechnologie\" width=\"249\" height=\"77\" \/><\/a><\/p>\n<p>&nbsp;<\/p>\n<p><span style=\"font-size: 0.95em; line-height: 1.6em;\">Gestion de projet Internet pour\u00a0<a title=\"Site de accipiotechnologie\" href=\"http:\/\/www.accipiotechnologies.com\" target=\"_blank\" rel=\"noopener\">Accipiotechnologies<\/a>.<br \/>\n<a href=\"http:\/\/le-nomade.com\/nomade\/ergonomie-web\/\" target=\"_blank\" rel=\"noopener\">Analyse ergonomique<\/a> de projets web.<\/span><\/p>\n<p>&nbsp;<\/p>\n<p><a title=\"Publiusmedia\" href=\"http:\/\/publiusmedia.com\" target=\"_blank\" rel=\"noopener\"><img loading=\"lazy\" decoding=\"async\" class=\"alignleft\" title=\"Publiusmedia\" src=\"http:\/\/le-nomade.com\/nomade\/wp-content\/uploads\/2015\/01\/Capture-d\u2019\u00e9cran-2015-01-25-\u00e0-09.48.24.png\" alt=\"Publiusmedia\" width=\"206\" height=\"58\" \/><\/a><\/p>\n<p>&nbsp;<\/p>\n<p><span style=\"font-size: 0.95em; line-height: 1.6em;\">Gestion de projet publicitaire pour les magasins de d\u00e9tail avec le syst\u00e8me de <strong><a title=\"Publiusmedia\" href=\"http:\/\/publiusmedia.com\" target=\"_blank\" rel=\"noopener\">Publiusmedia<\/a>.\u00a0<\/strong><a href=\"http:\/\/le-nomade.com\/nomade\/ergonomie-web\/\" target=\"_blank\" rel=\"noopener\">Analyse ergonomique<\/a> de projets web.<\/span><\/p>\n<p>&nbsp;<\/p>\n<p><img loading=\"lazy\" decoding=\"async\" class=\"alignleft\" src=\"http:\/\/www.gcesports.ca\/images\/logo.png\" alt=\"\" width=\"121\" height=\"130\" \/><\/p>\n<p>&nbsp;<\/p>\n<p>Gestion de projet et soutien technique pour l&rsquo;application <strong>Gcesports.\u00a0<\/strong><a href=\"http:\/\/le-nomade.com\/nomade\/ergonomie-web\/\" target=\"_blank\" rel=\"noopener\">Analyse ergonomique<\/a> de l&rsquo;application.<\/p>\n<p>&nbsp;<\/p>\n<p>&nbsp;<\/p>\n<p>&nbsp;<\/p>\n<p><a title=\"Micro site du mus\u00e9e stewart\" href=\"http:\/\/guerre1812.org\" target=\"_blank\" rel=\"noopener\"><img loading=\"lazy\" decoding=\"async\" class=\"alignleft\" title=\"Mus\u00e9e stewart\" src=\"http:\/\/le-nomade.com\/nomade\/wp-content\/uploads\/2015\/01\/Capture-d\u2019\u00e9cran-2015-01-25-\u00e0-09.46.50.png\" alt=\"Mus\u00e9e stewart\" width=\"205\" height=\"101\" \/><\/a><\/p>\n<p style=\"text-align: left; padding-left: 90px;\">Conception du site Internet et Filemaker, h\u00e9bergement Internet. Le <a title=\"Mus\u00e9e McCord\" href=\"http:\/\/www.stewart-museum.org\/fr\/1812-secrets-d-archives-138.html\" target=\"_blank\" rel=\"noopener\">mus\u00e9e Stewart<\/a> est depuis 2014 une fililale du <a title=\"Mus\u00e9e McCord\" href=\"http:\/\/www.mccord-museum.qc.ca\/fr\/\" target=\"_blank\" rel=\"noopener\">Mus\u00e9e McCord<\/a>.<\/p>\n<p style=\"text-align: left;\"><a href=\"http:\/\/www.mccord-museum.qc.ca\/fr\/\" target=\"_blank\" rel=\"noopener\"><img loading=\"lazy\" decoding=\"async\" class=\"size-full wp-image-468\" src=\"http:\/\/le-nomade.com\/nomade\/wp-content\/uploads\/2015\/01\/Capture-d\u2019\u00e9cran-2015-01-25-\u00e0-09.47.40.png\" alt=\"Capture d\u2019\u00e9cran 2015-01-25 \u00e0 09.47.40\" width=\"303\" height=\"82\" srcset=\"https:\/\/le-nomade.com\/nomade\/wp-content\/uploads\/2015\/01\/Capture-d\u2019\u00e9cran-2015-01-25-\u00e0-09.47.40.png 303w, https:\/\/le-nomade.com\/nomade\/wp-content\/uploads\/2015\/01\/Capture-d\u2019\u00e9cran-2015-01-25-\u00e0-09.47.40-300x81.png 300w\" sizes=\"(max-width: 303px) 100vw, 303px\" \/><\/a><\/p>\n","protected":false},"excerpt":{"rendered":"<p>Nos clients et mandats &nbsp; &nbsp; &nbsp; Cr\u00e9ation du site de la carte des espaces de coworking au Qu\u00e9bec. Site<\/p>\n","protected":false},"author":1,"featured_media":0,"parent":0,"menu_order":0,"comment_status":"closed","ping_status":"closed","template":"","meta":{"footnotes":""},"_links":{"self":[{"href":"https:\/\/le-nomade.com\/nomade\/wp-json\/wp\/v2\/pages\/464"}],"collection":[{"href":"https:\/\/le-nomade.com\/nomade\/wp-json\/wp\/v2\/pages"}],"about":[{"href":"https:\/\/le-nomade.com\/nomade\/wp-json\/wp\/v2\/types\/page"}],"author":[{"embeddable":true,"href":"https:\/\/le-nomade.com\/nomade\/wp-json\/wp\/v2\/users\/1"}],"replies":[{"embeddable":true,"href":"https:\/\/le-nomade.com\/nomade\/wp-json\/wp\/v2\/comments?post=464"}],"version-history":[{"count":29,"href":"https:\/\/le-nomade.com\/nomade\/wp-json\/wp\/v2\/pages\/464\/revisions"}],"predecessor-version":[{"id":2055,"href":"https:\/\/le-nomade.com\/nomade\/wp-json\/wp\/v2\/pages\/464\/revisions\/2055"}],"wp:attachment":[{"href":"https:\/\/le-nomade.com\/nomade\/wp-json\/wp\/v2\/media?parent=464"}],"curies":[{"name":"wp","href":"https:\/\/api.w.org\/{rel}","templated":true}]}}