{"id":550,"date":"2015-02-22T22:47:37","date_gmt":"2015-02-22T22:47:37","guid":{"rendered":"http:\/\/le-nomade.com\/nomade\/?page_id=550"},"modified":"2015-06-13T18:09:57","modified_gmt":"2015-06-13T18:09:57","slug":"photos-de-sculpture-sur-glace","status":"publish","type":"page","link":"https:\/\/le-nomade.com\/nomade\/photographie-au-canada\/500px\/mes-photos-preferees\/photos-de-sculpture-sur-glace\/","title":{"rendered":"Ice sculpture 4 par Philippe Waterloos"},"content":{"rendered":"<h3>Photo de sculpture de glace<\/h3>\n<div>Photo prise le 22 f\u00e9vrier 2015 dans le quartier des spectacles \u00e0 Montr\u00e9al, QC, Canada.<\/div>\n<p><a title=\"Sculpture sur glace\" href=\"https:\/\/500px.com\/photo\/99799511\/ice-sculpture-4-by-philippe-waterloos?from=user_library\" target=\"_blank\"><img loading=\"lazy\" decoding=\"async\" class=\"size-thumbnail wp-image-552 alignleft\" src=\"http:\/\/le-nomade.com\/nomade\/wp-content\/uploads\/2015\/02\/Capture-d\u2019\u00e9cran-2015-02-22-\u00e0-17.41.56-150x150.png\" alt=\"sculpture sur glace\" width=\"150\" height=\"150\" srcset=\"https:\/\/le-nomade.com\/nomade\/wp-content\/uploads\/2015\/02\/Capture-d\u2019\u00e9cran-2015-02-22-\u00e0-17.41.56-150x150.png 150w, https:\/\/le-nomade.com\/nomade\/wp-content\/uploads\/2015\/02\/Capture-d\u2019\u00e9cran-2015-02-22-\u00e0-17.41.56-225x225.png 225w, https:\/\/le-nomade.com\/nomade\/wp-content\/uploads\/2015\/02\/Capture-d\u2019\u00e9cran-2015-02-22-\u00e0-17.41.56-60x60.png 60w\" sizes=\"(max-width: 150px) 100vw, 150px\" \/><\/a><\/p>\n<p>&nbsp;<\/p>\n<p>&nbsp;<\/p>\n<p>En vente \u00e0 cette adresse :<br \/>\n<a href=\"https:\/\/500px.com\/photo\/99799511\/ice-sculpture-4-by-philippe-waterloos\" target=\"_blank\">https:\/\/500px.com\/photo\/99799511\/ice-sculpture-4-by-philippe-waterloos<\/a><\/p>\n<p>&nbsp;<\/p>\n<h4><\/h4>\n<h4>TAGS<\/h4>\n<div><\/div>\n<div>\n<div><a href=\"https:\/\/500px.com\/search?tag=canada&amp;type=photos\">#canada<\/a>\u00a0<a href=\"https:\/\/500px.com\/search?tag=glace&amp;type=photos\">#glace<\/a>\u00a0<a href=\"https:\/\/500px.com\/search?tag=hiver&amp;type=photos\">#hiver<\/a>\u00a0<a href=\"https:\/\/500px.com\/search?tag=ice&amp;type=photos\">#ice<\/a>\u00a0<a href=\"https:\/\/500px.com\/search?tag=ice%20sculpture&amp;type=photos\">#ice sculpture<\/a>\u00a0<a href=\"https:\/\/500px.com\/search?tag=le-nomade.com&amp;type=photos\">#le-nomade.com<\/a>\u00a0<a href=\"https:\/\/500px.com\/search?tag=montreal&amp;type=photos\">#montreal<\/a>\u00a0<a href=\"https:\/\/500px.com\/search?tag=philippe%20waterloos&amp;type=photos\">#philippe waterloos<\/a>\u00a0<a href=\"https:\/\/500px.com\/search?tag=quartier%20des%20spectacles&amp;type=photos\">#quartier des spectacles<\/a>\u00a0<a href=\"https:\/\/500px.com\/search?tag=sculpture%20de%20glace&amp;type=photos\">#sculpture de glace<\/a><\/div>\n<\/div>\n","protected":false},"excerpt":{"rendered":"<p>Photo de sculpture de glace Photo prise le 22 f\u00e9vrier 2015 dans le quartier des spectacles \u00e0 Montr\u00e9al, QC, Canada.<\/p>\n","protected":false},"author":1,"featured_media":0,"parent":418,"menu_order":0,"comment_status":"closed","ping_status":"closed","template":"","meta":{"footnotes":""},"_links":{"self":[{"href":"https:\/\/le-nomade.com\/nomade\/wp-json\/wp\/v2\/pages\/550"}],"collection":[{"href":"https:\/\/le-nomade.com\/nomade\/wp-json\/wp\/v2\/pages"}],"about":[{"href":"https:\/\/le-nomade.com\/nomade\/wp-json\/wp\/v2\/types\/page"}],"author":[{"embeddable":true,"href":"https:\/\/le-nomade.com\/nomade\/wp-json\/wp\/v2\/users\/1"}],"replies":[{"embeddable":true,"href":"https:\/\/le-nomade.com\/nomade\/wp-json\/wp\/v2\/comments?post=550"}],"version-history":[{"count":6,"href":"https:\/\/le-nomade.com\/nomade\/wp-json\/wp\/v2\/pages\/550\/revisions"}],"predecessor-version":[{"id":1317,"href":"https:\/\/le-nomade.com\/nomade\/wp-json\/wp\/v2\/pages\/550\/revisions\/1317"}],"up":[{"embeddable":true,"href":"https:\/\/le-nomade.com\/nomade\/wp-json\/wp\/v2\/pages\/418"}],"wp:attachment":[{"href":"https:\/\/le-nomade.com\/nomade\/wp-json\/wp\/v2\/media?parent=550"}],"curies":[{"name":"wp","href":"https:\/\/api.w.org\/{rel}","templated":true}]}}