{"id":588,"date":"2015-02-26T01:53:06","date_gmt":"2015-02-26T01:53:06","guid":{"rendered":"http:\/\/le-nomade.com\/nomade\/?page_id=588"},"modified":"2015-06-16T13:20:41","modified_gmt":"2015-06-16T13:20:41","slug":"wordpress","status":"publish","type":"page","link":"https:\/\/le-nomade.com\/nomade\/site-internet\/wordpress\/","title":{"rendered":"WordPress"},"content":{"rendered":"<h2>WordPress, conception de sites Internet<\/h2>\n<p>Le Nomade.Com d\u00e9veloppe ses sites Web avec <strong>WordPress<\/strong>, le CMS de d\u00e9veloppement tr\u00e8s populaire sur Internet.<\/p>\n<p><strong>WordPress<\/strong> comporte certains avantages tels que:<\/p>\n<ul>\n<li>Plateforme gratuite et OpenSource.<\/li>\n<li>De nombreux th\u00e8mes graphiques et beaucoup d\u2019extensions disponibles.<\/li>\n<li>Facile \u00e0 utiliser pour la gestion des contenus.<\/li>\n<li>Optimis\u00e9 pour le\u00a0<a title=\"R\u00e9f\u00e9rencement SEO\" href=\"http:\/\/le-nomade.com\/nomade\/site-internet\/referencement-seo\/\">r\u00e9f\u00e9rencement organique (SEO)<\/a><\/li>\n<li>Mise en place rapide.<\/li>\n<\/ul>\n<p><a name=\"com\"><\/a><\/p>\n<p><strong>WordPress<\/strong> offre une plateforme de gestion conviviale pouvant\u00a0 \u00eatre rapidement mise en place, assurant ainsi un maximum d\u2019autonomie \u00e0 nos clients.<\/p>\n<p>Le Nomade.Com prend en charge le d\u00e9veloppement de blogues, de sites de commerce \u00e9lectronique et pr\u00e9sentant des fonctionnalit\u00e9s multilingues. La cr\u00e9ation de sites Internet avec <strong>WordPress<\/strong> peut se faire pour des micro-sites tout comme des sites plus complexes.<\/p>\n<p>N&rsquo;h\u00e9sitez pas \u00e0 nous contacter pour conna\u00eetre aussi nos <a title=\"Forfait formation WordPress\" href=\"http:\/\/le-nomade.com\/nomade\/forfait-formation-wordpress\/\">forfaits de formation WordPress<\/a>.<\/p>\n<div id=\"usermessagea\" class=\"cf_info \"><\/div><form enctype=\"multipart\/form-data\" action=\"\/nomade\/wp-json\/wp\/v2\/pages\/588#usermessagea\" method=\"post\" class=\"cform contact \" id=\"cformsform\"><fieldset class=\"cf-fs1\"><legend>Contactez-nous<\/legend><ol class=\"cf-ol\"><li id=\"li--2\" class=\"\"><label for=\"cf_field_2\"><span>Votre nom<\/span><\/label><input type=\"text\" name=\"cf_field_2\" id=\"cf_field_2\" class=\"single fldrequired\" value=\"\" onfocus=\"clearField(this)\" onblur=\"setField(this)\"\/><span class=\"reqtxt\">(requis)<\/span><\/li><li id=\"li--3\" class=\"\"><label for=\"cf_field_3\"><span>Courriel<\/span><\/label><input type=\"text\" name=\"cf_field_3\" id=\"cf_field_3\" class=\"single fldemail fldrequired\" value=\"\"\/><span class=\"emailreqtxt\">(courriel valide requis)<\/span><\/li><li id=\"li--4\" class=\"\"><label for=\"cf_field_4\"><span>Website<\/span><\/label><input type=\"text\" name=\"cf_field_4\" id=\"cf_field_4\" class=\"single\" value=\"http:\/\/\"\/><\/li><li id=\"li--5\" class=\"\"><label for=\"cf_field_5\"><span>Message<\/span><\/label><textarea cols=\"30\" rows=\"8\" name=\"cf_field_5\" id=\"cf_field_5\" class=\"area\"><\/textarea><\/li><\/ol><\/fieldset><fieldset class=\"cf_hidden\"><legend>&nbsp;<\/legend><input type=\"hidden\" name=\"cf_working\" id=\"cf_working\" value=\"<span>un%20moment%20svp...<\/span>\"\/><input type=\"hidden\" name=\"cf_failure\" id=\"cf_failure\" value=\"<span>Veuillez%20remplir%20tous%20les%20champs%20obligatoires<\/span>\"\/><input type=\"hidden\" name=\"cf_codeerr\" id=\"cf_codeerr\" value=\"<span>Please%20double-check%20your%20verification%20code.<\/span>\"\/><input type=\"hidden\" name=\"cf_customerr\" id=\"cf_customerr\" value=\"yyy\"\/><input type=\"hidden\" name=\"cf_popup\" id=\"cf_popup\" value=\"nn\"\/><\/fieldset><p class=\"cf-sb\"><input type=\"submit\" name=\"sendbutton\" id=\"sendbutton\" class=\"sendbutton\" value=\"Envoyer\" onclick=\"return cforms_validate('', false)\"\/><\/p><\/form>\n","protected":false},"excerpt":{"rendered":"<p>WordPress, conception de sites Internet Le Nomade.Com d\u00e9veloppe ses sites Web avec WordPress, le CMS de d\u00e9veloppement tr\u00e8s populaire sur<\/p>\n","protected":false},"author":1,"featured_media":0,"parent":216,"menu_order":0,"comment_status":"closed","ping_status":"closed","template":"","meta":{"footnotes":""},"_links":{"self":[{"href":"https:\/\/le-nomade.com\/nomade\/wp-json\/wp\/v2\/pages\/588"}],"collection":[{"href":"https:\/\/le-nomade.com\/nomade\/wp-json\/wp\/v2\/pages"}],"about":[{"href":"https:\/\/le-nomade.com\/nomade\/wp-json\/wp\/v2\/types\/page"}],"author":[{"embeddable":true,"href":"https:\/\/le-nomade.com\/nomade\/wp-json\/wp\/v2\/users\/1"}],"replies":[{"embeddable":true,"href":"https:\/\/le-nomade.com\/nomade\/wp-json\/wp\/v2\/comments?post=588"}],"version-history":[{"count":17,"href":"https:\/\/le-nomade.com\/nomade\/wp-json\/wp\/v2\/pages\/588\/revisions"}],"predecessor-version":[{"id":1369,"href":"https:\/\/le-nomade.com\/nomade\/wp-json\/wp\/v2\/pages\/588\/revisions\/1369"}],"up":[{"embeddable":true,"href":"https:\/\/le-nomade.com\/nomade\/wp-json\/wp\/v2\/pages\/216"}],"wp:attachment":[{"href":"https:\/\/le-nomade.com\/nomade\/wp-json\/wp\/v2\/media?parent=588"}],"curies":[{"name":"wp","href":"https:\/\/api.w.org\/{rel}","templated":true}]}}