{"id":631,"date":"2015-03-12T19:57:00","date_gmt":"2015-03-12T19:57:00","guid":{"rendered":"http:\/\/le-nomade.com\/nomade\/?page_id=631"},"modified":"2015-06-13T15:51:52","modified_gmt":"2015-06-13T15:51:52","slug":"forfait-wordpress","status":"publish","type":"page","link":"https:\/\/le-nomade.com\/nomade\/forfait-wordpress\/","title":{"rendered":"Forfait WordPress"},"content":{"rendered":"<h2>Le Nomade.Com vous propose 3 forfaits WordPress (CMS).<\/h2>\n<p>&nbsp;<\/p>\n<div style=\"float: left;width: 25%;background-color: #f0dfc7;margin-right: 5px;margin-left: 5px;padding: 15px 15px\">\n<h5 style=\"background-color: #ffffff;margin-right: 5px;margin-left: 5px;padding: 5px 5px\">Forfait travailleur autonome<\/h5>\n<p>&nbsp;<\/p>\n<ul>\n<li>Installation de la plateforme WordPress sur notre h\u00e9bergeur.<\/li>\n<li>Installation d\u2019un formulaire de contact.<\/li>\n<li>Configuration de 3 pages maximum, Contact, Description de services ou produits et autres.<\/li>\n<li>Document de formation de base pour la gestion du site<\/li>\n<\/ul>\n<p><strong>Choix du th\u00e8me utilis\u00e9 :\u00a0<\/strong><\/p>\n<p>Choisissez parmi la liste des <a href=\"http:\/\/wordpress.org\/extend\/themes\/browse\/popular\/\" target=\"_blank\">th\u00e8mes gratuits<\/a> WordPress<\/p>\n<p>Ou<\/p>\n<p>l\u2019installation d\u2019un th\u00e8me payant et\u00a0fourni par le client.<\/p>\n<p>&nbsp;<\/p>\n<h6 style=\"background-color: #ffffff;margin-right: 5px;margin-left: 5px;padding: 5px 5px\">Tarif<br \/>\n299$ CAD payable en une fois.<\/h6>\n<h5 style=\"background-color: #000000;text-align: center;color: #ffffff;margin-right: 5px;margin-left: 5px;padding: 5px 5px\"><a style=\"color: #ffffff\" href=\"#com\">Commandez<\/a><\/h5>\n<\/div>\n<div style=\"float: left;width: 25%;background-color: #f0dfc7;margin-right: 5px;margin-left: 5px;padding: 15px 15px\">\n<h5 style=\"background-color: #ffffff;margin-right: 5px;margin-left: 5px;padding: 5px 5px\">Forfait entreprise<\/h5>\n<p>&nbsp;<\/p>\n<ul>\n<li>Installation de la plateforme WordPress sur notre h\u00e9bergeur.<\/li>\n<li>Installation d\u2019un formulaire de contact.<\/li>\n<li>Configuration jusqu&rsquo;\u00e0 15 pages, Contact, Description de services ou produits.<\/li>\n<li>Formation de base pour la gestion du site<\/li>\n<\/ul>\n<p><strong>Choix du th\u00e8me utilis\u00e9 :\u00a0<\/strong><\/p>\n<p>Choisissez parmi la liste des <a href=\"http:\/\/wordpress.org\/extend\/themes\/browse\/popular\/\" target=\"_blank\">th\u00e8mes gratuits<\/a> WordPress<\/p>\n<p>Ou<\/p>\n<p>l\u2019installation d\u2019un th\u00e8me payant et\u00a0fourni par le client.<\/p>\n<p>&nbsp;<\/p>\n<h6 style=\"background-color: #ffffff;margin-right: 5px;margin-left: 5px;padding: 5px 5px\">Tarif\u00a01499$ CAD, 50% \u00e0 l&rsquo;acception du contrat et 50% \u00e0 la livraison.<\/h6>\n<h5 style=\"background-color: #000000;text-align: center;color: #ffffff;margin-right: 5px;margin-left: 5px;padding: 5px 5px\"><a style=\"color: #ffffff\" href=\"#com\">Commandez<\/a><\/h5>\n<\/div>\n<div style=\"float: left;width: 25%;background-color: #f0dfc7;margin-right: 5px;margin-left: 5px;padding: 15px 15px\">\n<h5 style=\"background-color: #ffffff;margin-right: 5px;margin-left: 5px;padding: 5px 5px\">Forfait sur demande<\/h5>\n<p>&nbsp;<\/p>\n<ul>\n<li>Installation de la plateforme WordPress sur votre h\u00e9bergeur ou le n\u00f4tre.<\/li>\n<li>Installation d\u2019un formulaire de contact.<\/li>\n<li>Configuration de multiples\u00a0pages.<\/li>\n<li>Formation compl\u00e8te\u00a0pour la gestion du site<\/li>\n<\/ul>\n<p><strong>Choix du th\u00e8me utilis\u00e9 :\u00a0<\/strong><\/p>\n<p>Choisissez parmi la liste des <a href=\"http:\/\/wordpress.org\/extend\/themes\/browse\/popular\/\" target=\"_blank\">th\u00e8mes gratuits<\/a> WordPress<\/p>\n<p>Ou<\/p>\n<p>la cr\u00e9ation\/utilisation d\u2019un th\u00e8me payant, fourni ou non par le client.<\/p>\n<p>&nbsp;<\/p>\n<h6 style=\"background-color: #ffffff;margin-right: 5px;margin-left: 5px;padding: 5px 5px\">Tarif\u00a0Sur demande et selon les besoins, Dollar\u00a0CAD.<\/h6>\n<h5 style=\"background-color: #000000;text-align: center;color: #ffffff;margin-right: 5px;margin-left: 5px;padding: 5px 5px\"><a style=\"color: #ffffff\" href=\"#com\">Commandez<\/a><\/h5>\n<\/div>\n<p>&nbsp;<\/p>\n<div style=\"float: left;width: 100%;background-color: #ffffff;margin-right: 10px;margin-left: 10px\">\n<p><strong>Information suppl\u00e9mentaire pour les forfaits WordPress :<\/strong><\/p>\n<ul>\n<li>Service d\u2019h\u00e9bergement selon le tarif en vigueur au co\u00fbt de $99 CAD\/ann\u00e9e), ou bien vous pouvez\u00a0transf\u00e9rer votre site sur le serveur de votre choix (service de transfert non-inclus).<\/li>\n<li>Le <strong>forfait Travailleur autonome<\/strong> comprend un total de 3 heures de travail effectu\u00e9e par un sp\u00e9cialiste WordPress.<\/li>\n<li>Le <strong>forfait Entreprise<\/strong> comprend un total de 15\u00a0heures de travail effectu\u00e9e par un sp\u00e9cialiste WordPress.<\/li>\n<li>Il est possible d\u2019acheter des banques d\u2019heures pour obtenir les services\u00a0de notre sp\u00e9cialiste WordPress (selon vos besoins) et de personnaliser votre site web en s\u00e9lectionnant les options \u00e9num\u00e9r\u00e9es plus bas.<\/li>\n<\/ul>\n<p><strong>Options suppl\u00e9mentaires : (taux horaire de $59\/h.)<\/strong><\/p>\n<ul>\n<li>Service d&rsquo;\u00e9dimestre et\/ou webmestre (webmaster)<\/li>\n<li>Personnalisation du th\u00e8me<\/li>\n<li>Graphisme\/logo\/PhotoShop<\/li>\n<li>Formation et aide WordPress<\/li>\n<\/ul>\n<p>R\u00e9servation d\u2019un nom de domaine possible et sur demande.<br \/>\n<a name=\"com\"><\/a><\/p>\n<h5 style=\"background-color: #000000;color: #ffffff;margin-right: 5px;margin-left: 5px;padding: 5px 5px\">Commandez votre forfait avec notre formulaire<\/h5>\n<div id=\"usermessagea\" class=\"cf_info \"><\/div><form enctype=\"multipart\/form-data\" action=\"\/nomade\/wp-json\/wp\/v2\/pages\/631#usermessagea\" method=\"post\" class=\"cform contact \" id=\"cformsform\"><fieldset class=\"cf-fs1\"><legend>Contactez-nous<\/legend><ol class=\"cf-ol\"><li id=\"li--2\" class=\"\"><label for=\"cf_field_2\"><span>Votre nom<\/span><\/label><input type=\"text\" name=\"cf_field_2\" id=\"cf_field_2\" class=\"single fldrequired\" value=\"\" onfocus=\"clearField(this)\" onblur=\"setField(this)\"\/><span class=\"reqtxt\">(requis)<\/span><\/li><li id=\"li--3\" class=\"\"><label for=\"cf_field_3\"><span>Courriel<\/span><\/label><input type=\"text\" name=\"cf_field_3\" id=\"cf_field_3\" class=\"single fldemail fldrequired\" value=\"\"\/><span class=\"emailreqtxt\">(courriel valide requis)<\/span><\/li><li id=\"li--4\" class=\"\"><label for=\"cf_field_4\"><span>Website<\/span><\/label><input type=\"text\" name=\"cf_field_4\" id=\"cf_field_4\" class=\"single\" value=\"http:\/\/\"\/><\/li><li id=\"li--5\" class=\"\"><label for=\"cf_field_5\"><span>Message<\/span><\/label><textarea cols=\"30\" rows=\"8\" name=\"cf_field_5\" id=\"cf_field_5\" class=\"area\"><\/textarea><\/li><\/ol><\/fieldset><fieldset class=\"cf_hidden\"><legend>&nbsp;<\/legend><input type=\"hidden\" name=\"cf_working\" id=\"cf_working\" value=\"<span>un%20moment%20svp...<\/span>\"\/><input type=\"hidden\" name=\"cf_failure\" id=\"cf_failure\" value=\"<span>Veuillez%20remplir%20tous%20les%20champs%20obligatoires<\/span>\"\/><input type=\"hidden\" name=\"cf_codeerr\" id=\"cf_codeerr\" value=\"<span>Please%20double-check%20your%20verification%20code.<\/span>\"\/><input type=\"hidden\" name=\"cf_customerr\" id=\"cf_customerr\" value=\"yyy\"\/><input type=\"hidden\" name=\"cf_popup\" id=\"cf_popup\" value=\"nn\"\/><\/fieldset><p class=\"cf-sb\"><input type=\"submit\" name=\"sendbutton\" id=\"sendbutton\" class=\"sendbutton\" value=\"Envoyer\" onclick=\"return cforms_validate('', false)\"\/><\/p><\/form>\n<\/div>\n","protected":false},"excerpt":{"rendered":"<p>Le Nomade.Com vous propose 3 forfaits WordPress (CMS). &nbsp; Forfait travailleur autonome &nbsp; Installation de la plateforme WordPress sur notre<\/p>\n","protected":false},"author":1,"featured_media":0,"parent":0,"menu_order":0,"comment_status":"closed","ping_status":"closed","template":"template-fullwidth.php","meta":{"footnotes":""},"_links":{"self":[{"href":"https:\/\/le-nomade.com\/nomade\/wp-json\/wp\/v2\/pages\/631"}],"collection":[{"href":"https:\/\/le-nomade.com\/nomade\/wp-json\/wp\/v2\/pages"}],"about":[{"href":"https:\/\/le-nomade.com\/nomade\/wp-json\/wp\/v2\/types\/page"}],"author":[{"embeddable":true,"href":"https:\/\/le-nomade.com\/nomade\/wp-json\/wp\/v2\/users\/1"}],"replies":[{"embeddable":true,"href":"https:\/\/le-nomade.com\/nomade\/wp-json\/wp\/v2\/comments?post=631"}],"version-history":[{"count":72,"href":"https:\/\/le-nomade.com\/nomade\/wp-json\/wp\/v2\/pages\/631\/revisions"}],"predecessor-version":[{"id":1278,"href":"https:\/\/le-nomade.com\/nomade\/wp-json\/wp\/v2\/pages\/631\/revisions\/1278"}],"wp:attachment":[{"href":"https:\/\/le-nomade.com\/nomade\/wp-json\/wp\/v2\/media?parent=631"}],"curies":[{"name":"wp","href":"https:\/\/api.w.org\/{rel}","templated":true}]}}