{"id":909,"date":"2015-04-08T15:14:09","date_gmt":"2015-04-08T15:14:09","guid":{"rendered":"http:\/\/le-nomade.com\/nomade\/?page_id=909"},"modified":"2015-08-22T15:05:54","modified_gmt":"2015-08-22T15:05:54","slug":"ville-de-calgary","status":"publish","type":"page","link":"https:\/\/le-nomade.com\/nomade\/photographie-au-canada\/500px\/ville-de-calgary\/","title":{"rendered":"Ville de Calgary"},"content":{"rendered":"<h2>Que photographier \u00e0 Calgary ?<\/h2>\n<p>Voici quelques endroits \u00e0 Calgary en Alberta au Canada que j&rsquo;aime beaucoup photographier. Il existe une architecture typiquement nord-am\u00e9ricaine avec ses <em>buildings<\/em> mais aussi de rares vestiges de la colonisation de cette province. Le village historique <a title=\"Heritage park\" href=\"http:\/\/www.heritagepark.ca\" target=\"_blank\">Heritage park<\/a> est un des tr\u00e8s beaux mus\u00e9es au Canada et il est possible d&rsquo;y faire de belles photographies.<\/p>\n<p><a href=\"https:\/\/500px.com\/\/lenomadecom\/sets\/calgary\" target=\"_blank\">http:\/\/500px.com\/lenomadecom<\/a><\/p>\n<p><a title=\"Images de Calgary sur 500px\" href=\"https:\/\/500px.com\/\/lenomadecom\/sets\/calgary\" target=\"_blank\"><img loading=\"lazy\" decoding=\"async\" class=\"alignleft size-full wp-image-1540\" src=\"http:\/\/le-nomade.com\/nomade\/wp-content\/uploads\/2015\/04\/Capture-d\u2019\u00e9cran-2015-08-22-\u00e0-11.03.42.png\" alt=\"Capture d\u2019\u00e9cran 2015-08-22 \u00e0 11.03.42\" width=\"699\" height=\"521\" srcset=\"https:\/\/le-nomade.com\/nomade\/wp-content\/uploads\/2015\/04\/Capture-d\u2019\u00e9cran-2015-08-22-\u00e0-11.03.42.png 699w, https:\/\/le-nomade.com\/nomade\/wp-content\/uploads\/2015\/04\/Capture-d\u2019\u00e9cran-2015-08-22-\u00e0-11.03.42-300x224.png 300w\" sizes=\"(max-width: 699px) 100vw, 699px\" \/><\/a><\/p>\n<table border=\"0\" width=\"470\" cellspacing=\"0\" cellpadding=\"0\">\n<tbody>\n<tr>\n<td width=\"29\"><img loading=\"lazy\" decoding=\"async\" src=\"http:\/\/www.tourismealberta.ca\/images\/transparent.gif\" alt=\"\" width=\"29\" height=\"10\" \/><\/td>\n<td align=\"left\" width=\"412\">Voici quelques faits sur la ville de Calgary tir\u00e9 du site de <a title=\"Ville de Calgary\" href=\"http:\/\/www.tourismealberta.ca\/villes\/calgary.php\" target=\"_blank\">l&rsquo;Office du tourisme<\/a>.<strong><span class=\"soustitreSud\">Calgary<\/span><\/strong><br \/>\n<span class=\"smallerTexte\">(pop. 1 120 225)<\/span><\/p>\n<blockquote>\n<p class=\"textecourant\">Situ\u00e9e pr\u00e8s du site probable du Fort de La Jonqui\u00e8re (1754), Calgary \u00e9tait auparavant connue sous les noms Fort-Brisebois puis Fort-Calgary. Ephrem Brisebois \u00e9tait un officier de la nouvelle police \u00e0 cheval qui fut en poste \u00e0 cet endroit en 1875. Il fut le premier \u00e0 s\u2019inqui\u00e9ter de la disparition rapide du bison et de son impact sur les populations autochtones. Cette ville occupe \u00e9galement le territoire de plusieurs anciennes communaut\u00e9s telle Rouleauville, dont le point central est l\u2019intersection de la 1<sup>re<\/sup> Rue et de la 17<sup>e<\/sup>Avenue, tout pr\u00e8s de la cath\u00e9drale St.Mary\u2019s. L\u2019origine de Rouleauville vient de Charles et Edouard Rouleau de l\u2019\u00eele Verte, dans la r\u00e9gion du Bas-St-Laurent au Qu\u00e9bec. Ces deux fr\u00e8res, l\u2019un juge et l\u2019autre m\u00e9decin, s\u2019y \u00e9tablirent vers les ann\u00e9es 1890 mais, d\u00e8s 1870, il existait une mission tenue par les P\u00e8res Oblats desservant les m\u00e9tis francophones des environs. Jusqu\u2019\u00e0 500 francophones habit\u00e8rent ce secteur vers 1900. Aujourd\u2019hui, la ville de Calgary tente de redonner \u00e0 ce quartier, annex\u00e9 en 1907, son identit\u00e9 francophone, mais la francophonie est pr\u00e9sente dans tous les coins de cette grande ville moderne.<\/p>\n<\/blockquote>\n<p class=\"smallerTexte\">\n<\/td>\n<\/tr>\n<\/tbody>\n<\/table>\n","protected":false},"excerpt":{"rendered":"<p>Que photographier \u00e0 Calgary ? Voici quelques endroits \u00e0 Calgary en Alberta au Canada que j&rsquo;aime beaucoup photographier. Il existe<\/p>\n","protected":false},"author":1,"featured_media":0,"parent":260,"menu_order":0,"comment_status":"closed","ping_status":"open","template":"","meta":{"footnotes":""},"_links":{"self":[{"href":"https:\/\/le-nomade.com\/nomade\/wp-json\/wp\/v2\/pages\/909"}],"collection":[{"href":"https:\/\/le-nomade.com\/nomade\/wp-json\/wp\/v2\/pages"}],"about":[{"href":"https:\/\/le-nomade.com\/nomade\/wp-json\/wp\/v2\/types\/page"}],"author":[{"embeddable":true,"href":"https:\/\/le-nomade.com\/nomade\/wp-json\/wp\/v2\/users\/1"}],"replies":[{"embeddable":true,"href":"https:\/\/le-nomade.com\/nomade\/wp-json\/wp\/v2\/comments?post=909"}],"version-history":[{"count":7,"href":"https:\/\/le-nomade.com\/nomade\/wp-json\/wp\/v2\/pages\/909\/revisions"}],"predecessor-version":[{"id":1541,"href":"https:\/\/le-nomade.com\/nomade\/wp-json\/wp\/v2\/pages\/909\/revisions\/1541"}],"up":[{"embeddable":true,"href":"https:\/\/le-nomade.com\/nomade\/wp-json\/wp\/v2\/pages\/260"}],"wp:attachment":[{"href":"https:\/\/le-nomade.com\/nomade\/wp-json\/wp\/v2\/media?parent=909"}],"curies":[{"name":"wp","href":"https:\/\/api.w.org\/{rel}","templated":true}]}}