{"id":984,"date":"2015-04-17T20:29:08","date_gmt":"2015-04-17T20:29:08","guid":{"rendered":"http:\/\/le-nomade.com\/nomade\/?page_id=984"},"modified":"2021-09-03T02:17:30","modified_gmt":"2021-09-03T02:17:30","slug":"forfait-referencement-seo","status":"publish","type":"page","link":"https:\/\/le-nomade.com\/nomade\/forfait-referencement-seo\/","title":{"rendered":"Forfait r\u00e9f\u00e9rencement SEO"},"content":{"rendered":"<p><a href=\"http:\/\/le-nomade.com\/nomade\/wp-content\/uploads\/2015\/04\/Fotolia_64972002_XS.jpg\"><img loading=\"lazy\" decoding=\"async\" class=\"alignleft size-thumbnail wp-image-1075\" src=\"http:\/\/le-nomade.com\/nomade\/wp-content\/uploads\/2015\/04\/Fotolia_64972002_XS-150x150.jpg\" alt=\"SEO design\" width=\"150\" height=\"150\" srcset=\"https:\/\/le-nomade.com\/nomade\/wp-content\/uploads\/2015\/04\/Fotolia_64972002_XS-150x150.jpg 150w, https:\/\/le-nomade.com\/nomade\/wp-content\/uploads\/2015\/04\/Fotolia_64972002_XS-225x225.jpg 225w, https:\/\/le-nomade.com\/nomade\/wp-content\/uploads\/2015\/04\/Fotolia_64972002_XS-60x60.jpg 60w\" sizes=\"(max-width: 150px) 100vw, 150px\" \/><\/a><\/p>\n<h2>Le Nomade.Com vous propose ses diff\u00e9rents forfaits de r\u00e9f\u00e9rencement de sites Internet.<\/h2>\n<div>\n<h4 style=\"background-color: #ffffff; margin-right: 5px; margin-left: 5px; padding: 5px 5px;\">A &#8211; Banque d\u2019heures &#8211; r\u00e9f\u00e9rencement de base<\/h4>\n<ul>\n<li><strong>12h\/mois, soit en moyenne 3h\/semaine.<\/strong><\/li>\n<li><strong>20h\/mois, soit en moyenne 10h\/semaine.<\/strong><\/li>\n<\/ul>\n<p>Comprend :<\/p>\n<ul>\n<li>Audit du site web et d\u00e9finition des cibles \u00e0 atteindre en termes de r\u00e9f\u00e9rencement dans Google.<\/li>\n<li>Suivi des mots et\/ou phrases-cl\u00e9s.<\/li>\n<li>Am\u00e9lioration des pages Web en fonction des cibles pr\u00e9vues.<\/li>\n<\/ul>\n<h6 style=\"background-color: #ffffff; margin-right: 5px; margin-left: 5px; padding: 5px 5px;\">Tarif\u00a0sur demande<\/h6>\n<h5 style=\"background-color: #000000; text-align: center; color: #ffffff; margin-right: 5px; margin-left: 5px; padding: 5px 5px;\"><a style=\"color: #ffffff;\" href=\"#com\">Commander<\/a><\/h5>\n<\/div>\n<p>&nbsp;<\/p>\n<div>\n<h4 style=\"background-color: #ffffff; margin-right: 5px; margin-left: 5px; padding: 5px 5px;\">B &#8211; Banque d\u2019heures &#8211; \u00a0r\u00e9f\u00e9rencement\u00a0Extra<\/h4>\n<ul>\n<li><strong>12h\/mois, soit en moyenne 3h\/semaine.<\/strong><\/li>\n<li><strong>20h\/mois, soit en moyenne 10h\/semaine.<\/strong><\/li>\n<\/ul>\n<p>Comprend en plus du forfait A :<\/p>\n<ul>\n<li>\u00c9criture\/r\u00e9daction de nouvelles pages ou articles<\/li>\n<li>Cr\u00e9ation de <em>landing page<\/em><\/li>\n<\/ul>\n<h6 style=\"background-color: #ffffff; margin-right: 5px; margin-left: 5px; padding: 5px 5px;\">Tarif\u00a0sur demande<\/h6>\n<h5 style=\"background-color: #000000; text-align: center; color: #ffffff; margin-right: 5px; margin-left: 5px; padding: 5px 5px;\"><a style=\"color: #ffffff;\" href=\"#com\">Commander<\/a><\/h5>\n<\/div>\n<p>&nbsp;<\/p>\n<div>\n<h4 style=\"background-color: #ffffff; margin-right: 5px; margin-left: 5px; padding: 5px 5px;\">C &#8211; Banque d\u2019heures &#8211; r\u00e9f\u00e9rencement + r\u00e9seaux sociaux<\/h4>\n<ul>\n<li><strong>20h\/mois, soit en moyenne 5h\/semaine.<\/strong><\/li>\n<li><strong>32h\/mois, soit en moyenne 8h\/semaine.<\/strong><\/li>\n<\/ul>\n<p>Comprend en plus du forfait A et B:<\/p>\n<ul>\n<li>Cr\u00e9ation de comptes de r\u00e9seaux sociaux<\/li>\n<li>Gestion des comptes et publications des articles ou nouvelles pages du site Web du client<\/li>\n<li>Recherche et ajouts de nouveaux <em>followers<\/em> dans les diff\u00e9rents r\u00e9seaux sociaux<\/li>\n<\/ul>\n<h6 style=\"background-color: #ffffff; margin-right: 5px; margin-left: 5px; padding: 5px 5px;\">Tarif\u00a0sur demande<\/h6>\n<h5 style=\"background-color: #000000; text-align: center; color: #ffffff; margin-right: 5px; margin-left: 5px; padding: 5px 5px;\"><a style=\"color: #ffffff;\" href=\"#com\">Commander<\/a><\/h5>\n<\/div>\n<p>&nbsp;<\/p>\n<div>\n<h4 style=\"background-color: #ffffff; margin-right: 5px; margin-left: 5px; padding: 5px 5px;\">D &#8211; Banque d\u2019heures &#8211; gestion de publicit\u00e9s Adwords ou Facebook<\/h4>\n<ul>\n<li><strong>4h\/mois, soit en moyenne 1h\/semaine.<\/strong><\/li>\n<li><strong>8h\/mois, soit en moyenne 2h\/semaine.<\/strong><\/li>\n<\/ul>\n<p>Comprend :<\/p>\n<ul>\n<li>Cr\u00e9ation graphique des publicit\u00e9s.<\/li>\n<li>D\u00e9finition des mots-cl\u00e9s et ciblage des publicit\u00e9s.<\/li>\n<\/ul>\n<p>Ne comprend pas :<\/p>\n<ul>\n<li>Budget de publicit\u00e9 \u00e0 d\u00e9finir avec le client et pay\u00e9 directement via son compte Google Adwords.<\/li>\n<\/ul>\n<h6 style=\"background-color: #ffffff; margin-right: 5px; margin-left: 5px; padding: 5px 5px;\">Tarif\u00a0sur demande<\/h6>\n<h5 style=\"background-color: #000000; text-align: center; color: #ffffff; margin-right: 5px; margin-left: 5px; padding: 5px 5px;\"><a style=\"color: #ffffff;\" href=\"#com\">Commander<\/a><\/h5>\n<\/div>\n<p>&nbsp;<\/p>\n<div style=\"float: left; width: 100%; background-color: #ffffff; margin-right: 10px; margin-left: 10px;\">\n<p><strong>Options suppl\u00e9mentaires : (taux horaire de $59\/h.)<\/strong><\/p>\n<ul>\n<li>Service d&rsquo;\u00e9dimestre et\/ou webmestre (webmaster)<\/li>\n<li>Coaching<\/li>\n<li>Graphisme \/ logo \/ PhotoShop<\/li>\n<\/ul>\n<p>En savoir plus <a title=\"R\u00e9f\u00e9rencement SEO\" href=\"http:\/\/le-nomade.com\/nomade\/site-internet\/referencement-seo\/\">sur le r\u00e9f\u00e9rencement de sites Internet<\/a>.<br \/>\n<a name=\"com\"><\/a><\/p>\n<h5 style=\"background-color: #000000; color: #ffffff; margin-right: 5px; margin-left: 5px; padding: 5px 5px;\">Commandez votre forfait de formation avec notre formulaire<\/h5>\n<div id=\"usermessage4a\" class=\"cf_info \"><\/div><form enctype=\"multipart\/form-data\" action=\"\/nomade\/wp-json\/wp\/v2\/pages\/984#usermessage4a\" method=\"post\" class=\"cform forfait-seo \" id=\"cforms4form\"><fieldset class=\"cf-fs1\"><legend>Ma section<\/legend><ol class=\"cf-ol\"><li id=\"li-4-2\" class=\"\"><label for=\"cf4_field_2\"><span>Votre nom<\/span><\/label><input type=\"text\" name=\"cf4_field_2\" id=\"cf4_field_2\" class=\"single fldrequired\" value=\"Votre nom\" onfocus=\"clearField(this)\" onblur=\"setField(this)\"\/><span class=\"reqtxt\">(obligatoire)<\/span><\/li><li id=\"li-4-3\" class=\"\"><label for=\"cf4_field_3\"><span>Email<\/span><\/label><input type=\"text\" name=\"cf4_field_3\" id=\"cf4_field_3\" class=\"single fldemail fldrequired\" value=\"\"\/><span class=\"emailreqtxt\">(email valide obligatoire)<\/span><\/li><li id=\"li-4-4\" class=\"\"><label for=\"cf4_field_4\"><span>Site Web<\/span><\/label><input type=\"text\" name=\"cf4_field_4\" id=\"cf4_field_4\" class=\"single\" value=\"http:\/\/\"\/><\/li><li id=\"li-4-5\" class=\"\"><label for=\"cf4_field_5\"><span>Texte<\/span><\/label><textarea cols=\"30\" rows=\"8\" name=\"cf4_field_5\" id=\"cf4_field_5\" class=\"area\"><\/textarea><\/li><\/ol><\/fieldset><fieldset class=\"cf_hidden\"><legend>&nbsp;<\/legend><input type=\"hidden\" name=\"cf_working4\" id=\"cf_working4\" value=\"<span>Veuillez%20patienter...<\/span>\"\/><input type=\"hidden\" name=\"cf_failure4\" id=\"cf_failure4\" value=\"<span>Veuillez%20compl%C3%A9ter%20tous%20les%20champs%20obligatoires.<\/span>\"\/><input type=\"hidden\" name=\"cf_codeerr4\" id=\"cf_codeerr4\" value=\"<span>Please%20double-check%20your%20verification%20code.<\/span>\"\/><input type=\"hidden\" name=\"cf_customerr4\" id=\"cf_customerr4\" value=\"yyy\"\/><input type=\"hidden\" name=\"cf_popup4\" id=\"cf_popup4\" value=\"nn\"\/><\/fieldset><p class=\"cf-sb\"><input type=\"submit\" name=\"sendbutton4\" id=\"sendbutton4\" class=\"sendbutton\" value=\"Envoyer\" onclick=\"return cforms_validate('4', false)\"\/><\/p><\/form>\n<h2>Votre SEO cl\u00e9 en main avec une agence de r\u00e9f\u00e9rencement naturel<\/h2>\n<p>Pour mener \u00e0 bien une politique SEO qui porte ses fruits, il ne faut pas h\u00e9siter \u00e0 miser sur un sp\u00e9cialiste. <a href=\"https:\/\/www.doko.fr\/seo\/\">Une agence SEO experte en r\u00e9f\u00e9rencement sur Lyon<\/a> travaille sur des projets depuis de nombreuses ann\u00e9es. Elle m\u00e8ne des audits d\u00e9taill\u00e9s sur les sites web, propose une nouvelle politique de SEO qui permet de positionner le site web en premi\u00e8re page. C&rsquo;est l&rsquo;agence Doko.<\/p>\n<p>En outre, avec toute son \u00e9quipe, cette agence de r\u00e9f\u00e9rencement SEO sur Lyon accompagne les clients dans leur politique de r\u00e9f\u00e9rencement naturel. En effet, il faut savoir que ce prestataire met son exp\u00e9rience dans chaque projet SEO pour aider les clients \u00e0 progresser sur les pages Google. Il faut comprendre que le SEO demande une expertise de longue haleine et du temps pour avoir des r\u00e9sultats.<\/p>\n<p>En ayant fait le choix d&rsquo;une agence SEO \u00e0 Lyon, c&rsquo;est une bonne id\u00e9e. Le client poss\u00e8de un prestataire SEO qui lui donne tous les outils et transforme la politique de r\u00e9f\u00e9rencement naturel pour gagner des positions sur google. Gr\u00e2ce \u00e0 son exp\u00e9rience, l&rsquo;agence Doko permet de gagner en notori\u00e9t\u00e9 avec des backlinks ou du netlinking. Sans oublier de renforcer les mots cl\u00e9s du site web avec des outils bien connus des agences SEO.<\/p>\n<\/div>\n","protected":false},"excerpt":{"rendered":"<p>Le Nomade.Com vous propose ses diff\u00e9rents forfaits de r\u00e9f\u00e9rencement de sites Internet. A &#8211; Banque d\u2019heures &#8211; r\u00e9f\u00e9rencement de base<\/p>\n","protected":false},"author":1,"featured_media":0,"parent":0,"menu_order":0,"comment_status":"closed","ping_status":"open","template":"","meta":{"footnotes":""},"_links":{"self":[{"href":"https:\/\/le-nomade.com\/nomade\/wp-json\/wp\/v2\/pages\/984"}],"collection":[{"href":"https:\/\/le-nomade.com\/nomade\/wp-json\/wp\/v2\/pages"}],"about":[{"href":"https:\/\/le-nomade.com\/nomade\/wp-json\/wp\/v2\/types\/page"}],"author":[{"embeddable":true,"href":"https:\/\/le-nomade.com\/nomade\/wp-json\/wp\/v2\/users\/1"}],"replies":[{"embeddable":true,"href":"https:\/\/le-nomade.com\/nomade\/wp-json\/wp\/v2\/comments?post=984"}],"version-history":[{"count":30,"href":"https:\/\/le-nomade.com\/nomade\/wp-json\/wp\/v2\/pages\/984\/revisions"}],"predecessor-version":[{"id":2232,"href":"https:\/\/le-nomade.com\/nomade\/wp-json\/wp\/v2\/pages\/984\/revisions\/2232"}],"wp:attachment":[{"href":"https:\/\/le-nomade.com\/nomade\/wp-json\/wp\/v2\/media?parent=984"}],"curies":[{"name":"wp","href":"https:\/\/api.w.org\/{rel}","templated":true}]}}